{"id":7036,"date":"2023-05-12T20:56:46","date_gmt":"2023-05-12T18:56:46","guid":{"rendered":"https:\/\/triangle-des-bermudes.com\/product\/braided-leather-belt-bordeaux-fr\/"},"modified":"2026-05-06T18:39:39","modified_gmt":"2026-05-06T16:39:39","slug":"ceinture-cuir-tresse-bordeaux","status":"publish","type":"product","link":"https:\/\/dev.triangle-des-bermudes.com\/fr\/produit\/ceinture-cuir-tresse-bordeaux\/","title":{"rendered":"Ceinture en Cuir Tress\u00e9 Bordeaux"},"content":{"rendered":"<p>D\u00e9couvrez notre ceinture en cuir tress\u00e9 pour homme, o\u00f9 se rencontrent style et originalit\u00e9. Cette ceinture a \u00e9t\u00e9 con\u00e7ue pour offrir une touche unique \u00e0 vos tenues tout en assurant un maintien optimal. Le tressage en cuir apporte une texture distinctive et \u00e9l\u00e9gante.<\/p>\n<p>Sa mati\u00e8re est tr\u00e8s confortable et peut \u00eatre port\u00e9e dans de nombreuses circonstances : Tenues d\u00e9contract\u00e9es \u2013 Sorties en ville \u2013 Voyages \u2013 \u00c9v\u00e9nements estivaux et plus encore.<\/p>\n<p>Portez cette ceinture avec un pantalon chino ou un jean pour un look d\u00e9contract\u00e9 et styl\u00e9. Vous pouvez \u00e9galement l\u2019assortir \u00e0 diverses couleurs pour un style plus personnalis\u00e9.<\/p>\n<p><\/p>\n<h3>Style et Originalit\u00e9<\/h3>\n<p><\/p>\n<p>La boucle ajustable assure \u00e9galement un confort optimal pour diff\u00e9rentes tailles. De plus, cette ceinture est durable et facile \u00e0 entretenir, ce qui en fait un investissement durable dans votre garde-robe. Son m\u00e9lange de style, de confort et d\u2019originalit\u00e9 en fait un choix incontournable pour une tenue d\u00e9contract\u00e9e et tendance.<\/p>\n","protected":false},"excerpt":{"rendered":"<p>Ceinture en Cuir Tress\u00e9 Bordeaux<\/p>\n","protected":false},"featured_media":12224,"template":"","meta":{"_acf_changed":false},"product_brand":[],"product_cat":[634,403,411],"product_tag":[],"class_list":{"0":"post-7036","1":"product","2":"type-product","3":"status-publish","4":"has-post-thumbnail","6":"product_cat-la-collection-accessoires","7":"product_cat-ceintures","8":"product_cat-ceintures-cuir-tresse","9":"pa_color-leather-bordeaux","10":"pa_global-colors-bordeaux","11":"pa_size-belt-100-fr","12":"pa_size-belt-105-fr","13":"pa_size-belt-110-fr","14":"pa_size-belt-115-fr","15":"pa_size-belt-120-fr","16":"pa_size-belt-125-fr","17":"pa_size-belt-130-fr","18":"pa_size-belt-135-fr","19":"pa_size-belt-140-fr","21":"first","22":"instock","23":"shipping-taxable","24":"purchasable","25":"product-type-variable","26":"has-default-attributes"},"acf":[],"yoast_head":"<!-- This site is optimized with the Yoast SEO plugin v26.8 - https:\/\/yoast.com\/product\/yoast-seo-wordpress\/ -->\n<title>Ceinture en Cuir Tress\u00e9 Bordeaux<\/title>\n<meta name=\"description\" content=\"Ceinture en Cuir Tress\u00e9 Bordeaux\" \/>\n<meta name=\"robots\" content=\"noindex, follow, max-snippet:-1, max-image-preview:large, max-video-preview:-1\" \/>\n<meta property=\"og:locale\" content=\"fr_FR\" \/>\n<meta property=\"og:type\" content=\"article\" \/>\n<meta property=\"og:title\" content=\"Ceinture en Cuir Tress\u00e9 Bordeaux\" \/>\n<meta property=\"og:description\" content=\"Ceinture en Cuir Tress\u00e9 Bordeaux\" \/>\n<meta property=\"og:url\" content=\"https:\/\/dev.triangle-des-bermudes.com\/fr\/produit\/ceinture-cuir-tresse-bordeaux\/\" \/>\n<meta property=\"og:site_name\" content=\"Triangle des Bermudas\" \/>\n<meta property=\"article:publisher\" content=\"https:\\\/\\\/dev.triangle-des-bermudes.com\/\/dev.triangle-des-bermudes.com\/\/www.facebook.com\/triangledesbermudasofficial\/\" \/>\n<meta property=\"article:modified_time\" content=\"2026-05-06T16:39:39+00:00\" \/>\n<meta property=\"og:image\" content=\"https:\/\/dev.triangle-des-bermudes.com\/wp-content\/uploads\/Braided-Leather-Metal-Buckle-Belt-Burgundy-01.jpg\" \/>\n\t<meta property=\"og:image:width\" content=\"1200\" \/>\n\t<meta property=\"og:image:height\" content=\"1800\" \/>\n\t<meta property=\"og:image:type\" content=\"image\/jpeg\" \/>\n<meta name=\"twitter:card\" content=\"summary_large_image\" \/>\n<meta name=\"twitter:title\" content=\"Ceinture en Cuir Tress\u00e9 Bordeaux\" \/>\n<meta name=\"twitter:description\" content=\"Ceinture en Cuir Tress\u00e9 Bordeaux\" \/>\n<script type=\"application\/ld+json\" class=\"yoast-schema-graph\">{\"@context\":\"https:\/\/schema.org\",\"@graph\":[{\"@type\":[\"WebPage\",\"ItemPage\"],\"@id\":\"https:\/\/dev.triangle-des-bermudes.com\/fr\/produit\/ceinture-cuir-tresse-bordeaux\/\",\"url\":\"https:\/\/dev.triangle-des-bermudes.com\/fr\/produit\/ceinture-cuir-tresse-bordeaux\/\",\"name\":\"Ceinture en Cuir Tress\u00e9 Bordeaux\",\"isPartOf\":{\"@id\":\"https:\/\/dev.triangle-des-bermudes.com\/fr\/#website\"},\"primaryImageOfPage\":{\"@id\":\"https:\/\/dev.triangle-des-bermudes.com\/fr\/produit\/ceinture-cuir-tresse-bordeaux\/#primaryimage\"},\"image\":{\"@id\":\"https:\/\/dev.triangle-des-bermudes.com\/fr\/produit\/ceinture-cuir-tresse-bordeaux\/#primaryimage\"},\"thumbnailUrl\":\"https:\/\/dev.triangle-des-bermudes.com\/wp-content\/uploads\/Braided-Leather-Metal-Buckle-Belt-Burgundy-01.jpg\",\"datePublished\":\"2023-05-12T18:56:46+00:00\",\"dateModified\":\"2026-05-06T16:39:39+00:00\",\"description\":\"Ceinture en Cuir Tress\u00e9 Bordeaux\",\"breadcrumb\":{\"@id\":\"https:\/\/dev.triangle-des-bermudes.com\/fr\/produit\/ceinture-cuir-tresse-bordeaux\/#breadcrumb\"},\"inLanguage\":\"fr-FR\",\"potentialAction\":[{\"@type\":\"ReadAction\",\"target\":[\"https:\/\/dev.triangle-des-bermudes.com\/fr\/produit\/ceinture-cuir-tresse-bordeaux\/\"]}]},{\"@type\":\"ImageObject\",\"inLanguage\":\"fr-FR\",\"@id\":\"https:\/\/dev.triangle-des-bermudes.com\/fr\/produit\/ceinture-cuir-tresse-bordeaux\/#primaryimage\",\"url\":\"https:\/\/dev.triangle-des-bermudes.com\/wp-content\/uploads\/Braided-Leather-Metal-Buckle-Belt-Burgundy-01.jpg\",\"contentUrl\":\"https:\/\/dev.triangle-des-bermudes.com\/wp-content\/uploads\/Braided-Leather-Metal-Buckle-Belt-Burgundy-01.jpg\",\"width\":1200,\"height\":1800},{\"@type\":\"BreadcrumbList\",\"@id\":\"https:\/\/dev.triangle-des-bermudes.com\/fr\/produit\/ceinture-cuir-tresse-bordeaux\/#breadcrumb\",\"itemListElement\":[{\"@type\":\"ListItem\",\"position\":1,\"name\":\"Boutique\",\"item\":\"https:\/\/dev.triangle-des-bermudes.com\/fr\/boutique\/\"},{\"@type\":\"ListItem\",\"position\":2,\"name\":\"La Collection Accessoires\",\"item\":\"https:\/\/dev.triangle-des-bermudes.com\/fr\/catalogue\/la-collection-accessoires\/\"},{\"@type\":\"ListItem\",\"position\":3,\"name\":\"Ceintures en Cuir Tress\u00e9\",\"item\":\"https:\/\/dev.triangle-des-bermudes.com\/fr\/catalogue\/la-collection-accessoires\/ceintures-cuir-tresse\/\"},{\"@type\":\"ListItem\",\"position\":4,\"name\":\"Ceinture en Cuir Tress\u00e9 Bordeaux\"}]},{\"@type\":\"WebSite\",\"@id\":\"https:\/\/dev.triangle-des-bermudes.com\/fr\/#website\",\"url\":\"https:\/\/dev.triangle-des-bermudes.com\/fr\/\",\"name\":\"Triangle des Bermudas\",\"description\":\"Quality clothing &amp; accessories for Men &amp; Women\",\"publisher\":{\"@id\":\"https:\/\/dev.triangle-des-bermudes.com\/fr\/#organization\"},\"potentialAction\":[{\"@type\":\"SearchAction\",\"target\":{\"@type\":\"EntryPoint\",\"urlTemplate\":\"https:\/\/dev.triangle-des-bermudes.com\/fr\/?s={search_term_string}\"},\"query-input\":{\"@type\":\"PropertyValueSpecification\",\"valueRequired\":true,\"valueName\":\"search_term_string\"}}],\"inLanguage\":\"fr-FR\"},{\"@type\":\"Organization\",\"@id\":\"https:\/\/dev.triangle-des-bermudes.com\/fr\/#organization\",\"name\":\"Triangle des Bermudas\",\"url\":\"https:\/\/dev.triangle-des-bermudes.com\/fr\/\",\"logo\":{\"@type\":\"ImageObject\",\"inLanguage\":\"fr-FR\",\"@id\":\"https:\/\/dev.triangle-des-bermudes.com\/fr\/#\/schema\/logo\/image\/\",\"url\":\"https:\/\/dev.triangle-des-bermudes.com\/wp-content\/uploads\/tdblogo01.svg\",\"contentUrl\":\"https:\/\/dev.triangle-des-bermudes.com\/wp-content\/uploads\/tdblogo01.svg\",\"caption\":\"Triangle des Bermudas\"},\"image\":{\"@id\":\"https:\/\/dev.triangle-des-bermudes.com\/fr\/#\/schema\/logo\/image\/\"},\"sameAs\":[\"https:\\\\\/\\\\\/dev.triangle-des-bermudes.com\/\/dev.triangle-des-bermudes.com\/\/www.facebook.com\/triangledesbermudasofficial\/\",\"https:\\\\\/\\\\\/dev.triangle-des-bermudes.com\/\/dev.triangle-des-bermudes.com\/\/www.instagram.com\/triangledesbermudas_\/\"]}]}<\/script>\n<!-- \/ Yoast SEO plugin. -->","yoast_head_json":{"title":"Ceinture en Cuir Tress\u00e9 Bordeaux","description":"Ceinture en Cuir Tress\u00e9 Bordeaux","robots":{"index":"noindex","follow":"follow","max-snippet":"max-snippet:-1","max-image-preview":"max-image-preview:large","max-video-preview":"max-video-preview:-1"},"og_locale":"fr_FR","og_type":"article","og_title":"Ceinture en Cuir Tress\u00e9 Bordeaux","og_description":"Ceinture en Cuir Tress\u00e9 Bordeaux","og_url":"https:\/\/dev.triangle-des-bermudes.com\/fr\/produit\/ceinture-cuir-tresse-bordeaux\/","og_site_name":"Triangle des Bermudas","article_publisher":"https:\\\/\\\/dev.triangle-des-bermudes.com\/\/dev.triangle-des-bermudes.com\/\/www.facebook.com\/triangledesbermudasofficial\/","article_modified_time":"2026-05-06T16:39:39+00:00","og_image":[{"width":1200,"height":1800,"url":"https:\/\/dev.triangle-des-bermudes.com\/wp-content\/uploads\/Braided-Leather-Metal-Buckle-Belt-Burgundy-01.jpg","type":"image\/jpeg"}],"twitter_card":"summary_large_image","twitter_title":"Ceinture en Cuir Tress\u00e9 Bordeaux","twitter_description":"Ceinture en Cuir Tress\u00e9 Bordeaux","schema":{"@context":"https:\/\/schema.org","@graph":[{"@type":["WebPage","ItemPage"],"@id":"https:\/\/dev.triangle-des-bermudes.com\/fr\/produit\/ceinture-cuir-tresse-bordeaux\/","url":"https:\/\/dev.triangle-des-bermudes.com\/fr\/produit\/ceinture-cuir-tresse-bordeaux\/","name":"Ceinture en Cuir Tress\u00e9 Bordeaux","isPartOf":{"@id":"https:\/\/dev.triangle-des-bermudes.com\/fr\/#website"},"primaryImageOfPage":{"@id":"https:\/\/dev.triangle-des-bermudes.com\/fr\/produit\/ceinture-cuir-tresse-bordeaux\/#primaryimage"},"image":{"@id":"https:\/\/dev.triangle-des-bermudes.com\/fr\/produit\/ceinture-cuir-tresse-bordeaux\/#primaryimage"},"thumbnailUrl":"https:\/\/dev.triangle-des-bermudes.com\/wp-content\/uploads\/Braided-Leather-Metal-Buckle-Belt-Burgundy-01.jpg","datePublished":"2023-05-12T18:56:46+00:00","dateModified":"2026-05-06T16:39:39+00:00","description":"Ceinture en Cuir Tress\u00e9 Bordeaux","breadcrumb":{"@id":"https:\/\/dev.triangle-des-bermudes.com\/fr\/produit\/ceinture-cuir-tresse-bordeaux\/#breadcrumb"},"inLanguage":"fr-FR","potentialAction":[{"@type":"ReadAction","target":["https:\/\/dev.triangle-des-bermudes.com\/fr\/produit\/ceinture-cuir-tresse-bordeaux\/"]}]},{"@type":"ImageObject","inLanguage":"fr-FR","@id":"https:\/\/dev.triangle-des-bermudes.com\/fr\/produit\/ceinture-cuir-tresse-bordeaux\/#primaryimage","url":"https:\/\/dev.triangle-des-bermudes.com\/wp-content\/uploads\/Braided-Leather-Metal-Buckle-Belt-Burgundy-01.jpg","contentUrl":"https:\/\/dev.triangle-des-bermudes.com\/wp-content\/uploads\/Braided-Leather-Metal-Buckle-Belt-Burgundy-01.jpg","width":1200,"height":1800},{"@type":"BreadcrumbList","@id":"https:\/\/dev.triangle-des-bermudes.com\/fr\/produit\/ceinture-cuir-tresse-bordeaux\/#breadcrumb","itemListElement":[{"@type":"ListItem","position":1,"name":"Boutique","item":"https:\/\/dev.triangle-des-bermudes.com\/fr\/boutique\/"},{"@type":"ListItem","position":2,"name":"La Collection Accessoires","item":"https:\/\/dev.triangle-des-bermudes.com\/fr\/catalogue\/la-collection-accessoires\/"},{"@type":"ListItem","position":3,"name":"Ceintures en Cuir Tress\u00e9","item":"https:\/\/dev.triangle-des-bermudes.com\/fr\/catalogue\/la-collection-accessoires\/ceintures-cuir-tresse\/"},{"@type":"ListItem","position":4,"name":"Ceinture en Cuir Tress\u00e9 Bordeaux"}]},{"@type":"WebSite","@id":"https:\/\/dev.triangle-des-bermudes.com\/fr\/#website","url":"https:\/\/dev.triangle-des-bermudes.com\/fr\/","name":"Triangle des Bermudas","description":"Quality clothing &amp; accessories for Men &amp; Women","publisher":{"@id":"https:\/\/dev.triangle-des-bermudes.com\/fr\/#organization"},"potentialAction":[{"@type":"SearchAction","target":{"@type":"EntryPoint","urlTemplate":"https:\/\/dev.triangle-des-bermudes.com\/fr\/?s={search_term_string}"},"query-input":{"@type":"PropertyValueSpecification","valueRequired":true,"valueName":"search_term_string"}}],"inLanguage":"fr-FR"},{"@type":"Organization","@id":"https:\/\/dev.triangle-des-bermudes.com\/fr\/#organization","name":"Triangle des Bermudas","url":"https:\/\/dev.triangle-des-bermudes.com\/fr\/","logo":{"@type":"ImageObject","inLanguage":"fr-FR","@id":"https:\/\/dev.triangle-des-bermudes.com\/fr\/#\/schema\/logo\/image\/","url":"https:\/\/dev.triangle-des-bermudes.com\/wp-content\/uploads\/tdblogo01.svg","contentUrl":"https:\/\/dev.triangle-des-bermudes.com\/wp-content\/uploads\/tdblogo01.svg","caption":"Triangle des Bermudas"},"image":{"@id":"https:\/\/dev.triangle-des-bermudes.com\/fr\/#\/schema\/logo\/image\/"},"sameAs":["https:\\\/\\\/dev.triangle-des-bermudes.com\/\/dev.triangle-des-bermudes.com\/\/www.facebook.com\/triangledesbermudasofficial\/","https:\\\/\\\/dev.triangle-des-bermudes.com\/\/dev.triangle-des-bermudes.com\/\/www.instagram.com\/triangledesbermudas_\/"]}]}},"_links":{"self":[{"href":"https:\/\/dev.triangle-des-bermudes.com\/fr\/wp-json\/wp\/v2\/product\/7036","targetHints":{"allow":["GET"]}}],"collection":[{"href":"https:\/\/dev.triangle-des-bermudes.com\/fr\/wp-json\/wp\/v2\/product"}],"about":[{"href":"https:\/\/dev.triangle-des-bermudes.com\/fr\/wp-json\/wp\/v2\/types\/product"}],"version-history":[{"count":0,"href":"https:\/\/dev.triangle-des-bermudes.com\/fr\/wp-json\/wp\/v2\/product\/7036\/revisions"}],"wp:featuredmedia":[{"embeddable":true,"href":"https:\/\/dev.triangle-des-bermudes.com\/fr\/wp-json\/wp\/v2\/media\/12224"}],"wp:attachment":[{"href":"https:\/\/dev.triangle-des-bermudes.com\/fr\/wp-json\/wp\/v2\/media?parent=7036"}],"wp:term":[{"taxonomy":"product_brand","embeddable":true,"href":"https:\/\/dev.triangle-des-bermudes.com\/fr\/wp-json\/wp\/v2\/product_brand?post=7036"},{"taxonomy":"product_cat","embeddable":true,"href":"https:\/\/dev.triangle-des-bermudes.com\/fr\/wp-json\/wp\/v2\/product_cat?post=7036"},{"taxonomy":"product_tag","embeddable":true,"href":"https:\/\/dev.triangle-des-bermudes.com\/fr\/wp-json\/wp\/v2\/product_tag?post=7036"}],"curies":[{"name":"wp","href":"https:\/\/api.w.org\/{rel}","templated":true}]}}