{"id":5858,"date":"2023-05-12T13:18:51","date_gmt":"2023-05-12T11:18:51","guid":{"rendered":"https:\/\/triangle-des-bermudes.com\/product\/chino-denim-bermuda-shorts-taupe-fr\/"},"modified":"2026-05-04T21:23:25","modified_gmt":"2026-05-04T19:23:25","slug":"bermuda-chino-homme-taupe","status":"publish","type":"product","link":"https:\/\/dev.triangle-des-bermudes.com\/fr\/produit\/bermuda-chino-homme-taupe\/","title":{"rendered":"Bermuda Chino Denim Taupe"},"content":{"rendered":"<p>D\u00e9couvrez notre bermuda chino denim pour homme d&rsquo;exception, o\u00f9 se rencontrent savoir-faire de qualit\u00e9 et style polyvalent. Ce short a \u00e9t\u00e9 m\u00e9ticuleusement con\u00e7u pour offrir le plus grand confort et fonctionnalit\u00e9 tout en conservant un attrait denim intemporel. Ce bermuda en denim chino classique a un toucher doux.<\/p>\n<p>Sa mati\u00e8re est tr\u00e8s confortable et peut \u00eatre port\u00e9e dans de nombreuses circonstances : Golf \u2013 Yachting \u2013 Shopping \u2013 Voyage et plus encore.<\/p>\n<p>Portez ce bermuda style chino avec un polo classique ou une chemise pour adopter un style \u00e9l\u00e9gant et d\u00e9contract\u00e9. Vous pouvez \u00e9galement faire un ourlet \u00e0 revers si vous pr\u00e9f\u00e9rez le porter plus court.<\/p>\n<p><\/p>\n<h3>Confort extensible<\/h3>\n<p><\/p>\n<p>Le tissu extensible assure \u00e9galement une coupe confortable et flatteuse pour diff\u00e9rents types de corps. De plus, ces bermudas sont durables et faciles \u00e0 entretenir, ce qui en fait un investissement durable dans votre garde-robe. Leur m\u00e9lange de style, de confort et de durabilit\u00e9 en fait un choix incontournable pour une tenue d&rsquo;\u00e9t\u00e9 \u00e9l\u00e9gante et d\u00e9contract\u00e9e.<\/p>\n","protected":false},"excerpt":{"rendered":"<p>Bermuda Chino Denim Taupe Homme<\/p>\n","protected":false},"featured_media":14156,"template":"","meta":{"_acf_changed":false},"product_brand":[],"product_cat":[625,381],"product_tag":[198,197],"class_list":{"0":"post-5858","1":"product","2":"type-product","3":"status-publish","4":"has-post-thumbnail","6":"product_cat-la-collection-denim","7":"product_cat-bermudas-chino","8":"product_tag-shorts-en-jean-fr","9":"product_tag-shorts-haut-de-gamme-fr","10":"pa_color-denim-taupe-denim-fr","11":"pa_global-colors-beige-fr","12":"pa_size-number-30-fr","13":"pa_size-number-32-fr","14":"pa_size-number-34-fr","15":"pa_size-number-36-fr","16":"pa_size-number-38-fr","17":"pa_size-number-40-fr","18":"pa_size-number-42-fr","20":"first","21":"instock","22":"shipping-taxable","23":"purchasable","24":"product-type-variable","25":"has-default-attributes"},"acf":[],"yoast_head":"<!-- This site is optimized with the Yoast SEO plugin v26.8 - https:\/\/yoast.com\/product\/yoast-seo-wordpress\/ -->\n<title>Bermuda Chino Denim Taupe Homme<\/title>\n<meta name=\"description\" content=\"Bermuda Chino Denim Taupe Homme\" \/>\n<meta name=\"robots\" content=\"noindex, follow, max-snippet:-1, max-image-preview:large, max-video-preview:-1\" \/>\n<meta property=\"og:locale\" content=\"fr_FR\" \/>\n<meta property=\"og:type\" content=\"article\" \/>\n<meta property=\"og:title\" content=\"Bermuda Chino Denim Taupe Homme\" \/>\n<meta property=\"og:description\" content=\"Bermuda Chino Denim Taupe Homme\" \/>\n<meta property=\"og:url\" content=\"https:\/\/dev.triangle-des-bermudes.com\/fr\/produit\/bermuda-chino-homme-taupe\/\" \/>\n<meta property=\"og:site_name\" content=\"Triangle des Bermudas\" \/>\n<meta property=\"article:publisher\" content=\"https:\\\/\\\/dev.triangle-des-bermudes.com\/\/dev.triangle-des-bermudes.com\/\/www.facebook.com\/triangledesbermudasofficial\/\" \/>\n<meta property=\"article:modified_time\" content=\"2026-05-04T19:23:25+00:00\" \/>\n<meta property=\"og:image\" content=\"https:\/\/dev.triangle-des-bermudes.com\/wp-content\/uploads\/men-warm-taupe-chino-denim-bermuda-shorts-04.jpg\" \/>\n\t<meta property=\"og:image:width\" content=\"1800\" \/>\n\t<meta property=\"og:image:height\" content=\"2700\" \/>\n\t<meta property=\"og:image:type\" content=\"image\/jpeg\" \/>\n<meta name=\"twitter:card\" content=\"summary_large_image\" \/>\n<meta name=\"twitter:title\" content=\"Bermuda Chino Denim Taupe Homme\" \/>\n<meta name=\"twitter:description\" content=\"Bermuda Chino Denim Taupe Homme\" \/>\n<script type=\"application\/ld+json\" class=\"yoast-schema-graph\">{\"@context\":\"https:\/\/schema.org\",\"@graph\":[{\"@type\":[\"WebPage\",\"ItemPage\"],\"@id\":\"https:\/\/dev.triangle-des-bermudes.com\/fr\/produit\/bermuda-chino-homme-taupe\/\",\"url\":\"https:\/\/dev.triangle-des-bermudes.com\/fr\/produit\/bermuda-chino-homme-taupe\/\",\"name\":\"Bermuda Chino Denim Taupe Homme\",\"isPartOf\":{\"@id\":\"https:\/\/dev.triangle-des-bermudes.com\/fr\/#website\"},\"primaryImageOfPage\":{\"@id\":\"https:\/\/dev.triangle-des-bermudes.com\/fr\/produit\/bermuda-chino-homme-taupe\/#primaryimage\"},\"image\":{\"@id\":\"https:\/\/dev.triangle-des-bermudes.com\/fr\/produit\/bermuda-chino-homme-taupe\/#primaryimage\"},\"thumbnailUrl\":\"https:\/\/dev.triangle-des-bermudes.com\/wp-content\/uploads\/men-warm-taupe-chino-denim-bermuda-shorts-04.jpg\",\"datePublished\":\"2023-05-12T11:18:51+00:00\",\"dateModified\":\"2026-05-04T19:23:25+00:00\",\"description\":\"Bermuda Chino Denim Taupe Homme\",\"breadcrumb\":{\"@id\":\"https:\/\/dev.triangle-des-bermudes.com\/fr\/produit\/bermuda-chino-homme-taupe\/#breadcrumb\"},\"inLanguage\":\"fr-FR\",\"potentialAction\":[{\"@type\":\"ReadAction\",\"target\":[\"https:\/\/dev.triangle-des-bermudes.com\/fr\/produit\/bermuda-chino-homme-taupe\/\"]}]},{\"@type\":\"ImageObject\",\"inLanguage\":\"fr-FR\",\"@id\":\"https:\/\/dev.triangle-des-bermudes.com\/fr\/produit\/bermuda-chino-homme-taupe\/#primaryimage\",\"url\":\"https:\/\/dev.triangle-des-bermudes.com\/wp-content\/uploads\/men-warm-taupe-chino-denim-bermuda-shorts-04.jpg\",\"contentUrl\":\"https:\/\/dev.triangle-des-bermudes.com\/wp-content\/uploads\/men-warm-taupe-chino-denim-bermuda-shorts-04.jpg\",\"width\":1800,\"height\":2700},{\"@type\":\"BreadcrumbList\",\"@id\":\"https:\/\/dev.triangle-des-bermudes.com\/fr\/produit\/bermuda-chino-homme-taupe\/#breadcrumb\",\"itemListElement\":[{\"@type\":\"ListItem\",\"position\":1,\"name\":\"Boutique\",\"item\":\"https:\/\/dev.triangle-des-bermudes.com\/fr\/boutique\/\"},{\"@type\":\"ListItem\",\"position\":2,\"name\":\"La Collection Denim\",\"item\":\"https:\/\/dev.triangle-des-bermudes.com\/fr\/catalogue\/la-collection-denim\/\"},{\"@type\":\"ListItem\",\"position\":3,\"name\":\"Bermudas Chino\",\"item\":\"https:\/\/dev.triangle-des-bermudes.com\/fr\/catalogue\/la-collection-denim\/bermudas-chino\/\"},{\"@type\":\"ListItem\",\"position\":4,\"name\":\"Bermuda Chino Denim Taupe\"}]},{\"@type\":\"WebSite\",\"@id\":\"https:\/\/dev.triangle-des-bermudes.com\/fr\/#website\",\"url\":\"https:\/\/dev.triangle-des-bermudes.com\/fr\/\",\"name\":\"Triangle des Bermudas\",\"description\":\"Quality clothing &amp; accessories for Men &amp; Women\",\"publisher\":{\"@id\":\"https:\/\/dev.triangle-des-bermudes.com\/fr\/#organization\"},\"potentialAction\":[{\"@type\":\"SearchAction\",\"target\":{\"@type\":\"EntryPoint\",\"urlTemplate\":\"https:\/\/dev.triangle-des-bermudes.com\/fr\/?s={search_term_string}\"},\"query-input\":{\"@type\":\"PropertyValueSpecification\",\"valueRequired\":true,\"valueName\":\"search_term_string\"}}],\"inLanguage\":\"fr-FR\"},{\"@type\":\"Organization\",\"@id\":\"https:\/\/dev.triangle-des-bermudes.com\/fr\/#organization\",\"name\":\"Triangle des Bermudas\",\"url\":\"https:\/\/dev.triangle-des-bermudes.com\/fr\/\",\"logo\":{\"@type\":\"ImageObject\",\"inLanguage\":\"fr-FR\",\"@id\":\"https:\/\/dev.triangle-des-bermudes.com\/fr\/#\/schema\/logo\/image\/\",\"url\":\"https:\/\/dev.triangle-des-bermudes.com\/wp-content\/uploads\/tdblogo01.svg\",\"contentUrl\":\"https:\/\/dev.triangle-des-bermudes.com\/wp-content\/uploads\/tdblogo01.svg\",\"caption\":\"Triangle des Bermudas\"},\"image\":{\"@id\":\"https:\/\/dev.triangle-des-bermudes.com\/fr\/#\/schema\/logo\/image\/\"},\"sameAs\":[\"https:\\\\\/\\\\\/dev.triangle-des-bermudes.com\/\/dev.triangle-des-bermudes.com\/\/www.facebook.com\/triangledesbermudasofficial\/\",\"https:\\\\\/\\\\\/dev.triangle-des-bermudes.com\/\/dev.triangle-des-bermudes.com\/\/www.instagram.com\/triangledesbermudas_\/\"]}]}<\/script>\n<!-- \/ Yoast SEO plugin. -->","yoast_head_json":{"title":"Bermuda Chino Denim Taupe Homme","description":"Bermuda Chino Denim Taupe Homme","robots":{"index":"noindex","follow":"follow","max-snippet":"max-snippet:-1","max-image-preview":"max-image-preview:large","max-video-preview":"max-video-preview:-1"},"og_locale":"fr_FR","og_type":"article","og_title":"Bermuda Chino Denim Taupe Homme","og_description":"Bermuda Chino Denim Taupe Homme","og_url":"https:\/\/dev.triangle-des-bermudes.com\/fr\/produit\/bermuda-chino-homme-taupe\/","og_site_name":"Triangle des Bermudas","article_publisher":"https:\\\/\\\/dev.triangle-des-bermudes.com\/\/dev.triangle-des-bermudes.com\/\/www.facebook.com\/triangledesbermudasofficial\/","article_modified_time":"2026-05-04T19:23:25+00:00","og_image":[{"width":1800,"height":2700,"url":"https:\/\/dev.triangle-des-bermudes.com\/wp-content\/uploads\/men-warm-taupe-chino-denim-bermuda-shorts-04.jpg","type":"image\/jpeg"}],"twitter_card":"summary_large_image","twitter_title":"Bermuda Chino Denim Taupe Homme","twitter_description":"Bermuda Chino Denim Taupe Homme","schema":{"@context":"https:\/\/schema.org","@graph":[{"@type":["WebPage","ItemPage"],"@id":"https:\/\/dev.triangle-des-bermudes.com\/fr\/produit\/bermuda-chino-homme-taupe\/","url":"https:\/\/dev.triangle-des-bermudes.com\/fr\/produit\/bermuda-chino-homme-taupe\/","name":"Bermuda Chino Denim Taupe Homme","isPartOf":{"@id":"https:\/\/dev.triangle-des-bermudes.com\/fr\/#website"},"primaryImageOfPage":{"@id":"https:\/\/dev.triangle-des-bermudes.com\/fr\/produit\/bermuda-chino-homme-taupe\/#primaryimage"},"image":{"@id":"https:\/\/dev.triangle-des-bermudes.com\/fr\/produit\/bermuda-chino-homme-taupe\/#primaryimage"},"thumbnailUrl":"https:\/\/dev.triangle-des-bermudes.com\/wp-content\/uploads\/men-warm-taupe-chino-denim-bermuda-shorts-04.jpg","datePublished":"2023-05-12T11:18:51+00:00","dateModified":"2026-05-04T19:23:25+00:00","description":"Bermuda Chino Denim Taupe Homme","breadcrumb":{"@id":"https:\/\/dev.triangle-des-bermudes.com\/fr\/produit\/bermuda-chino-homme-taupe\/#breadcrumb"},"inLanguage":"fr-FR","potentialAction":[{"@type":"ReadAction","target":["https:\/\/dev.triangle-des-bermudes.com\/fr\/produit\/bermuda-chino-homme-taupe\/"]}]},{"@type":"ImageObject","inLanguage":"fr-FR","@id":"https:\/\/dev.triangle-des-bermudes.com\/fr\/produit\/bermuda-chino-homme-taupe\/#primaryimage","url":"https:\/\/dev.triangle-des-bermudes.com\/wp-content\/uploads\/men-warm-taupe-chino-denim-bermuda-shorts-04.jpg","contentUrl":"https:\/\/dev.triangle-des-bermudes.com\/wp-content\/uploads\/men-warm-taupe-chino-denim-bermuda-shorts-04.jpg","width":1800,"height":2700},{"@type":"BreadcrumbList","@id":"https:\/\/dev.triangle-des-bermudes.com\/fr\/produit\/bermuda-chino-homme-taupe\/#breadcrumb","itemListElement":[{"@type":"ListItem","position":1,"name":"Boutique","item":"https:\/\/dev.triangle-des-bermudes.com\/fr\/boutique\/"},{"@type":"ListItem","position":2,"name":"La Collection Denim","item":"https:\/\/dev.triangle-des-bermudes.com\/fr\/catalogue\/la-collection-denim\/"},{"@type":"ListItem","position":3,"name":"Bermudas Chino","item":"https:\/\/dev.triangle-des-bermudes.com\/fr\/catalogue\/la-collection-denim\/bermudas-chino\/"},{"@type":"ListItem","position":4,"name":"Bermuda Chino Denim Taupe"}]},{"@type":"WebSite","@id":"https:\/\/dev.triangle-des-bermudes.com\/fr\/#website","url":"https:\/\/dev.triangle-des-bermudes.com\/fr\/","name":"Triangle des Bermudas","description":"Quality clothing &amp; accessories for Men &amp; Women","publisher":{"@id":"https:\/\/dev.triangle-des-bermudes.com\/fr\/#organization"},"potentialAction":[{"@type":"SearchAction","target":{"@type":"EntryPoint","urlTemplate":"https:\/\/dev.triangle-des-bermudes.com\/fr\/?s={search_term_string}"},"query-input":{"@type":"PropertyValueSpecification","valueRequired":true,"valueName":"search_term_string"}}],"inLanguage":"fr-FR"},{"@type":"Organization","@id":"https:\/\/dev.triangle-des-bermudes.com\/fr\/#organization","name":"Triangle des Bermudas","url":"https:\/\/dev.triangle-des-bermudes.com\/fr\/","logo":{"@type":"ImageObject","inLanguage":"fr-FR","@id":"https:\/\/dev.triangle-des-bermudes.com\/fr\/#\/schema\/logo\/image\/","url":"https:\/\/dev.triangle-des-bermudes.com\/wp-content\/uploads\/tdblogo01.svg","contentUrl":"https:\/\/dev.triangle-des-bermudes.com\/wp-content\/uploads\/tdblogo01.svg","caption":"Triangle des Bermudas"},"image":{"@id":"https:\/\/dev.triangle-des-bermudes.com\/fr\/#\/schema\/logo\/image\/"},"sameAs":["https:\\\/\\\/dev.triangle-des-bermudes.com\/\/dev.triangle-des-bermudes.com\/\/www.facebook.com\/triangledesbermudasofficial\/","https:\\\/\\\/dev.triangle-des-bermudes.com\/\/dev.triangle-des-bermudes.com\/\/www.instagram.com\/triangledesbermudas_\/"]}]}},"_links":{"self":[{"href":"https:\/\/dev.triangle-des-bermudes.com\/fr\/wp-json\/wp\/v2\/product\/5858","targetHints":{"allow":["GET"]}}],"collection":[{"href":"https:\/\/dev.triangle-des-bermudes.com\/fr\/wp-json\/wp\/v2\/product"}],"about":[{"href":"https:\/\/dev.triangle-des-bermudes.com\/fr\/wp-json\/wp\/v2\/types\/product"}],"version-history":[{"count":0,"href":"https:\/\/dev.triangle-des-bermudes.com\/fr\/wp-json\/wp\/v2\/product\/5858\/revisions"}],"wp:featuredmedia":[{"embeddable":true,"href":"https:\/\/dev.triangle-des-bermudes.com\/fr\/wp-json\/wp\/v2\/media\/14156"}],"wp:attachment":[{"href":"https:\/\/dev.triangle-des-bermudes.com\/fr\/wp-json\/wp\/v2\/media?parent=5858"}],"wp:term":[{"taxonomy":"product_brand","embeddable":true,"href":"https:\/\/dev.triangle-des-bermudes.com\/fr\/wp-json\/wp\/v2\/product_brand?post=5858"},{"taxonomy":"product_cat","embeddable":true,"href":"https:\/\/dev.triangle-des-bermudes.com\/fr\/wp-json\/wp\/v2\/product_cat?post=5858"},{"taxonomy":"product_tag","embeddable":true,"href":"https:\/\/dev.triangle-des-bermudes.com\/fr\/wp-json\/wp\/v2\/product_tag?post=5858"}],"curies":[{"name":"wp","href":"https:\/\/api.w.org\/{rel}","templated":true}]}}