{"id":25074,"date":"2026-04-29T12:54:37","date_gmt":"2026-04-29T10:54:37","guid":{"rendered":"https:\/\/dev.triangle-des-bermudes.com\/product\/chemise-cubaine-en-soie-taupe\/"},"modified":"2026-05-08T18:47:55","modified_gmt":"2026-05-08T16:47:55","slug":"chemise-cubaine-en-soie-taupe","status":"publish","type":"product","link":"https:\/\/dev.triangle-des-bermudes.com\/fr\/produit\/chemise-cubaine-en-soie-taupe\/","title":{"rendered":"Chemise Cubaine en Soie Taupe"},"content":{"rendered":"<p>D\u00e9couvrez nos <strong>Chemises Cubaines en Soie pour homme<\/strong>, o\u00f9 l&rsquo;\u00e9l\u00e9gance exotique rencontre le confort raffin\u00e9. Cette chemise a \u00e9t\u00e9 con\u00e7ue pour offrir une sensation douce et l\u00e9g\u00e8re, id\u00e9ale pour les journ\u00e9es chaudes ou les soir\u00e9es d&rsquo;\u00e9t\u00e9. La soie lavable garantit un entretien facile tout en conservant un style distinctif.<\/p>\n<p>Le tissu est tr\u00e8s confortable et adapt\u00e9 \u00e0 diverses occasions : <strong>Vacances \u2013 Soir\u00e9es estivales \u2013 Sorties d\u00e9contract\u00e9es \u2013 Plage<\/strong> et bien plus encore.<\/p>\n<p>Portez cette chemise cubaine en soie avec des shorts ou des pantalons l\u00e9gers pour un look \u00e9l\u00e9gant et d\u00e9contract\u00e9. Vous pouvez aussi la superposer sur un t-shirt pour un style en couches, sans effort.<\/p>\n<p><\/p>\n<h3>Confort et style<\/h3>\n<p><\/p>\n<p>La coupe d\u00e9contract\u00e9e assure \u00e9galement un confort optimal pour toutes les morphologies. De plus, cette chemise est durable et facile \u00e0 entretenir, ce qui en fait un investissement durable pour votre garde-robe. Son m\u00e9lange de design audacieux, de confort et d&rsquo;originalit\u00e9 en fait un choix incontournable pour une tenue estivale \u00e0 la fois d\u00e9contract\u00e9e et sophistiqu\u00e9e.<\/p>\n","protected":false},"excerpt":{"rendered":"<p>Chemise Cubaine en Soie Taupe pour Homme<\/p>\n","protected":false},"featured_media":25067,"template":"","meta":{"_acf_changed":false},"product_brand":[],"product_cat":[638,590],"product_tag":[],"class_list":{"0":"post-25074","1":"product","2":"type-product","3":"status-publish","4":"has-post-thumbnail","6":"product_cat-la-collection-soie","7":"product_cat-chemises-cubaines-soie","8":"pa_color-silk-taupe-fr","9":"pa_global-colors-marron","10":"pa_size-letter-s-fr","11":"pa_size-letter-m-fr","12":"pa_size-letter-l-fr","13":"pa_size-letter-xl-fr","14":"pa_size-letter-xxl-fr","15":"pa_size-letter-xxxl-fr","17":"first","18":"instock","19":"shipping-taxable","20":"purchasable","21":"product-type-variable","22":"has-default-attributes"},"acf":[],"yoast_head":"<!-- This site is optimized with the Yoast SEO plugin v26.8 - https:\/\/yoast.com\/product\/yoast-seo-wordpress\/ -->\n<title>Chemise Cubaine en Soie Taupe pour Homme<\/title>\n<meta name=\"description\" content=\"Chemise Cubaine en Soie Taupe pour Homme\" \/>\n<meta name=\"robots\" content=\"noindex, follow, max-snippet:-1, max-image-preview:large, max-video-preview:-1\" \/>\n<meta property=\"og:locale\" content=\"fr_FR\" \/>\n<meta property=\"og:type\" content=\"article\" \/>\n<meta property=\"og:title\" content=\"Chemise Cubaine en Soie Taupe pour Homme\" \/>\n<meta property=\"og:description\" content=\"Chemise Cubaine en Soie Taupe pour Homme\" \/>\n<meta property=\"og:url\" content=\"https:\/\/dev.triangle-des-bermudes.com\/fr\/produit\/chemise-cubaine-en-soie-taupe\/\" \/>\n<meta property=\"og:site_name\" content=\"Triangle des Bermudas\" \/>\n<meta property=\"article:publisher\" content=\"https:\\\/\\\/dev.triangle-des-bermudes.com\/\/dev.triangle-des-bermudes.com\/\/www.facebook.com\/triangledesbermudasofficial\/\" \/>\n<meta property=\"article:modified_time\" content=\"2026-05-08T16:47:55+00:00\" \/>\n<meta property=\"og:image\" content=\"https:\/\/dev.triangle-des-bermudes.com\/wp-content\/uploads\/BERMUDA1899-scaled.jpg\" \/>\n\t<meta property=\"og:image:width\" content=\"1867\" \/>\n\t<meta property=\"og:image:height\" content=\"2800\" \/>\n\t<meta property=\"og:image:type\" content=\"image\/jpeg\" \/>\n<meta name=\"twitter:card\" content=\"summary_large_image\" \/>\n<meta name=\"twitter:title\" content=\"Chemise Cubaine en Soie Taupe pour Homme\" \/>\n<meta name=\"twitter:description\" content=\"Chemise Cubaine en Soie Taupe pour Homme\" \/>\n<script type=\"application\/ld+json\" class=\"yoast-schema-graph\">{\"@context\":\"https:\/\/schema.org\",\"@graph\":[{\"@type\":[\"WebPage\",\"ItemPage\"],\"@id\":\"https:\/\/dev.triangle-des-bermudes.com\/fr\/produit\/chemise-cubaine-en-soie-taupe\/\",\"url\":\"https:\/\/dev.triangle-des-bermudes.com\/fr\/produit\/chemise-cubaine-en-soie-taupe\/\",\"name\":\"Chemise Cubaine en Soie Taupe pour Homme\",\"isPartOf\":{\"@id\":\"https:\/\/dev.triangle-des-bermudes.com\/fr\/#website\"},\"primaryImageOfPage\":{\"@id\":\"https:\/\/dev.triangle-des-bermudes.com\/fr\/produit\/chemise-cubaine-en-soie-taupe\/#primaryimage\"},\"image\":{\"@id\":\"https:\/\/dev.triangle-des-bermudes.com\/fr\/produit\/chemise-cubaine-en-soie-taupe\/#primaryimage\"},\"thumbnailUrl\":\"https:\/\/dev.triangle-des-bermudes.com\/wp-content\/uploads\/BERMUDA1899-scaled.jpg\",\"datePublished\":\"2026-04-29T10:54:37+00:00\",\"dateModified\":\"2026-05-08T16:47:55+00:00\",\"description\":\"Chemise Cubaine en Soie Taupe pour Homme\",\"breadcrumb\":{\"@id\":\"https:\/\/dev.triangle-des-bermudes.com\/fr\/produit\/chemise-cubaine-en-soie-taupe\/#breadcrumb\"},\"inLanguage\":\"fr-FR\",\"potentialAction\":[{\"@type\":\"ReadAction\",\"target\":[\"https:\/\/dev.triangle-des-bermudes.com\/fr\/produit\/chemise-cubaine-en-soie-taupe\/\"]}]},{\"@type\":\"ImageObject\",\"inLanguage\":\"fr-FR\",\"@id\":\"https:\/\/dev.triangle-des-bermudes.com\/fr\/produit\/chemise-cubaine-en-soie-taupe\/#primaryimage\",\"url\":\"https:\/\/dev.triangle-des-bermudes.com\/wp-content\/uploads\/BERMUDA1899-scaled.jpg\",\"contentUrl\":\"https:\/\/dev.triangle-des-bermudes.com\/wp-content\/uploads\/BERMUDA1899-scaled.jpg\",\"width\":1867,\"height\":2800},{\"@type\":\"BreadcrumbList\",\"@id\":\"https:\/\/dev.triangle-des-bermudes.com\/fr\/produit\/chemise-cubaine-en-soie-taupe\/#breadcrumb\",\"itemListElement\":[{\"@type\":\"ListItem\",\"position\":1,\"name\":\"Boutique\",\"item\":\"https:\/\/dev.triangle-des-bermudes.com\/fr\/boutique\/\"},{\"@type\":\"ListItem\",\"position\":2,\"name\":\"La Collection Soie\",\"item\":\"https:\/\/dev.triangle-des-bermudes.com\/fr\/catalogue\/la-collection-soie\/\"},{\"@type\":\"ListItem\",\"position\":3,\"name\":\"Chemises Cubaines\",\"item\":\"https:\/\/dev.triangle-des-bermudes.com\/fr\/catalogue\/la-collection-soie\/chemises-cubaines-soie\/\"},{\"@type\":\"ListItem\",\"position\":4,\"name\":\"Chemise Cubaine en Soie Taupe\"}]},{\"@type\":\"WebSite\",\"@id\":\"https:\/\/dev.triangle-des-bermudes.com\/fr\/#website\",\"url\":\"https:\/\/dev.triangle-des-bermudes.com\/fr\/\",\"name\":\"Triangle des Bermudas\",\"description\":\"Quality clothing &amp; accessories for Men &amp; Women\",\"publisher\":{\"@id\":\"https:\/\/dev.triangle-des-bermudes.com\/fr\/#organization\"},\"potentialAction\":[{\"@type\":\"SearchAction\",\"target\":{\"@type\":\"EntryPoint\",\"urlTemplate\":\"https:\/\/dev.triangle-des-bermudes.com\/fr\/?s={search_term_string}\"},\"query-input\":{\"@type\":\"PropertyValueSpecification\",\"valueRequired\":true,\"valueName\":\"search_term_string\"}}],\"inLanguage\":\"fr-FR\"},{\"@type\":\"Organization\",\"@id\":\"https:\/\/dev.triangle-des-bermudes.com\/fr\/#organization\",\"name\":\"Triangle des Bermudas\",\"url\":\"https:\/\/dev.triangle-des-bermudes.com\/fr\/\",\"logo\":{\"@type\":\"ImageObject\",\"inLanguage\":\"fr-FR\",\"@id\":\"https:\/\/dev.triangle-des-bermudes.com\/fr\/#\/schema\/logo\/image\/\",\"url\":\"https:\/\/dev.triangle-des-bermudes.com\/wp-content\/uploads\/tdblogo01.svg\",\"contentUrl\":\"https:\/\/dev.triangle-des-bermudes.com\/wp-content\/uploads\/tdblogo01.svg\",\"caption\":\"Triangle des Bermudas\"},\"image\":{\"@id\":\"https:\/\/dev.triangle-des-bermudes.com\/fr\/#\/schema\/logo\/image\/\"},\"sameAs\":[\"https:\\\\\/\\\\\/dev.triangle-des-bermudes.com\/\/dev.triangle-des-bermudes.com\/\/www.facebook.com\/triangledesbermudasofficial\/\",\"https:\\\\\/\\\\\/dev.triangle-des-bermudes.com\/\/dev.triangle-des-bermudes.com\/\/www.instagram.com\/triangledesbermudas_\/\"]}]}<\/script>\n<!-- \/ Yoast SEO plugin. -->","yoast_head_json":{"title":"Chemise Cubaine en Soie Taupe pour Homme","description":"Chemise Cubaine en Soie Taupe pour Homme","robots":{"index":"noindex","follow":"follow","max-snippet":"max-snippet:-1","max-image-preview":"max-image-preview:large","max-video-preview":"max-video-preview:-1"},"og_locale":"fr_FR","og_type":"article","og_title":"Chemise Cubaine en Soie Taupe pour Homme","og_description":"Chemise Cubaine en Soie Taupe pour Homme","og_url":"https:\/\/dev.triangle-des-bermudes.com\/fr\/produit\/chemise-cubaine-en-soie-taupe\/","og_site_name":"Triangle des Bermudas","article_publisher":"https:\\\/\\\/dev.triangle-des-bermudes.com\/\/dev.triangle-des-bermudes.com\/\/www.facebook.com\/triangledesbermudasofficial\/","article_modified_time":"2026-05-08T16:47:55+00:00","og_image":[{"width":1867,"height":2800,"url":"https:\/\/dev.triangle-des-bermudes.com\/wp-content\/uploads\/BERMUDA1899-scaled.jpg","type":"image\/jpeg"}],"twitter_card":"summary_large_image","twitter_title":"Chemise Cubaine en Soie Taupe pour Homme","twitter_description":"Chemise Cubaine en Soie Taupe pour Homme","schema":{"@context":"https:\/\/schema.org","@graph":[{"@type":["WebPage","ItemPage"],"@id":"https:\/\/dev.triangle-des-bermudes.com\/fr\/produit\/chemise-cubaine-en-soie-taupe\/","url":"https:\/\/dev.triangle-des-bermudes.com\/fr\/produit\/chemise-cubaine-en-soie-taupe\/","name":"Chemise Cubaine en Soie Taupe pour Homme","isPartOf":{"@id":"https:\/\/dev.triangle-des-bermudes.com\/fr\/#website"},"primaryImageOfPage":{"@id":"https:\/\/dev.triangle-des-bermudes.com\/fr\/produit\/chemise-cubaine-en-soie-taupe\/#primaryimage"},"image":{"@id":"https:\/\/dev.triangle-des-bermudes.com\/fr\/produit\/chemise-cubaine-en-soie-taupe\/#primaryimage"},"thumbnailUrl":"https:\/\/dev.triangle-des-bermudes.com\/wp-content\/uploads\/BERMUDA1899-scaled.jpg","datePublished":"2026-04-29T10:54:37+00:00","dateModified":"2026-05-08T16:47:55+00:00","description":"Chemise Cubaine en Soie Taupe pour Homme","breadcrumb":{"@id":"https:\/\/dev.triangle-des-bermudes.com\/fr\/produit\/chemise-cubaine-en-soie-taupe\/#breadcrumb"},"inLanguage":"fr-FR","potentialAction":[{"@type":"ReadAction","target":["https:\/\/dev.triangle-des-bermudes.com\/fr\/produit\/chemise-cubaine-en-soie-taupe\/"]}]},{"@type":"ImageObject","inLanguage":"fr-FR","@id":"https:\/\/dev.triangle-des-bermudes.com\/fr\/produit\/chemise-cubaine-en-soie-taupe\/#primaryimage","url":"https:\/\/dev.triangle-des-bermudes.com\/wp-content\/uploads\/BERMUDA1899-scaled.jpg","contentUrl":"https:\/\/dev.triangle-des-bermudes.com\/wp-content\/uploads\/BERMUDA1899-scaled.jpg","width":1867,"height":2800},{"@type":"BreadcrumbList","@id":"https:\/\/dev.triangle-des-bermudes.com\/fr\/produit\/chemise-cubaine-en-soie-taupe\/#breadcrumb","itemListElement":[{"@type":"ListItem","position":1,"name":"Boutique","item":"https:\/\/dev.triangle-des-bermudes.com\/fr\/boutique\/"},{"@type":"ListItem","position":2,"name":"La Collection Soie","item":"https:\/\/dev.triangle-des-bermudes.com\/fr\/catalogue\/la-collection-soie\/"},{"@type":"ListItem","position":3,"name":"Chemises Cubaines","item":"https:\/\/dev.triangle-des-bermudes.com\/fr\/catalogue\/la-collection-soie\/chemises-cubaines-soie\/"},{"@type":"ListItem","position":4,"name":"Chemise Cubaine en Soie Taupe"}]},{"@type":"WebSite","@id":"https:\/\/dev.triangle-des-bermudes.com\/fr\/#website","url":"https:\/\/dev.triangle-des-bermudes.com\/fr\/","name":"Triangle des Bermudas","description":"Quality clothing &amp; accessories for Men &amp; Women","publisher":{"@id":"https:\/\/dev.triangle-des-bermudes.com\/fr\/#organization"},"potentialAction":[{"@type":"SearchAction","target":{"@type":"EntryPoint","urlTemplate":"https:\/\/dev.triangle-des-bermudes.com\/fr\/?s={search_term_string}"},"query-input":{"@type":"PropertyValueSpecification","valueRequired":true,"valueName":"search_term_string"}}],"inLanguage":"fr-FR"},{"@type":"Organization","@id":"https:\/\/dev.triangle-des-bermudes.com\/fr\/#organization","name":"Triangle des Bermudas","url":"https:\/\/dev.triangle-des-bermudes.com\/fr\/","logo":{"@type":"ImageObject","inLanguage":"fr-FR","@id":"https:\/\/dev.triangle-des-bermudes.com\/fr\/#\/schema\/logo\/image\/","url":"https:\/\/dev.triangle-des-bermudes.com\/wp-content\/uploads\/tdblogo01.svg","contentUrl":"https:\/\/dev.triangle-des-bermudes.com\/wp-content\/uploads\/tdblogo01.svg","caption":"Triangle des Bermudas"},"image":{"@id":"https:\/\/dev.triangle-des-bermudes.com\/fr\/#\/schema\/logo\/image\/"},"sameAs":["https:\\\/\\\/dev.triangle-des-bermudes.com\/\/dev.triangle-des-bermudes.com\/\/www.facebook.com\/triangledesbermudasofficial\/","https:\\\/\\\/dev.triangle-des-bermudes.com\/\/dev.triangle-des-bermudes.com\/\/www.instagram.com\/triangledesbermudas_\/"]}]}},"_links":{"self":[{"href":"https:\/\/dev.triangle-des-bermudes.com\/fr\/wp-json\/wp\/v2\/product\/25074","targetHints":{"allow":["GET"]}}],"collection":[{"href":"https:\/\/dev.triangle-des-bermudes.com\/fr\/wp-json\/wp\/v2\/product"}],"about":[{"href":"https:\/\/dev.triangle-des-bermudes.com\/fr\/wp-json\/wp\/v2\/types\/product"}],"version-history":[{"count":1,"href":"https:\/\/dev.triangle-des-bermudes.com\/fr\/wp-json\/wp\/v2\/product\/25074\/revisions"}],"predecessor-version":[{"id":25077,"href":"https:\/\/dev.triangle-des-bermudes.com\/fr\/wp-json\/wp\/v2\/product\/25074\/revisions\/25077"}],"wp:featuredmedia":[{"embeddable":true,"href":"https:\/\/dev.triangle-des-bermudes.com\/fr\/wp-json\/wp\/v2\/media\/25067"}],"wp:attachment":[{"href":"https:\/\/dev.triangle-des-bermudes.com\/fr\/wp-json\/wp\/v2\/media?parent=25074"}],"wp:term":[{"taxonomy":"product_brand","embeddable":true,"href":"https:\/\/dev.triangle-des-bermudes.com\/fr\/wp-json\/wp\/v2\/product_brand?post=25074"},{"taxonomy":"product_cat","embeddable":true,"href":"https:\/\/dev.triangle-des-bermudes.com\/fr\/wp-json\/wp\/v2\/product_cat?post=25074"},{"taxonomy":"product_tag","embeddable":true,"href":"https:\/\/dev.triangle-des-bermudes.com\/fr\/wp-json\/wp\/v2\/product_tag?post=25074"}],"curies":[{"name":"wp","href":"https:\/\/api.w.org\/{rel}","templated":true}]}}