{"id":24856,"date":"2026-04-29T11:47:33","date_gmt":"2026-04-29T09:47:33","guid":{"rendered":"https:\/\/dev.triangle-des-bermudes.com\/product\/chemise-classique-en-soie-kaki\/"},"modified":"2026-05-08T17:12:37","modified_gmt":"2026-05-08T15:12:37","slug":"chemise-classique-en-soie-kaki","status":"publish","type":"product","link":"https:\/\/dev.triangle-des-bermudes.com\/fr\/produit\/chemise-classique-en-soie-kaki\/","title":{"rendered":"Chemise Classique en Soie Kaki"},"content":{"rendered":"<p>D\u00e9couvrez nos <strong>Chemises Classiques en Soie pour homme<\/strong>, o\u00f9 l&rsquo;\u00e9l\u00e9gance intemporelle rencontre le confort. Ces chemises ont \u00e9t\u00e9 con\u00e7ues pour offrir une sensation douce et l\u00e9g\u00e8re, id\u00e9ale pour les journ\u00e9es chaudes ou les soir\u00e9es raffin\u00e9es. La soie lavable garantit un entretien facile tout en conservant un look sophistiqu\u00e9.  <\/p>\n<p>Le tissu est tr\u00e8s confortable et adapt\u00e9 \u00e0 diverses occasions : <strong>\u00c9v\u00e8nements formels \u2013 Sorties en soir\u00e9e \u2013 Voyages \u2013 \u00c9l\u00e9gance d\u00e9contract\u00e9e<\/strong> et bien plus encore.<\/p>\n<p>Portez ces <strong>Chemises Classiques en Soie<\/strong> avec une chemise habill\u00e9e ou un chemisier pour un look \u00e9l\u00e9gant et polyvalent. Vous pouvez aussi les associer \u00e0 un t-shirt ajust\u00e9 pour un style moderne et d\u00e9contract\u00e9. <\/p>\n<p>&nbsp;<\/p>\n<h3>Confort et style<\/h3>\n<p>&nbsp;<\/p>\n<p>La coupe ajust\u00e9e assure \u00e9galement un confort optimal pour toutes les morphologies. De plus, ces chemises sont durables et faciles \u00e0 entretenir, ce qui en fait un investissement durable pour votre garde-robe. Leur m\u00e9lange de luxe, de confort et de style intemporel en fait un choix incontournable pour une tenue raffin\u00e9e et \u00e9l\u00e9gante.<\/p>\n","protected":false},"excerpt":{"rendered":"<p>Chemise Classique en Soie Kaki pour Homme<\/p>\n","protected":false},"featured_media":24849,"template":"","meta":{"_acf_changed":false},"product_brand":[],"product_cat":[638,746],"product_tag":[],"class_list":{"0":"post-24856","1":"product","2":"type-product","3":"status-publish","4":"has-post-thumbnail","6":"product_cat-la-collection-soie","7":"product_cat-chemises-classiques-soie","8":"pa_color-silk-kaki","9":"pa_global-colors-vert","10":"pa_size-letter-s-fr","11":"pa_size-letter-m-fr","12":"pa_size-letter-l-fr","13":"pa_size-letter-xl-fr","14":"pa_size-letter-xxl-fr","15":"pa_size-letter-xxxl-fr","17":"first","18":"instock","19":"shipping-taxable","20":"purchasable","21":"product-type-variable","22":"has-default-attributes"},"acf":[],"yoast_head":"<!-- This site is optimized with the Yoast SEO plugin v26.8 - https:\/\/yoast.com\/product\/yoast-seo-wordpress\/ -->\n<title>Chemise Classique en Soie Kaki pour Homme<\/title>\n<meta name=\"description\" content=\"Chemise Classique en Soie Kaki pour Homme\" \/>\n<meta name=\"robots\" content=\"noindex, follow, max-snippet:-1, max-image-preview:large, max-video-preview:-1\" \/>\n<meta property=\"og:locale\" content=\"fr_FR\" \/>\n<meta property=\"og:type\" content=\"article\" \/>\n<meta property=\"og:title\" content=\"Men&#039;s Khaki Silk Classic Shirts\" \/>\n<meta property=\"og:description\" content=\"Chemise Classique en Soie Kaki pour Homme\" \/>\n<meta property=\"og:url\" content=\"https:\/\/dev.triangle-des-bermudes.com\/fr\/produit\/chemise-classique-en-soie-kaki\/\" \/>\n<meta property=\"og:site_name\" content=\"Triangle des Bermudas\" \/>\n<meta property=\"article:publisher\" content=\"https:\\\/\\\/dev.triangle-des-bermudes.com\/\/dev.triangle-des-bermudes.com\/\/www.facebook.com\/triangledesbermudasofficial\/\" \/>\n<meta property=\"article:modified_time\" content=\"2026-05-08T15:12:37+00:00\" \/>\n<meta property=\"og:image\" content=\"https:\/\/dev.triangle-des-bermudes.com\/wp-content\/uploads\/BERMUDA1758-scaled.jpg\" \/>\n\t<meta property=\"og:image:width\" content=\"1868\" \/>\n\t<meta property=\"og:image:height\" content=\"2800\" \/>\n\t<meta property=\"og:image:type\" content=\"image\/jpeg\" \/>\n<meta name=\"twitter:card\" content=\"summary_large_image\" \/>\n<meta name=\"twitter:title\" content=\"Chemise Classique en Soie Kaki pour Homme\" \/>\n<meta name=\"twitter:description\" content=\"Chemise Classique en Soie Kaki pour Homme\" \/>\n<script type=\"application\/ld+json\" class=\"yoast-schema-graph\">{\"@context\":\"https:\/\/schema.org\",\"@graph\":[{\"@type\":[\"WebPage\",\"ItemPage\"],\"@id\":\"https:\/\/dev.triangle-des-bermudes.com\/fr\/produit\/chemise-classique-en-soie-kaki\/\",\"url\":\"https:\/\/dev.triangle-des-bermudes.com\/fr\/produit\/chemise-classique-en-soie-kaki\/\",\"name\":\"Chemise Classique en Soie Kaki pour Homme\",\"isPartOf\":{\"@id\":\"https:\/\/dev.triangle-des-bermudes.com\/fr\/#website\"},\"primaryImageOfPage\":{\"@id\":\"https:\/\/dev.triangle-des-bermudes.com\/fr\/produit\/chemise-classique-en-soie-kaki\/#primaryimage\"},\"image\":{\"@id\":\"https:\/\/dev.triangle-des-bermudes.com\/fr\/produit\/chemise-classique-en-soie-kaki\/#primaryimage\"},\"thumbnailUrl\":\"https:\/\/dev.triangle-des-bermudes.com\/wp-content\/uploads\/BERMUDA1758-scaled.jpg\",\"datePublished\":\"2026-04-29T09:47:33+00:00\",\"dateModified\":\"2026-05-08T15:12:37+00:00\",\"description\":\"Chemise Classique en Soie Kaki pour Homme\",\"breadcrumb\":{\"@id\":\"https:\/\/dev.triangle-des-bermudes.com\/fr\/produit\/chemise-classique-en-soie-kaki\/#breadcrumb\"},\"inLanguage\":\"fr-FR\",\"potentialAction\":[{\"@type\":\"ReadAction\",\"target\":[\"https:\/\/dev.triangle-des-bermudes.com\/fr\/produit\/chemise-classique-en-soie-kaki\/\"]}]},{\"@type\":\"ImageObject\",\"inLanguage\":\"fr-FR\",\"@id\":\"https:\/\/dev.triangle-des-bermudes.com\/fr\/produit\/chemise-classique-en-soie-kaki\/#primaryimage\",\"url\":\"https:\/\/dev.triangle-des-bermudes.com\/wp-content\/uploads\/BERMUDA1758-scaled.jpg\",\"contentUrl\":\"https:\/\/dev.triangle-des-bermudes.com\/wp-content\/uploads\/BERMUDA1758-scaled.jpg\",\"width\":1868,\"height\":2800},{\"@type\":\"BreadcrumbList\",\"@id\":\"https:\/\/dev.triangle-des-bermudes.com\/fr\/produit\/chemise-classique-en-soie-kaki\/#breadcrumb\",\"itemListElement\":[{\"@type\":\"ListItem\",\"position\":1,\"name\":\"Boutique\",\"item\":\"https:\/\/dev.triangle-des-bermudes.com\/fr\/boutique\/\"},{\"@type\":\"ListItem\",\"position\":2,\"name\":\"La Collection Soie\",\"item\":\"https:\/\/dev.triangle-des-bermudes.com\/fr\/catalogue\/la-collection-soie\/\"},{\"@type\":\"ListItem\",\"position\":3,\"name\":\"Chemises Classiques\",\"item\":\"https:\/\/dev.triangle-des-bermudes.com\/fr\/catalogue\/la-collection-soie\/chemises-classiques-soie\/\"},{\"@type\":\"ListItem\",\"position\":4,\"name\":\"Chemise Classique en Soie Kaki\"}]},{\"@type\":\"WebSite\",\"@id\":\"https:\/\/dev.triangle-des-bermudes.com\/fr\/#website\",\"url\":\"https:\/\/dev.triangle-des-bermudes.com\/fr\/\",\"name\":\"Triangle des Bermudas\",\"description\":\"Quality clothing &amp; accessories for Men &amp; Women\",\"publisher\":{\"@id\":\"https:\/\/dev.triangle-des-bermudes.com\/fr\/#organization\"},\"potentialAction\":[{\"@type\":\"SearchAction\",\"target\":{\"@type\":\"EntryPoint\",\"urlTemplate\":\"https:\/\/dev.triangle-des-bermudes.com\/fr\/?s={search_term_string}\"},\"query-input\":{\"@type\":\"PropertyValueSpecification\",\"valueRequired\":true,\"valueName\":\"search_term_string\"}}],\"inLanguage\":\"fr-FR\"},{\"@type\":\"Organization\",\"@id\":\"https:\/\/dev.triangle-des-bermudes.com\/fr\/#organization\",\"name\":\"Triangle des Bermudas\",\"url\":\"https:\/\/dev.triangle-des-bermudes.com\/fr\/\",\"logo\":{\"@type\":\"ImageObject\",\"inLanguage\":\"fr-FR\",\"@id\":\"https:\/\/dev.triangle-des-bermudes.com\/fr\/#\/schema\/logo\/image\/\",\"url\":\"https:\/\/dev.triangle-des-bermudes.com\/wp-content\/uploads\/tdblogo01.svg\",\"contentUrl\":\"https:\/\/dev.triangle-des-bermudes.com\/wp-content\/uploads\/tdblogo01.svg\",\"caption\":\"Triangle des Bermudas\"},\"image\":{\"@id\":\"https:\/\/dev.triangle-des-bermudes.com\/fr\/#\/schema\/logo\/image\/\"},\"sameAs\":[\"https:\\\\\/\\\\\/dev.triangle-des-bermudes.com\/\/dev.triangle-des-bermudes.com\/\/www.facebook.com\/triangledesbermudasofficial\/\",\"https:\\\\\/\\\\\/dev.triangle-des-bermudes.com\/\/dev.triangle-des-bermudes.com\/\/www.instagram.com\/triangledesbermudas_\/\"]}]}<\/script>\n<!-- \/ Yoast SEO plugin. -->","yoast_head_json":{"title":"Chemise Classique en Soie Kaki pour Homme","description":"Chemise Classique en Soie Kaki pour Homme","robots":{"index":"noindex","follow":"follow","max-snippet":"max-snippet:-1","max-image-preview":"max-image-preview:large","max-video-preview":"max-video-preview:-1"},"og_locale":"fr_FR","og_type":"article","og_title":"Men's Khaki Silk Classic Shirts","og_description":"Chemise Classique en Soie Kaki pour Homme","og_url":"https:\/\/dev.triangle-des-bermudes.com\/fr\/produit\/chemise-classique-en-soie-kaki\/","og_site_name":"Triangle des Bermudas","article_publisher":"https:\\\/\\\/dev.triangle-des-bermudes.com\/\/dev.triangle-des-bermudes.com\/\/www.facebook.com\/triangledesbermudasofficial\/","article_modified_time":"2026-05-08T15:12:37+00:00","og_image":[{"width":1868,"height":2800,"url":"https:\/\/dev.triangle-des-bermudes.com\/wp-content\/uploads\/BERMUDA1758-scaled.jpg","type":"image\/jpeg"}],"twitter_card":"summary_large_image","twitter_title":"Chemise Classique en Soie Kaki pour Homme","twitter_description":"Chemise Classique en Soie Kaki pour Homme","schema":{"@context":"https:\/\/schema.org","@graph":[{"@type":["WebPage","ItemPage"],"@id":"https:\/\/dev.triangle-des-bermudes.com\/fr\/produit\/chemise-classique-en-soie-kaki\/","url":"https:\/\/dev.triangle-des-bermudes.com\/fr\/produit\/chemise-classique-en-soie-kaki\/","name":"Chemise Classique en Soie Kaki pour Homme","isPartOf":{"@id":"https:\/\/dev.triangle-des-bermudes.com\/fr\/#website"},"primaryImageOfPage":{"@id":"https:\/\/dev.triangle-des-bermudes.com\/fr\/produit\/chemise-classique-en-soie-kaki\/#primaryimage"},"image":{"@id":"https:\/\/dev.triangle-des-bermudes.com\/fr\/produit\/chemise-classique-en-soie-kaki\/#primaryimage"},"thumbnailUrl":"https:\/\/dev.triangle-des-bermudes.com\/wp-content\/uploads\/BERMUDA1758-scaled.jpg","datePublished":"2026-04-29T09:47:33+00:00","dateModified":"2026-05-08T15:12:37+00:00","description":"Chemise Classique en Soie Kaki pour Homme","breadcrumb":{"@id":"https:\/\/dev.triangle-des-bermudes.com\/fr\/produit\/chemise-classique-en-soie-kaki\/#breadcrumb"},"inLanguage":"fr-FR","potentialAction":[{"@type":"ReadAction","target":["https:\/\/dev.triangle-des-bermudes.com\/fr\/produit\/chemise-classique-en-soie-kaki\/"]}]},{"@type":"ImageObject","inLanguage":"fr-FR","@id":"https:\/\/dev.triangle-des-bermudes.com\/fr\/produit\/chemise-classique-en-soie-kaki\/#primaryimage","url":"https:\/\/dev.triangle-des-bermudes.com\/wp-content\/uploads\/BERMUDA1758-scaled.jpg","contentUrl":"https:\/\/dev.triangle-des-bermudes.com\/wp-content\/uploads\/BERMUDA1758-scaled.jpg","width":1868,"height":2800},{"@type":"BreadcrumbList","@id":"https:\/\/dev.triangle-des-bermudes.com\/fr\/produit\/chemise-classique-en-soie-kaki\/#breadcrumb","itemListElement":[{"@type":"ListItem","position":1,"name":"Boutique","item":"https:\/\/dev.triangle-des-bermudes.com\/fr\/boutique\/"},{"@type":"ListItem","position":2,"name":"La Collection Soie","item":"https:\/\/dev.triangle-des-bermudes.com\/fr\/catalogue\/la-collection-soie\/"},{"@type":"ListItem","position":3,"name":"Chemises Classiques","item":"https:\/\/dev.triangle-des-bermudes.com\/fr\/catalogue\/la-collection-soie\/chemises-classiques-soie\/"},{"@type":"ListItem","position":4,"name":"Chemise Classique en Soie Kaki"}]},{"@type":"WebSite","@id":"https:\/\/dev.triangle-des-bermudes.com\/fr\/#website","url":"https:\/\/dev.triangle-des-bermudes.com\/fr\/","name":"Triangle des Bermudas","description":"Quality clothing &amp; accessories for Men &amp; Women","publisher":{"@id":"https:\/\/dev.triangle-des-bermudes.com\/fr\/#organization"},"potentialAction":[{"@type":"SearchAction","target":{"@type":"EntryPoint","urlTemplate":"https:\/\/dev.triangle-des-bermudes.com\/fr\/?s={search_term_string}"},"query-input":{"@type":"PropertyValueSpecification","valueRequired":true,"valueName":"search_term_string"}}],"inLanguage":"fr-FR"},{"@type":"Organization","@id":"https:\/\/dev.triangle-des-bermudes.com\/fr\/#organization","name":"Triangle des Bermudas","url":"https:\/\/dev.triangle-des-bermudes.com\/fr\/","logo":{"@type":"ImageObject","inLanguage":"fr-FR","@id":"https:\/\/dev.triangle-des-bermudes.com\/fr\/#\/schema\/logo\/image\/","url":"https:\/\/dev.triangle-des-bermudes.com\/wp-content\/uploads\/tdblogo01.svg","contentUrl":"https:\/\/dev.triangle-des-bermudes.com\/wp-content\/uploads\/tdblogo01.svg","caption":"Triangle des Bermudas"},"image":{"@id":"https:\/\/dev.triangle-des-bermudes.com\/fr\/#\/schema\/logo\/image\/"},"sameAs":["https:\\\/\\\/dev.triangle-des-bermudes.com\/\/dev.triangle-des-bermudes.com\/\/www.facebook.com\/triangledesbermudasofficial\/","https:\\\/\\\/dev.triangle-des-bermudes.com\/\/dev.triangle-des-bermudes.com\/\/www.instagram.com\/triangledesbermudas_\/"]}]}},"_links":{"self":[{"href":"https:\/\/dev.triangle-des-bermudes.com\/fr\/wp-json\/wp\/v2\/product\/24856","targetHints":{"allow":["GET"]}}],"collection":[{"href":"https:\/\/dev.triangle-des-bermudes.com\/fr\/wp-json\/wp\/v2\/product"}],"about":[{"href":"https:\/\/dev.triangle-des-bermudes.com\/fr\/wp-json\/wp\/v2\/types\/product"}],"version-history":[{"count":1,"href":"https:\/\/dev.triangle-des-bermudes.com\/fr\/wp-json\/wp\/v2\/product\/24856\/revisions"}],"predecessor-version":[{"id":24899,"href":"https:\/\/dev.triangle-des-bermudes.com\/fr\/wp-json\/wp\/v2\/product\/24856\/revisions\/24899"}],"wp:featuredmedia":[{"embeddable":true,"href":"https:\/\/dev.triangle-des-bermudes.com\/fr\/wp-json\/wp\/v2\/media\/24849"}],"wp:attachment":[{"href":"https:\/\/dev.triangle-des-bermudes.com\/fr\/wp-json\/wp\/v2\/media?parent=24856"}],"wp:term":[{"taxonomy":"product_brand","embeddable":true,"href":"https:\/\/dev.triangle-des-bermudes.com\/fr\/wp-json\/wp\/v2\/product_brand?post=24856"},{"taxonomy":"product_cat","embeddable":true,"href":"https:\/\/dev.triangle-des-bermudes.com\/fr\/wp-json\/wp\/v2\/product_cat?post=24856"},{"taxonomy":"product_tag","embeddable":true,"href":"https:\/\/dev.triangle-des-bermudes.com\/fr\/wp-json\/wp\/v2\/product_tag?post=24856"}],"curies":[{"name":"wp","href":"https:\/\/api.w.org\/{rel}","templated":true}]}}