{"id":24758,"date":"2026-04-28T19:05:47","date_gmt":"2026-04-28T17:05:47","guid":{"rendered":"https:\/\/dev.triangle-des-bermudes.com\/product\/bermuda-en-soie-aigrette\/"},"modified":"2026-05-08T16:34:34","modified_gmt":"2026-05-08T14:34:34","slug":"bermuda-en-soie-aigrette","status":"publish","type":"product","link":"https:\/\/dev.triangle-des-bermudes.com\/fr\/produit\/bermuda-en-soie-aigrette\/","title":{"rendered":"Bermuda en Soie Aigrette"},"content":{"rendered":"<p>D\u00e9couvrez nos <strong>Bermudas en Soie pour homme<\/strong>, o\u00f9 le style raffin\u00e9 rencontre le confort sans effort. Ces bermudas ont \u00e9t\u00e9 con\u00e7us pour offrir une sensation fraiche et l\u00e9g\u00e8re, id\u00e9ale pour les journ\u00e9es chaudes ou les soir\u00e9es d&rsquo;\u00e9t\u00e9. La soie lavable garantit un entretien facile tout en conservant un look sophistiqu\u00e9.  <\/p>\n<p>Le tissu est tr\u00e8s confortable et adapt\u00e9 \u00e0 diverses occasions : <strong>Sorties \u00e0 la plage \u2013 \u00c9v\u00e9nements estivaux \u2013 Rassemblements d\u00e9contract\u00e9s<\/strong> \u2013 Voyages et bien plus encore.<\/p>\n<p>Portez ces bermudas en soie avec une chemise en lin ou un polo pour un look \u00e9l\u00e9gant et d\u00e9contract\u00e9. Vous pouvez aussi les associer \u00e0 un t-shirt rentr\u00e9 pour un style plus moderne et d\u00e9contract\u00e9. <\/p>\n<p>&nbsp;<\/p>\n<h3>Confort et style<\/h3>\n<p>&nbsp;<\/p>\n<p>La coupe ajust\u00e9e assure \u00e9galement un confort optimal pour toutes les morphologies. La coupe ajust\u00e9e assure \u00e9galement un confort optimal pour toutes les morphologies. De plus, ces bermudas sont durables et faciles \u00e0 entretenir, ce qui en fait un investissement durable pour votre garde-robe. Leur m\u00e9lange d&rsquo;\u00e9l\u00e9gance, de confort et de polyvalence en fait un choix incontournable pour une tenue estivale raffin\u00e9e. <\/p>\n","protected":false},"excerpt":{"rendered":"<p>Bermuda en Soie Aigrette pour Homme<\/p>\n","protected":false},"featured_media":24752,"template":"","meta":{"_acf_changed":false},"product_brand":[],"product_cat":[638,744],"product_tag":[],"class_list":{"0":"post-24758","1":"product","2":"type-product","3":"status-publish","4":"has-post-thumbnail","6":"product_cat-la-collection-soie","7":"product_cat-bermudas-soie","8":"pa_color-silk-aigrette","9":"pa_global-colors-blanc","10":"pa_size-number-30-fr","11":"pa_size-number-32-fr","12":"pa_size-number-34-fr","13":"pa_size-number-36-fr","14":"pa_size-number-38-fr","15":"pa_size-number-40-fr","16":"pa_size-number-42-fr","18":"first","19":"instock","20":"shipping-taxable","21":"purchasable","22":"product-type-variable","23":"has-default-attributes"},"acf":[],"yoast_head":"<!-- This site is optimized with the Yoast SEO plugin v26.8 - https:\/\/yoast.com\/product\/yoast-seo-wordpress\/ -->\n<title>Bermuda en Soie Aigrette pour Homme<\/title>\n<meta name=\"description\" content=\"Bermuda en Soie Aigrette pour Homme\" \/>\n<meta name=\"robots\" content=\"noindex, follow, max-snippet:-1, max-image-preview:large, max-video-preview:-1\" \/>\n<meta property=\"og:locale\" content=\"fr_FR\" \/>\n<meta property=\"og:type\" content=\"article\" \/>\n<meta property=\"og:title\" content=\"Bermuda en Soie Aigrette pour Homme\" \/>\n<meta property=\"og:description\" content=\"Bermuda en Soie Aigrette pour Homme\" \/>\n<meta property=\"og:url\" content=\"https:\/\/dev.triangle-des-bermudes.com\/fr\/produit\/bermuda-en-soie-aigrette\/\" \/>\n<meta property=\"og:site_name\" content=\"Triangle des Bermudas\" \/>\n<meta property=\"article:publisher\" content=\"https:\\\/\\\/dev.triangle-des-bermudes.com\/\/dev.triangle-des-bermudes.com\/\/www.facebook.com\/triangledesbermudasofficial\/\" \/>\n<meta property=\"article:modified_time\" content=\"2026-05-08T14:34:34+00:00\" \/>\n<meta property=\"og:image\" content=\"https:\/\/dev.triangle-des-bermudes.com\/wp-content\/uploads\/BERMUDA1980.jpg\" \/>\n\t<meta property=\"og:image:width\" content=\"1158\" \/>\n\t<meta property=\"og:image:height\" content=\"1737\" \/>\n\t<meta property=\"og:image:type\" content=\"image\/jpeg\" \/>\n<meta name=\"twitter:card\" content=\"summary_large_image\" \/>\n<meta name=\"twitter:title\" content=\"Bermuda en Soie Aigrette pour Homme\" \/>\n<meta name=\"twitter:description\" content=\"Bermuda en Soie Aigrette pour Homme\" \/>\n<script type=\"application\/ld+json\" class=\"yoast-schema-graph\">{\"@context\":\"https:\/\/schema.org\",\"@graph\":[{\"@type\":[\"WebPage\",\"ItemPage\"],\"@id\":\"https:\/\/dev.triangle-des-bermudes.com\/fr\/produit\/bermuda-en-soie-aigrette\/\",\"url\":\"https:\/\/dev.triangle-des-bermudes.com\/fr\/produit\/bermuda-en-soie-aigrette\/\",\"name\":\"Bermuda en Soie Aigrette pour Homme\",\"isPartOf\":{\"@id\":\"https:\/\/dev.triangle-des-bermudes.com\/fr\/#website\"},\"primaryImageOfPage\":{\"@id\":\"https:\/\/dev.triangle-des-bermudes.com\/fr\/produit\/bermuda-en-soie-aigrette\/#primaryimage\"},\"image\":{\"@id\":\"https:\/\/dev.triangle-des-bermudes.com\/fr\/produit\/bermuda-en-soie-aigrette\/#primaryimage\"},\"thumbnailUrl\":\"https:\/\/dev.triangle-des-bermudes.com\/wp-content\/uploads\/BERMUDA1980.jpg\",\"datePublished\":\"2026-04-28T17:05:47+00:00\",\"dateModified\":\"2026-05-08T14:34:34+00:00\",\"description\":\"Bermuda en Soie Aigrette pour Homme\",\"breadcrumb\":{\"@id\":\"https:\/\/dev.triangle-des-bermudes.com\/fr\/produit\/bermuda-en-soie-aigrette\/#breadcrumb\"},\"inLanguage\":\"fr-FR\",\"potentialAction\":[{\"@type\":\"ReadAction\",\"target\":[\"https:\/\/dev.triangle-des-bermudes.com\/fr\/produit\/bermuda-en-soie-aigrette\/\"]}]},{\"@type\":\"ImageObject\",\"inLanguage\":\"fr-FR\",\"@id\":\"https:\/\/dev.triangle-des-bermudes.com\/fr\/produit\/bermuda-en-soie-aigrette\/#primaryimage\",\"url\":\"https:\/\/dev.triangle-des-bermudes.com\/wp-content\/uploads\/BERMUDA1980.jpg\",\"contentUrl\":\"https:\/\/dev.triangle-des-bermudes.com\/wp-content\/uploads\/BERMUDA1980.jpg\",\"width\":1158,\"height\":1737},{\"@type\":\"BreadcrumbList\",\"@id\":\"https:\/\/dev.triangle-des-bermudes.com\/fr\/produit\/bermuda-en-soie-aigrette\/#breadcrumb\",\"itemListElement\":[{\"@type\":\"ListItem\",\"position\":1,\"name\":\"Boutique\",\"item\":\"https:\/\/dev.triangle-des-bermudes.com\/fr\/boutique\/\"},{\"@type\":\"ListItem\",\"position\":2,\"name\":\"La Collection Soie\",\"item\":\"https:\/\/dev.triangle-des-bermudes.com\/fr\/catalogue\/la-collection-soie\/\"},{\"@type\":\"ListItem\",\"position\":3,\"name\":\"Bermudas\",\"item\":\"https:\/\/dev.triangle-des-bermudes.com\/fr\/catalogue\/la-collection-soie\/bermudas-soie\/\"},{\"@type\":\"ListItem\",\"position\":4,\"name\":\"Bermuda en Soie Aigrette\"}]},{\"@type\":\"WebSite\",\"@id\":\"https:\/\/dev.triangle-des-bermudes.com\/fr\/#website\",\"url\":\"https:\/\/dev.triangle-des-bermudes.com\/fr\/\",\"name\":\"Triangle des Bermudas\",\"description\":\"Quality clothing &amp; accessories for Men &amp; Women\",\"publisher\":{\"@id\":\"https:\/\/dev.triangle-des-bermudes.com\/fr\/#organization\"},\"potentialAction\":[{\"@type\":\"SearchAction\",\"target\":{\"@type\":\"EntryPoint\",\"urlTemplate\":\"https:\/\/dev.triangle-des-bermudes.com\/fr\/?s={search_term_string}\"},\"query-input\":{\"@type\":\"PropertyValueSpecification\",\"valueRequired\":true,\"valueName\":\"search_term_string\"}}],\"inLanguage\":\"fr-FR\"},{\"@type\":\"Organization\",\"@id\":\"https:\/\/dev.triangle-des-bermudes.com\/fr\/#organization\",\"name\":\"Triangle des Bermudas\",\"url\":\"https:\/\/dev.triangle-des-bermudes.com\/fr\/\",\"logo\":{\"@type\":\"ImageObject\",\"inLanguage\":\"fr-FR\",\"@id\":\"https:\/\/dev.triangle-des-bermudes.com\/fr\/#\/schema\/logo\/image\/\",\"url\":\"https:\/\/dev.triangle-des-bermudes.com\/wp-content\/uploads\/tdblogo01.svg\",\"contentUrl\":\"https:\/\/dev.triangle-des-bermudes.com\/wp-content\/uploads\/tdblogo01.svg\",\"caption\":\"Triangle des Bermudas\"},\"image\":{\"@id\":\"https:\/\/dev.triangle-des-bermudes.com\/fr\/#\/schema\/logo\/image\/\"},\"sameAs\":[\"https:\\\\\/\\\\\/dev.triangle-des-bermudes.com\/\/dev.triangle-des-bermudes.com\/\/www.facebook.com\/triangledesbermudasofficial\/\",\"https:\\\\\/\\\\\/dev.triangle-des-bermudes.com\/\/dev.triangle-des-bermudes.com\/\/www.instagram.com\/triangledesbermudas_\/\"]}]}<\/script>\n<!-- \/ Yoast SEO plugin. -->","yoast_head_json":{"title":"Bermuda en Soie Aigrette pour Homme","description":"Bermuda en Soie Aigrette pour Homme","robots":{"index":"noindex","follow":"follow","max-snippet":"max-snippet:-1","max-image-preview":"max-image-preview:large","max-video-preview":"max-video-preview:-1"},"og_locale":"fr_FR","og_type":"article","og_title":"Bermuda en Soie Aigrette pour Homme","og_description":"Bermuda en Soie Aigrette pour Homme","og_url":"https:\/\/dev.triangle-des-bermudes.com\/fr\/produit\/bermuda-en-soie-aigrette\/","og_site_name":"Triangle des Bermudas","article_publisher":"https:\\\/\\\/dev.triangle-des-bermudes.com\/\/dev.triangle-des-bermudes.com\/\/www.facebook.com\/triangledesbermudasofficial\/","article_modified_time":"2026-05-08T14:34:34+00:00","og_image":[{"width":1158,"height":1737,"url":"https:\/\/dev.triangle-des-bermudes.com\/wp-content\/uploads\/BERMUDA1980.jpg","type":"image\/jpeg"}],"twitter_card":"summary_large_image","twitter_title":"Bermuda en Soie Aigrette pour Homme","twitter_description":"Bermuda en Soie Aigrette pour Homme","schema":{"@context":"https:\/\/schema.org","@graph":[{"@type":["WebPage","ItemPage"],"@id":"https:\/\/dev.triangle-des-bermudes.com\/fr\/produit\/bermuda-en-soie-aigrette\/","url":"https:\/\/dev.triangle-des-bermudes.com\/fr\/produit\/bermuda-en-soie-aigrette\/","name":"Bermuda en Soie Aigrette pour Homme","isPartOf":{"@id":"https:\/\/dev.triangle-des-bermudes.com\/fr\/#website"},"primaryImageOfPage":{"@id":"https:\/\/dev.triangle-des-bermudes.com\/fr\/produit\/bermuda-en-soie-aigrette\/#primaryimage"},"image":{"@id":"https:\/\/dev.triangle-des-bermudes.com\/fr\/produit\/bermuda-en-soie-aigrette\/#primaryimage"},"thumbnailUrl":"https:\/\/dev.triangle-des-bermudes.com\/wp-content\/uploads\/BERMUDA1980.jpg","datePublished":"2026-04-28T17:05:47+00:00","dateModified":"2026-05-08T14:34:34+00:00","description":"Bermuda en Soie Aigrette pour Homme","breadcrumb":{"@id":"https:\/\/dev.triangle-des-bermudes.com\/fr\/produit\/bermuda-en-soie-aigrette\/#breadcrumb"},"inLanguage":"fr-FR","potentialAction":[{"@type":"ReadAction","target":["https:\/\/dev.triangle-des-bermudes.com\/fr\/produit\/bermuda-en-soie-aigrette\/"]}]},{"@type":"ImageObject","inLanguage":"fr-FR","@id":"https:\/\/dev.triangle-des-bermudes.com\/fr\/produit\/bermuda-en-soie-aigrette\/#primaryimage","url":"https:\/\/dev.triangle-des-bermudes.com\/wp-content\/uploads\/BERMUDA1980.jpg","contentUrl":"https:\/\/dev.triangle-des-bermudes.com\/wp-content\/uploads\/BERMUDA1980.jpg","width":1158,"height":1737},{"@type":"BreadcrumbList","@id":"https:\/\/dev.triangle-des-bermudes.com\/fr\/produit\/bermuda-en-soie-aigrette\/#breadcrumb","itemListElement":[{"@type":"ListItem","position":1,"name":"Boutique","item":"https:\/\/dev.triangle-des-bermudes.com\/fr\/boutique\/"},{"@type":"ListItem","position":2,"name":"La Collection Soie","item":"https:\/\/dev.triangle-des-bermudes.com\/fr\/catalogue\/la-collection-soie\/"},{"@type":"ListItem","position":3,"name":"Bermudas","item":"https:\/\/dev.triangle-des-bermudes.com\/fr\/catalogue\/la-collection-soie\/bermudas-soie\/"},{"@type":"ListItem","position":4,"name":"Bermuda en Soie Aigrette"}]},{"@type":"WebSite","@id":"https:\/\/dev.triangle-des-bermudes.com\/fr\/#website","url":"https:\/\/dev.triangle-des-bermudes.com\/fr\/","name":"Triangle des Bermudas","description":"Quality clothing &amp; accessories for Men &amp; Women","publisher":{"@id":"https:\/\/dev.triangle-des-bermudes.com\/fr\/#organization"},"potentialAction":[{"@type":"SearchAction","target":{"@type":"EntryPoint","urlTemplate":"https:\/\/dev.triangle-des-bermudes.com\/fr\/?s={search_term_string}"},"query-input":{"@type":"PropertyValueSpecification","valueRequired":true,"valueName":"search_term_string"}}],"inLanguage":"fr-FR"},{"@type":"Organization","@id":"https:\/\/dev.triangle-des-bermudes.com\/fr\/#organization","name":"Triangle des Bermudas","url":"https:\/\/dev.triangle-des-bermudes.com\/fr\/","logo":{"@type":"ImageObject","inLanguage":"fr-FR","@id":"https:\/\/dev.triangle-des-bermudes.com\/fr\/#\/schema\/logo\/image\/","url":"https:\/\/dev.triangle-des-bermudes.com\/wp-content\/uploads\/tdblogo01.svg","contentUrl":"https:\/\/dev.triangle-des-bermudes.com\/wp-content\/uploads\/tdblogo01.svg","caption":"Triangle des Bermudas"},"image":{"@id":"https:\/\/dev.triangle-des-bermudes.com\/fr\/#\/schema\/logo\/image\/"},"sameAs":["https:\\\/\\\/dev.triangle-des-bermudes.com\/\/dev.triangle-des-bermudes.com\/\/www.facebook.com\/triangledesbermudasofficial\/","https:\\\/\\\/dev.triangle-des-bermudes.com\/\/dev.triangle-des-bermudes.com\/\/www.instagram.com\/triangledesbermudas_\/"]}]}},"_links":{"self":[{"href":"https:\/\/dev.triangle-des-bermudes.com\/fr\/wp-json\/wp\/v2\/product\/24758","targetHints":{"allow":["GET"]}}],"collection":[{"href":"https:\/\/dev.triangle-des-bermudes.com\/fr\/wp-json\/wp\/v2\/product"}],"about":[{"href":"https:\/\/dev.triangle-des-bermudes.com\/fr\/wp-json\/wp\/v2\/types\/product"}],"version-history":[{"count":1,"href":"https:\/\/dev.triangle-des-bermudes.com\/fr\/wp-json\/wp\/v2\/product\/24758\/revisions"}],"predecessor-version":[{"id":24814,"href":"https:\/\/dev.triangle-des-bermudes.com\/fr\/wp-json\/wp\/v2\/product\/24758\/revisions\/24814"}],"wp:featuredmedia":[{"embeddable":true,"href":"https:\/\/dev.triangle-des-bermudes.com\/fr\/wp-json\/wp\/v2\/media\/24752"}],"wp:attachment":[{"href":"https:\/\/dev.triangle-des-bermudes.com\/fr\/wp-json\/wp\/v2\/media?parent=24758"}],"wp:term":[{"taxonomy":"product_brand","embeddable":true,"href":"https:\/\/dev.triangle-des-bermudes.com\/fr\/wp-json\/wp\/v2\/product_brand?post=24758"},{"taxonomy":"product_cat","embeddable":true,"href":"https:\/\/dev.triangle-des-bermudes.com\/fr\/wp-json\/wp\/v2\/product_cat?post=24758"},{"taxonomy":"product_tag","embeddable":true,"href":"https:\/\/dev.triangle-des-bermudes.com\/fr\/wp-json\/wp\/v2\/product_tag?post=24758"}],"curies":[{"name":"wp","href":"https:\/\/api.w.org\/{rel}","templated":true}]}}