{"id":24394,"date":"2026-04-30T15:25:18","date_gmt":"2026-04-30T13:25:18","guid":{"rendered":"https:\/\/dev.triangle-des-bermudes.com\/product\/polo-decontracte-en-eponge-bleu-polaire\/"},"modified":"2026-05-08T20:34:32","modified_gmt":"2026-05-08T18:34:32","slug":"polo-decontracte-en-eponge-bleu-polaire","status":"publish","type":"product","link":"https:\/\/dev.triangle-des-bermudes.com\/fr\/produit\/polo-decontracte-en-eponge-bleu-polaire\/","title":{"rendered":"Polo D\u00e9contract\u00e9 en \u00c9ponge Bleu Polaire"},"content":{"rendered":"<p>D\u00e9couvrez notre polo en \u00e9ponge confortable pour homme, o\u00f9 douceur rime avec style d\u00e9contract\u00e9. Ce polo a \u00e9t\u00e9 con\u00e7u pour offrir un confort ultime avec un mat\u00e9riau doux et absorbant, id\u00e9al pour les journ\u00e9es chaudes ou les activit\u00e9s sportives.<\/p>\n<p>Le tissu est tr\u00e8s confortable et adapt\u00e9 \u00e0 diverses occasions : <strong>Golf \u2013 Tennis \u2013 Sorties d\u00e9contract\u00e9es \u2013 Voyages<\/strong> et bien plus encore.<\/p>\n<p>Portez ce polo en \u00e9ponge avec des shorts ou des pantalons chino pour un look \u00e9l\u00e9gant et d\u00e9contract\u00e9. Vous pouvez aussi le porter avec le col relev\u00e9 pour un style plus d\u00e9tendu.<\/p>\n<p>&nbsp;<\/p>\n<h3>Confort et Absorption<\/h3>\n<p>&nbsp;<\/p>\n<p>Le tissu extensible assure \u00e9galement un ajustement confortable et flatteur pour toutes les morphologies. De plus, ce polo est durable et facile \u00e0 entretenir, ce qui en fait un investissement durable pour votre garde-robe. Son m\u00e9lange de style, de confort et d&rsquo;absorption en fait un choix incontournable pour une tenue d\u00e9contract\u00e9e et confortable.<\/p>\n","protected":false},"excerpt":{"rendered":"<p>Polo D\u00e9contract\u00e9 en \u00c9ponge Bleu Polaire pour Homme<\/p>\n","protected":false},"featured_media":24387,"template":"","meta":{"_acf_changed":false},"product_brand":[],"product_cat":[641,751],"product_tag":[],"class_list":{"0":"post-24394","1":"product","2":"type-product","3":"status-publish","4":"has-post-thumbnail","6":"product_cat-la-collection-en-eponge","7":"product_cat-polos-decontractes-eponge","8":"pa_color-towelling-bleu-polaire","9":"pa_global-colors-bleu","10":"pa_size-letter-s-fr","11":"pa_size-letter-m-fr","12":"pa_size-letter-l-fr","13":"pa_size-letter-xl-fr","14":"pa_size-letter-xxl-fr","15":"pa_size-letter-xxxl-fr","17":"first","18":"instock","19":"shipping-taxable","20":"purchasable","21":"product-type-variable","22":"has-default-attributes"},"acf":[],"yoast_head":"<!-- This site is optimized with the Yoast SEO plugin v26.8 - https:\/\/yoast.com\/product\/yoast-seo-wordpress\/ -->\n<title>Polo D\u00e9contract\u00e9 en \u00c9ponge Bleu Polaire pour Homme<\/title>\n<meta name=\"description\" content=\"Polo D\u00e9contract\u00e9 en \u00c9ponge Bleu Polaire pour Homme\" \/>\n<meta name=\"robots\" content=\"noindex, follow, max-snippet:-1, max-image-preview:large, max-video-preview:-1\" \/>\n<meta property=\"og:locale\" content=\"fr_FR\" \/>\n<meta property=\"og:type\" content=\"article\" \/>\n<meta property=\"og:title\" content=\"Polo D\u00e9contract\u00e9 en \u00c9ponge Bleu Polaire pour Homme\" \/>\n<meta property=\"og:description\" content=\"Polo D\u00e9contract\u00e9 en \u00c9ponge Bleu Polaire pour Homme\" \/>\n<meta property=\"og:url\" content=\"https:\/\/dev.triangle-des-bermudes.com\/fr\/produit\/polo-decontracte-en-eponge-bleu-polaire\/\" \/>\n<meta property=\"og:site_name\" content=\"Triangle des Bermudas\" \/>\n<meta property=\"article:publisher\" content=\"https:\\\/\\\/dev.triangle-des-bermudes.com\/\/dev.triangle-des-bermudes.com\/\/www.facebook.com\/triangledesbermudasofficial\/\" \/>\n<meta property=\"article:modified_time\" content=\"2026-05-08T18:34:32+00:00\" \/>\n<meta property=\"og:image\" content=\"https:\/\/dev.triangle-des-bermudes.com\/wp-content\/uploads\/BERMUDA3883-scaled.jpg\" \/>\n\t<meta property=\"og:image:width\" content=\"1867\" \/>\n\t<meta property=\"og:image:height\" content=\"2800\" \/>\n\t<meta property=\"og:image:type\" content=\"image\/jpeg\" \/>\n<meta name=\"twitter:card\" content=\"summary_large_image\" \/>\n<meta name=\"twitter:title\" content=\"Polo D\u00e9contract\u00e9 en \u00c9ponge Bleu Polaire pour Homme\" \/>\n<meta name=\"twitter:description\" content=\"Polo D\u00e9contract\u00e9 en \u00c9ponge Bleu Polaire pour Homme\" \/>\n<script type=\"application\/ld+json\" class=\"yoast-schema-graph\">{\"@context\":\"https:\/\/schema.org\",\"@graph\":[{\"@type\":[\"WebPage\",\"ItemPage\"],\"@id\":\"https:\/\/dev.triangle-des-bermudes.com\/fr\/produit\/polo-decontracte-en-eponge-bleu-polaire\/\",\"url\":\"https:\/\/dev.triangle-des-bermudes.com\/fr\/produit\/polo-decontracte-en-eponge-bleu-polaire\/\",\"name\":\"Polo D\u00e9contract\u00e9 en \u00c9ponge Bleu Polaire pour Homme\",\"isPartOf\":{\"@id\":\"https:\/\/dev.triangle-des-bermudes.com\/fr\/#website\"},\"primaryImageOfPage\":{\"@id\":\"https:\/\/dev.triangle-des-bermudes.com\/fr\/produit\/polo-decontracte-en-eponge-bleu-polaire\/#primaryimage\"},\"image\":{\"@id\":\"https:\/\/dev.triangle-des-bermudes.com\/fr\/produit\/polo-decontracte-en-eponge-bleu-polaire\/#primaryimage\"},\"thumbnailUrl\":\"https:\/\/dev.triangle-des-bermudes.com\/wp-content\/uploads\/BERMUDA3883-scaled.jpg\",\"datePublished\":\"2026-04-30T13:25:18+00:00\",\"dateModified\":\"2026-05-08T18:34:32+00:00\",\"description\":\"Polo D\u00e9contract\u00e9 en \u00c9ponge Bleu Polaire pour Homme\",\"breadcrumb\":{\"@id\":\"https:\/\/dev.triangle-des-bermudes.com\/fr\/produit\/polo-decontracte-en-eponge-bleu-polaire\/#breadcrumb\"},\"inLanguage\":\"fr-FR\",\"potentialAction\":[{\"@type\":\"ReadAction\",\"target\":[\"https:\/\/dev.triangle-des-bermudes.com\/fr\/produit\/polo-decontracte-en-eponge-bleu-polaire\/\"]}]},{\"@type\":\"ImageObject\",\"inLanguage\":\"fr-FR\",\"@id\":\"https:\/\/dev.triangle-des-bermudes.com\/fr\/produit\/polo-decontracte-en-eponge-bleu-polaire\/#primaryimage\",\"url\":\"https:\/\/dev.triangle-des-bermudes.com\/wp-content\/uploads\/BERMUDA3883-scaled.jpg\",\"contentUrl\":\"https:\/\/dev.triangle-des-bermudes.com\/wp-content\/uploads\/BERMUDA3883-scaled.jpg\",\"width\":1867,\"height\":2800},{\"@type\":\"BreadcrumbList\",\"@id\":\"https:\/\/dev.triangle-des-bermudes.com\/fr\/produit\/polo-decontracte-en-eponge-bleu-polaire\/#breadcrumb\",\"itemListElement\":[{\"@type\":\"ListItem\",\"position\":1,\"name\":\"Boutique\",\"item\":\"https:\/\/dev.triangle-des-bermudes.com\/fr\/boutique\/\"},{\"@type\":\"ListItem\",\"position\":2,\"name\":\"La Collection en \u00c9ponge\",\"item\":\"https:\/\/dev.triangle-des-bermudes.com\/fr\/catalogue\/la-collection-en-eponge\/\"},{\"@type\":\"ListItem\",\"position\":3,\"name\":\"Polos D\u00e9contract\u00e9s\",\"item\":\"https:\/\/dev.triangle-des-bermudes.com\/fr\/catalogue\/la-collection-en-eponge\/polos-decontractes-eponge\/\"},{\"@type\":\"ListItem\",\"position\":4,\"name\":\"Polo D\u00e9contract\u00e9 en \u00c9ponge Bleu Polaire\"}]},{\"@type\":\"WebSite\",\"@id\":\"https:\/\/dev.triangle-des-bermudes.com\/fr\/#website\",\"url\":\"https:\/\/dev.triangle-des-bermudes.com\/fr\/\",\"name\":\"Triangle des Bermudas\",\"description\":\"Quality clothing &amp; accessories for Men &amp; Women\",\"publisher\":{\"@id\":\"https:\/\/dev.triangle-des-bermudes.com\/fr\/#organization\"},\"potentialAction\":[{\"@type\":\"SearchAction\",\"target\":{\"@type\":\"EntryPoint\",\"urlTemplate\":\"https:\/\/dev.triangle-des-bermudes.com\/fr\/?s={search_term_string}\"},\"query-input\":{\"@type\":\"PropertyValueSpecification\",\"valueRequired\":true,\"valueName\":\"search_term_string\"}}],\"inLanguage\":\"fr-FR\"},{\"@type\":\"Organization\",\"@id\":\"https:\/\/dev.triangle-des-bermudes.com\/fr\/#organization\",\"name\":\"Triangle des Bermudas\",\"url\":\"https:\/\/dev.triangle-des-bermudes.com\/fr\/\",\"logo\":{\"@type\":\"ImageObject\",\"inLanguage\":\"fr-FR\",\"@id\":\"https:\/\/dev.triangle-des-bermudes.com\/fr\/#\/schema\/logo\/image\/\",\"url\":\"https:\/\/dev.triangle-des-bermudes.com\/wp-content\/uploads\/tdblogo01.svg\",\"contentUrl\":\"https:\/\/dev.triangle-des-bermudes.com\/wp-content\/uploads\/tdblogo01.svg\",\"caption\":\"Triangle des Bermudas\"},\"image\":{\"@id\":\"https:\/\/dev.triangle-des-bermudes.com\/fr\/#\/schema\/logo\/image\/\"},\"sameAs\":[\"https:\\\\\/\\\\\/dev.triangle-des-bermudes.com\/\/dev.triangle-des-bermudes.com\/\/www.facebook.com\/triangledesbermudasofficial\/\",\"https:\\\\\/\\\\\/dev.triangle-des-bermudes.com\/\/dev.triangle-des-bermudes.com\/\/www.instagram.com\/triangledesbermudas_\/\"]}]}<\/script>\n<!-- \/ Yoast SEO plugin. -->","yoast_head_json":{"title":"Polo D\u00e9contract\u00e9 en \u00c9ponge Bleu Polaire pour Homme","description":"Polo D\u00e9contract\u00e9 en \u00c9ponge Bleu Polaire pour Homme","robots":{"index":"noindex","follow":"follow","max-snippet":"max-snippet:-1","max-image-preview":"max-image-preview:large","max-video-preview":"max-video-preview:-1"},"og_locale":"fr_FR","og_type":"article","og_title":"Polo D\u00e9contract\u00e9 en \u00c9ponge Bleu Polaire pour Homme","og_description":"Polo D\u00e9contract\u00e9 en \u00c9ponge Bleu Polaire pour Homme","og_url":"https:\/\/dev.triangle-des-bermudes.com\/fr\/produit\/polo-decontracte-en-eponge-bleu-polaire\/","og_site_name":"Triangle des Bermudas","article_publisher":"https:\\\/\\\/dev.triangle-des-bermudes.com\/\/dev.triangle-des-bermudes.com\/\/www.facebook.com\/triangledesbermudasofficial\/","article_modified_time":"2026-05-08T18:34:32+00:00","og_image":[{"width":1867,"height":2800,"url":"https:\/\/dev.triangle-des-bermudes.com\/wp-content\/uploads\/BERMUDA3883-scaled.jpg","type":"image\/jpeg"}],"twitter_card":"summary_large_image","twitter_title":"Polo D\u00e9contract\u00e9 en \u00c9ponge Bleu Polaire pour Homme","twitter_description":"Polo D\u00e9contract\u00e9 en \u00c9ponge Bleu Polaire pour Homme","schema":{"@context":"https:\/\/schema.org","@graph":[{"@type":["WebPage","ItemPage"],"@id":"https:\/\/dev.triangle-des-bermudes.com\/fr\/produit\/polo-decontracte-en-eponge-bleu-polaire\/","url":"https:\/\/dev.triangle-des-bermudes.com\/fr\/produit\/polo-decontracte-en-eponge-bleu-polaire\/","name":"Polo D\u00e9contract\u00e9 en \u00c9ponge Bleu Polaire pour Homme","isPartOf":{"@id":"https:\/\/dev.triangle-des-bermudes.com\/fr\/#website"},"primaryImageOfPage":{"@id":"https:\/\/dev.triangle-des-bermudes.com\/fr\/produit\/polo-decontracte-en-eponge-bleu-polaire\/#primaryimage"},"image":{"@id":"https:\/\/dev.triangle-des-bermudes.com\/fr\/produit\/polo-decontracte-en-eponge-bleu-polaire\/#primaryimage"},"thumbnailUrl":"https:\/\/dev.triangle-des-bermudes.com\/wp-content\/uploads\/BERMUDA3883-scaled.jpg","datePublished":"2026-04-30T13:25:18+00:00","dateModified":"2026-05-08T18:34:32+00:00","description":"Polo D\u00e9contract\u00e9 en \u00c9ponge Bleu Polaire pour Homme","breadcrumb":{"@id":"https:\/\/dev.triangle-des-bermudes.com\/fr\/produit\/polo-decontracte-en-eponge-bleu-polaire\/#breadcrumb"},"inLanguage":"fr-FR","potentialAction":[{"@type":"ReadAction","target":["https:\/\/dev.triangle-des-bermudes.com\/fr\/produit\/polo-decontracte-en-eponge-bleu-polaire\/"]}]},{"@type":"ImageObject","inLanguage":"fr-FR","@id":"https:\/\/dev.triangle-des-bermudes.com\/fr\/produit\/polo-decontracte-en-eponge-bleu-polaire\/#primaryimage","url":"https:\/\/dev.triangle-des-bermudes.com\/wp-content\/uploads\/BERMUDA3883-scaled.jpg","contentUrl":"https:\/\/dev.triangle-des-bermudes.com\/wp-content\/uploads\/BERMUDA3883-scaled.jpg","width":1867,"height":2800},{"@type":"BreadcrumbList","@id":"https:\/\/dev.triangle-des-bermudes.com\/fr\/produit\/polo-decontracte-en-eponge-bleu-polaire\/#breadcrumb","itemListElement":[{"@type":"ListItem","position":1,"name":"Boutique","item":"https:\/\/dev.triangle-des-bermudes.com\/fr\/boutique\/"},{"@type":"ListItem","position":2,"name":"La Collection en \u00c9ponge","item":"https:\/\/dev.triangle-des-bermudes.com\/fr\/catalogue\/la-collection-en-eponge\/"},{"@type":"ListItem","position":3,"name":"Polos D\u00e9contract\u00e9s","item":"https:\/\/dev.triangle-des-bermudes.com\/fr\/catalogue\/la-collection-en-eponge\/polos-decontractes-eponge\/"},{"@type":"ListItem","position":4,"name":"Polo D\u00e9contract\u00e9 en \u00c9ponge Bleu Polaire"}]},{"@type":"WebSite","@id":"https:\/\/dev.triangle-des-bermudes.com\/fr\/#website","url":"https:\/\/dev.triangle-des-bermudes.com\/fr\/","name":"Triangle des Bermudas","description":"Quality clothing &amp; accessories for Men &amp; Women","publisher":{"@id":"https:\/\/dev.triangle-des-bermudes.com\/fr\/#organization"},"potentialAction":[{"@type":"SearchAction","target":{"@type":"EntryPoint","urlTemplate":"https:\/\/dev.triangle-des-bermudes.com\/fr\/?s={search_term_string}"},"query-input":{"@type":"PropertyValueSpecification","valueRequired":true,"valueName":"search_term_string"}}],"inLanguage":"fr-FR"},{"@type":"Organization","@id":"https:\/\/dev.triangle-des-bermudes.com\/fr\/#organization","name":"Triangle des Bermudas","url":"https:\/\/dev.triangle-des-bermudes.com\/fr\/","logo":{"@type":"ImageObject","inLanguage":"fr-FR","@id":"https:\/\/dev.triangle-des-bermudes.com\/fr\/#\/schema\/logo\/image\/","url":"https:\/\/dev.triangle-des-bermudes.com\/wp-content\/uploads\/tdblogo01.svg","contentUrl":"https:\/\/dev.triangle-des-bermudes.com\/wp-content\/uploads\/tdblogo01.svg","caption":"Triangle des Bermudas"},"image":{"@id":"https:\/\/dev.triangle-des-bermudes.com\/fr\/#\/schema\/logo\/image\/"},"sameAs":["https:\\\/\\\/dev.triangle-des-bermudes.com\/\/dev.triangle-des-bermudes.com\/\/www.facebook.com\/triangledesbermudasofficial\/","https:\\\/\\\/dev.triangle-des-bermudes.com\/\/dev.triangle-des-bermudes.com\/\/www.instagram.com\/triangledesbermudas_\/"]}]}},"_links":{"self":[{"href":"https:\/\/dev.triangle-des-bermudes.com\/fr\/wp-json\/wp\/v2\/product\/24394","targetHints":{"allow":["GET"]}}],"collection":[{"href":"https:\/\/dev.triangle-des-bermudes.com\/fr\/wp-json\/wp\/v2\/product"}],"about":[{"href":"https:\/\/dev.triangle-des-bermudes.com\/fr\/wp-json\/wp\/v2\/types\/product"}],"version-history":[{"count":2,"href":"https:\/\/dev.triangle-des-bermudes.com\/fr\/wp-json\/wp\/v2\/product\/24394\/revisions"}],"predecessor-version":[{"id":25123,"href":"https:\/\/dev.triangle-des-bermudes.com\/fr\/wp-json\/wp\/v2\/product\/24394\/revisions\/25123"}],"wp:featuredmedia":[{"embeddable":true,"href":"https:\/\/dev.triangle-des-bermudes.com\/fr\/wp-json\/wp\/v2\/media\/24387"}],"wp:attachment":[{"href":"https:\/\/dev.triangle-des-bermudes.com\/fr\/wp-json\/wp\/v2\/media?parent=24394"}],"wp:term":[{"taxonomy":"product_brand","embeddable":true,"href":"https:\/\/dev.triangle-des-bermudes.com\/fr\/wp-json\/wp\/v2\/product_brand?post=24394"},{"taxonomy":"product_cat","embeddable":true,"href":"https:\/\/dev.triangle-des-bermudes.com\/fr\/wp-json\/wp\/v2\/product_cat?post=24394"},{"taxonomy":"product_tag","embeddable":true,"href":"https:\/\/dev.triangle-des-bermudes.com\/fr\/wp-json\/wp\/v2\/product_tag?post=24394"}],"curies":[{"name":"wp","href":"https:\/\/api.w.org\/{rel}","templated":true}]}}