{"id":24115,"date":"2026-04-16T14:01:52","date_gmt":"2026-04-16T12:01:52","guid":{"rendered":"https:\/\/dev.triangle-des-bermudes.com\/product\/chemise-decontractee-en-lin-noir\/"},"modified":"2026-05-08T19:10:01","modified_gmt":"2026-05-08T17:10:01","slug":"chemise-decontractee-en-lin-noir","status":"publish","type":"product","link":"https:\/\/dev.triangle-des-bermudes.com\/fr\/produit\/chemise-decontractee-en-lin-noir\/","title":{"rendered":"Chemise D\u00e9contract\u00e9e en Lin Noir"},"content":{"rendered":"<p>D\u00e9couvrez notre <strong>Chemise D\u00e9contract\u00e9e en Lin<\/strong> pour homme, o\u00f9 l\u00e9g\u00e8ret\u00e9 rime avec \u00e9l\u00e9gance raffin\u00e9e. Cette chemise a \u00e9t\u00e9 con\u00e7ue pour offrir une sensation fraiche et confortable, id\u00e9ale pour les journ\u00e9es chaudes. Le lin respirant, associ\u00e9 \u00e0 un col \u00e0 trois boutons et des manches longues, garantit un look \u00e0 la fois \u00e9l\u00e9gant et d\u00e9contract\u00e9.<\/p>\n<p>Le tissu est tr\u00e8s confortable et adapt\u00e9 \u00e0 diverses occasions : <strong>\u00c9v\u00e9nements estivaux \u2013 Voyages \u2013 Sorties en ville \u2013 D\u00eeners<\/strong> d\u00e9contract\u00e9s et bien plus encore.<\/p>\n<p>Portez cette <strong>Chemise D\u00e9contract\u00e9e en Lin<\/strong> avec un pantalon en lin ou des bermudas en lin pour un look \u00e9l\u00e9gant et d\u00e9contract\u00e9. Vous pouvez aussi la porter avec les manches retrouss\u00e9es pour un style plus d\u00e9tendu.<\/p>\n<p>&nbsp;<\/p>\n<h3>Confort et Absorption<\/h3>\n<p>&nbsp;<\/p>\n<p>La coupe ajust\u00e9e assure \u00e9galement un confort optimal pour toutes les morphologies. De plus, cette chemise est durable et facile \u00e0 entretenir, ce qui en fait un investissement durable pour votre garde-robe. Son m\u00e9lange de style, de confort et d&rsquo;\u00e9l\u00e9gance en fait un choix incontournable pour une tenue raffin\u00e9e et d\u00e9contract\u00e9e.  <\/p>\n","protected":false},"excerpt":{"rendered":"<p>Chemise D\u00e9contract\u00e9e en Lin Noir pour Homme<\/p>\n","protected":false},"featured_media":24095,"template":"","meta":{"_acf_changed":false},"product_brand":[],"product_cat":[637,741],"product_tag":[],"class_list":{"0":"post-24115","1":"product","2":"type-product","3":"status-publish","4":"has-post-thumbnail","6":"product_cat-la-collection-lin","7":"product_cat-chemises-decontractees-lin","8":"pa_color-linen-noir","9":"pa_global-colors-noir","10":"pa_size-letter-s-fr","11":"pa_size-letter-m-fr","12":"pa_size-letter-l-fr","13":"pa_size-letter-xl-fr","14":"pa_size-letter-xxl-fr","15":"pa_size-letter-xxxl-fr","17":"first","18":"instock","19":"shipping-taxable","20":"purchasable","21":"product-type-variable","22":"has-default-attributes"},"acf":[],"yoast_head":"<!-- This site is optimized with the Yoast SEO plugin v26.8 - https:\/\/yoast.com\/product\/yoast-seo-wordpress\/ -->\n<title>Chemise D\u00e9contract\u00e9e en Lin Noir pour Homme<\/title>\n<meta name=\"description\" content=\"Chemise D\u00e9contract\u00e9e en Lin Noir pour Homme\" \/>\n<meta name=\"robots\" content=\"noindex, follow, max-snippet:-1, max-image-preview:large, max-video-preview:-1\" \/>\n<meta property=\"og:locale\" content=\"fr_FR\" \/>\n<meta property=\"og:type\" content=\"article\" \/>\n<meta property=\"og:title\" content=\"Chemise D\u00e9contract\u00e9e en Lin Noir pour Homme\" \/>\n<meta property=\"og:description\" content=\"Chemise D\u00e9contract\u00e9e en Lin Noir pour Homme\" \/>\n<meta property=\"og:url\" content=\"https:\/\/dev.triangle-des-bermudes.com\/fr\/produit\/chemise-decontractee-en-lin-noir\/\" \/>\n<meta property=\"og:site_name\" content=\"Triangle des Bermudas\" \/>\n<meta property=\"article:publisher\" content=\"https:\\\/\\\/dev.triangle-des-bermudes.com\/\/dev.triangle-des-bermudes.com\/\/www.facebook.com\/triangledesbermudasofficial\/\" \/>\n<meta property=\"article:modified_time\" content=\"2026-05-08T17:10:01+00:00\" \/>\n<meta property=\"og:image\" content=\"https:\/\/dev.triangle-des-bermudes.com\/wp-content\/uploads\/black-linen-casual-shirts-1-scaled.jpg\" \/>\n\t<meta property=\"og:image:width\" content=\"1868\" \/>\n\t<meta property=\"og:image:height\" content=\"2800\" \/>\n\t<meta property=\"og:image:type\" content=\"image\/jpeg\" \/>\n<meta name=\"twitter:card\" content=\"summary_large_image\" \/>\n<meta name=\"twitter:title\" content=\"Chemise D\u00e9contract\u00e9e en Lin Noir pour Homme\" \/>\n<meta name=\"twitter:description\" content=\"Chemise D\u00e9contract\u00e9e en Lin Noir pour Homme\" \/>\n<script type=\"application\/ld+json\" class=\"yoast-schema-graph\">{\"@context\":\"https:\/\/schema.org\",\"@graph\":[{\"@type\":[\"WebPage\",\"ItemPage\"],\"@id\":\"https:\/\/dev.triangle-des-bermudes.com\/fr\/produit\/chemise-decontractee-en-lin-noir\/\",\"url\":\"https:\/\/dev.triangle-des-bermudes.com\/fr\/produit\/chemise-decontractee-en-lin-noir\/\",\"name\":\"Chemise D\u00e9contract\u00e9e en Lin Noir pour Homme\",\"isPartOf\":{\"@id\":\"https:\/\/dev.triangle-des-bermudes.com\/fr\/#website\"},\"primaryImageOfPage\":{\"@id\":\"https:\/\/dev.triangle-des-bermudes.com\/fr\/produit\/chemise-decontractee-en-lin-noir\/#primaryimage\"},\"image\":{\"@id\":\"https:\/\/dev.triangle-des-bermudes.com\/fr\/produit\/chemise-decontractee-en-lin-noir\/#primaryimage\"},\"thumbnailUrl\":\"https:\/\/dev.triangle-des-bermudes.com\/wp-content\/uploads\/black-linen-casual-shirts-1-scaled.jpg\",\"datePublished\":\"2026-04-16T12:01:52+00:00\",\"dateModified\":\"2026-05-08T17:10:01+00:00\",\"description\":\"Chemise D\u00e9contract\u00e9e en Lin Noir pour Homme\",\"breadcrumb\":{\"@id\":\"https:\/\/dev.triangle-des-bermudes.com\/fr\/produit\/chemise-decontractee-en-lin-noir\/#breadcrumb\"},\"inLanguage\":\"fr-FR\",\"potentialAction\":[{\"@type\":\"ReadAction\",\"target\":[\"https:\/\/dev.triangle-des-bermudes.com\/fr\/produit\/chemise-decontractee-en-lin-noir\/\"]}]},{\"@type\":\"ImageObject\",\"inLanguage\":\"fr-FR\",\"@id\":\"https:\/\/dev.triangle-des-bermudes.com\/fr\/produit\/chemise-decontractee-en-lin-noir\/#primaryimage\",\"url\":\"https:\/\/dev.triangle-des-bermudes.com\/wp-content\/uploads\/black-linen-casual-shirts-1-scaled.jpg\",\"contentUrl\":\"https:\/\/dev.triangle-des-bermudes.com\/wp-content\/uploads\/black-linen-casual-shirts-1-scaled.jpg\",\"width\":1868,\"height\":2800},{\"@type\":\"BreadcrumbList\",\"@id\":\"https:\/\/dev.triangle-des-bermudes.com\/fr\/produit\/chemise-decontractee-en-lin-noir\/#breadcrumb\",\"itemListElement\":[{\"@type\":\"ListItem\",\"position\":1,\"name\":\"Boutique\",\"item\":\"https:\/\/dev.triangle-des-bermudes.com\/fr\/boutique\/\"},{\"@type\":\"ListItem\",\"position\":2,\"name\":\"La Collection Lin\",\"item\":\"https:\/\/dev.triangle-des-bermudes.com\/fr\/catalogue\/la-collection-lin\/\"},{\"@type\":\"ListItem\",\"position\":3,\"name\":\"Chemises D\u00e9contract\u00e9es\",\"item\":\"https:\/\/dev.triangle-des-bermudes.com\/fr\/catalogue\/la-collection-lin\/chemises-decontractees-lin\/\"},{\"@type\":\"ListItem\",\"position\":4,\"name\":\"Chemise D\u00e9contract\u00e9e en Lin Noir\"}]},{\"@type\":\"WebSite\",\"@id\":\"https:\/\/dev.triangle-des-bermudes.com\/fr\/#website\",\"url\":\"https:\/\/dev.triangle-des-bermudes.com\/fr\/\",\"name\":\"Triangle des Bermudas\",\"description\":\"Quality clothing &amp; accessories for Men &amp; Women\",\"publisher\":{\"@id\":\"https:\/\/dev.triangle-des-bermudes.com\/fr\/#organization\"},\"potentialAction\":[{\"@type\":\"SearchAction\",\"target\":{\"@type\":\"EntryPoint\",\"urlTemplate\":\"https:\/\/dev.triangle-des-bermudes.com\/fr\/?s={search_term_string}\"},\"query-input\":{\"@type\":\"PropertyValueSpecification\",\"valueRequired\":true,\"valueName\":\"search_term_string\"}}],\"inLanguage\":\"fr-FR\"},{\"@type\":\"Organization\",\"@id\":\"https:\/\/dev.triangle-des-bermudes.com\/fr\/#organization\",\"name\":\"Triangle des Bermudas\",\"url\":\"https:\/\/dev.triangle-des-bermudes.com\/fr\/\",\"logo\":{\"@type\":\"ImageObject\",\"inLanguage\":\"fr-FR\",\"@id\":\"https:\/\/dev.triangle-des-bermudes.com\/fr\/#\/schema\/logo\/image\/\",\"url\":\"https:\/\/dev.triangle-des-bermudes.com\/wp-content\/uploads\/tdblogo01.svg\",\"contentUrl\":\"https:\/\/dev.triangle-des-bermudes.com\/wp-content\/uploads\/tdblogo01.svg\",\"caption\":\"Triangle des Bermudas\"},\"image\":{\"@id\":\"https:\/\/dev.triangle-des-bermudes.com\/fr\/#\/schema\/logo\/image\/\"},\"sameAs\":[\"https:\\\\\/\\\\\/dev.triangle-des-bermudes.com\/\/dev.triangle-des-bermudes.com\/\/www.facebook.com\/triangledesbermudasofficial\/\",\"https:\\\\\/\\\\\/dev.triangle-des-bermudes.com\/\/dev.triangle-des-bermudes.com\/\/www.instagram.com\/triangledesbermudas_\/\"]}]}<\/script>\n<!-- \/ Yoast SEO plugin. -->","yoast_head_json":{"title":"Chemise D\u00e9contract\u00e9e en Lin Noir pour Homme","description":"Chemise D\u00e9contract\u00e9e en Lin Noir pour Homme","robots":{"index":"noindex","follow":"follow","max-snippet":"max-snippet:-1","max-image-preview":"max-image-preview:large","max-video-preview":"max-video-preview:-1"},"og_locale":"fr_FR","og_type":"article","og_title":"Chemise D\u00e9contract\u00e9e en Lin Noir pour Homme","og_description":"Chemise D\u00e9contract\u00e9e en Lin Noir pour Homme","og_url":"https:\/\/dev.triangle-des-bermudes.com\/fr\/produit\/chemise-decontractee-en-lin-noir\/","og_site_name":"Triangle des Bermudas","article_publisher":"https:\\\/\\\/dev.triangle-des-bermudes.com\/\/dev.triangle-des-bermudes.com\/\/www.facebook.com\/triangledesbermudasofficial\/","article_modified_time":"2026-05-08T17:10:01+00:00","og_image":[{"width":1868,"height":2800,"url":"https:\/\/dev.triangle-des-bermudes.com\/wp-content\/uploads\/black-linen-casual-shirts-1-scaled.jpg","type":"image\/jpeg"}],"twitter_card":"summary_large_image","twitter_title":"Chemise D\u00e9contract\u00e9e en Lin Noir pour Homme","twitter_description":"Chemise D\u00e9contract\u00e9e en Lin Noir pour Homme","schema":{"@context":"https:\/\/schema.org","@graph":[{"@type":["WebPage","ItemPage"],"@id":"https:\/\/dev.triangle-des-bermudes.com\/fr\/produit\/chemise-decontractee-en-lin-noir\/","url":"https:\/\/dev.triangle-des-bermudes.com\/fr\/produit\/chemise-decontractee-en-lin-noir\/","name":"Chemise D\u00e9contract\u00e9e en Lin Noir pour Homme","isPartOf":{"@id":"https:\/\/dev.triangle-des-bermudes.com\/fr\/#website"},"primaryImageOfPage":{"@id":"https:\/\/dev.triangle-des-bermudes.com\/fr\/produit\/chemise-decontractee-en-lin-noir\/#primaryimage"},"image":{"@id":"https:\/\/dev.triangle-des-bermudes.com\/fr\/produit\/chemise-decontractee-en-lin-noir\/#primaryimage"},"thumbnailUrl":"https:\/\/dev.triangle-des-bermudes.com\/wp-content\/uploads\/black-linen-casual-shirts-1-scaled.jpg","datePublished":"2026-04-16T12:01:52+00:00","dateModified":"2026-05-08T17:10:01+00:00","description":"Chemise D\u00e9contract\u00e9e en Lin Noir pour Homme","breadcrumb":{"@id":"https:\/\/dev.triangle-des-bermudes.com\/fr\/produit\/chemise-decontractee-en-lin-noir\/#breadcrumb"},"inLanguage":"fr-FR","potentialAction":[{"@type":"ReadAction","target":["https:\/\/dev.triangle-des-bermudes.com\/fr\/produit\/chemise-decontractee-en-lin-noir\/"]}]},{"@type":"ImageObject","inLanguage":"fr-FR","@id":"https:\/\/dev.triangle-des-bermudes.com\/fr\/produit\/chemise-decontractee-en-lin-noir\/#primaryimage","url":"https:\/\/dev.triangle-des-bermudes.com\/wp-content\/uploads\/black-linen-casual-shirts-1-scaled.jpg","contentUrl":"https:\/\/dev.triangle-des-bermudes.com\/wp-content\/uploads\/black-linen-casual-shirts-1-scaled.jpg","width":1868,"height":2800},{"@type":"BreadcrumbList","@id":"https:\/\/dev.triangle-des-bermudes.com\/fr\/produit\/chemise-decontractee-en-lin-noir\/#breadcrumb","itemListElement":[{"@type":"ListItem","position":1,"name":"Boutique","item":"https:\/\/dev.triangle-des-bermudes.com\/fr\/boutique\/"},{"@type":"ListItem","position":2,"name":"La Collection Lin","item":"https:\/\/dev.triangle-des-bermudes.com\/fr\/catalogue\/la-collection-lin\/"},{"@type":"ListItem","position":3,"name":"Chemises D\u00e9contract\u00e9es","item":"https:\/\/dev.triangle-des-bermudes.com\/fr\/catalogue\/la-collection-lin\/chemises-decontractees-lin\/"},{"@type":"ListItem","position":4,"name":"Chemise D\u00e9contract\u00e9e en Lin Noir"}]},{"@type":"WebSite","@id":"https:\/\/dev.triangle-des-bermudes.com\/fr\/#website","url":"https:\/\/dev.triangle-des-bermudes.com\/fr\/","name":"Triangle des Bermudas","description":"Quality clothing &amp; accessories for Men &amp; Women","publisher":{"@id":"https:\/\/dev.triangle-des-bermudes.com\/fr\/#organization"},"potentialAction":[{"@type":"SearchAction","target":{"@type":"EntryPoint","urlTemplate":"https:\/\/dev.triangle-des-bermudes.com\/fr\/?s={search_term_string}"},"query-input":{"@type":"PropertyValueSpecification","valueRequired":true,"valueName":"search_term_string"}}],"inLanguage":"fr-FR"},{"@type":"Organization","@id":"https:\/\/dev.triangle-des-bermudes.com\/fr\/#organization","name":"Triangle des Bermudas","url":"https:\/\/dev.triangle-des-bermudes.com\/fr\/","logo":{"@type":"ImageObject","inLanguage":"fr-FR","@id":"https:\/\/dev.triangle-des-bermudes.com\/fr\/#\/schema\/logo\/image\/","url":"https:\/\/dev.triangle-des-bermudes.com\/wp-content\/uploads\/tdblogo01.svg","contentUrl":"https:\/\/dev.triangle-des-bermudes.com\/wp-content\/uploads\/tdblogo01.svg","caption":"Triangle des Bermudas"},"image":{"@id":"https:\/\/dev.triangle-des-bermudes.com\/fr\/#\/schema\/logo\/image\/"},"sameAs":["https:\\\/\\\/dev.triangle-des-bermudes.com\/\/dev.triangle-des-bermudes.com\/\/www.facebook.com\/triangledesbermudasofficial\/","https:\\\/\\\/dev.triangle-des-bermudes.com\/\/dev.triangle-des-bermudes.com\/\/www.instagram.com\/triangledesbermudas_\/"]}]}},"_links":{"self":[{"href":"https:\/\/dev.triangle-des-bermudes.com\/fr\/wp-json\/wp\/v2\/product\/24115","targetHints":{"allow":["GET"]}}],"collection":[{"href":"https:\/\/dev.triangle-des-bermudes.com\/fr\/wp-json\/wp\/v2\/product"}],"about":[{"href":"https:\/\/dev.triangle-des-bermudes.com\/fr\/wp-json\/wp\/v2\/types\/product"}],"version-history":[{"count":0,"href":"https:\/\/dev.triangle-des-bermudes.com\/fr\/wp-json\/wp\/v2\/product\/24115\/revisions"}],"wp:featuredmedia":[{"embeddable":true,"href":"https:\/\/dev.triangle-des-bermudes.com\/fr\/wp-json\/wp\/v2\/media\/24095"}],"wp:attachment":[{"href":"https:\/\/dev.triangle-des-bermudes.com\/fr\/wp-json\/wp\/v2\/media?parent=24115"}],"wp:term":[{"taxonomy":"product_brand","embeddable":true,"href":"https:\/\/dev.triangle-des-bermudes.com\/fr\/wp-json\/wp\/v2\/product_brand?post=24115"},{"taxonomy":"product_cat","embeddable":true,"href":"https:\/\/dev.triangle-des-bermudes.com\/fr\/wp-json\/wp\/v2\/product_cat?post=24115"},{"taxonomy":"product_tag","embeddable":true,"href":"https:\/\/dev.triangle-des-bermudes.com\/fr\/wp-json\/wp\/v2\/product_tag?post=24115"}],"curies":[{"name":"wp","href":"https:\/\/api.w.org\/{rel}","templated":true}]}}