{"id":23917,"date":"2026-03-25T19:13:09","date_gmt":"2026-03-25T18:13:09","guid":{"rendered":"https:\/\/dev.triangle-des-bermudes.com\/product\/pantalon-papyrus-oversize-en-lin\/"},"modified":"2026-05-08T19:01:59","modified_gmt":"2026-05-08T17:01:59","slug":"pantalon-papyrus-oversize-en-lin","status":"publish","type":"product","link":"https:\/\/dev.triangle-des-bermudes.com\/fr\/produit\/pantalon-papyrus-oversize-en-lin\/","title":{"rendered":"Pantalon Papyrus Oversize en Lin"},"content":{"rendered":"<p>D\u00e9couvrez notre <strong>pantalon oversize en lin pour homme<\/strong>, o\u00f9 la coupe d\u00e9contract\u00e9e rencontre un style moderne et sans effort. Con\u00e7us pour offrir une sensation de l\u00e9g\u00e8ret\u00e9 et de libert\u00e9, ces pantalons sont parfaits pour les journ\u00e9es chaudes. Le tissu en lin respirant assure un style \u00e0 la fois \u00e9l\u00e9gant et d\u00e9contract\u00e9, id\u00e9al pour un usage quotidien sans compromis.<\/p>\n<p>&nbsp;<\/p>\n<h3>Confort et style<\/h3>\n<p>&nbsp;<\/p>\n<p>Le tissu l\u00e9g\u00e8rement extensible garantit une coupe g\u00e9n\u00e9reuse et flatteuse pour toutes les morphologies. R\u00e9sistants et faciles d&rsquo;entretien, ces pantalons constituent un investissement durable pour votre garde-robe. Leur silhouette d\u00e9contract\u00e9e et d\u00e9structur\u00e9e, alliant confort et \u00e9l\u00e9gance, en fait un incontournable pour un look urbain et d\u00e9contract\u00e9 polyvalent. <\/p>\n<p>Associez-les \u00e0 un t-shirt ou une chemise pour une tenue adapt\u00e9e aux <strong>sorties en ville,<\/strong> aux <strong>voyages <\/strong>ou aux <strong>soir\u00e9es d\u00e9contract\u00e9es<\/strong>.<\/p>\n","protected":false},"excerpt":{"rendered":"<p>Pantalon Papyrus Oversize en Lin pour Homme<\/p>\n","protected":false},"featured_media":23912,"template":"","meta":{"_acf_changed":false},"product_brand":[],"product_cat":[637,743],"product_tag":[],"class_list":{"0":"post-23917","1":"product","2":"type-product","3":"status-publish","4":"has-post-thumbnail","6":"product_cat-la-collection-lin","7":"product_cat-pantalons-oversize-lin","8":"pa_color-linen-papyrus-fr","9":"pa_global-colors-beige-fr","10":"pa_size-letter-xs","11":"pa_size-letter-s-fr","12":"pa_size-letter-m-fr","13":"pa_size-letter-l-fr","15":"first","16":"instock","17":"shipping-taxable","18":"purchasable","19":"product-type-variable","20":"has-default-attributes"},"acf":[],"yoast_head":"<!-- This site is optimized with the Yoast SEO plugin v26.8 - https:\/\/yoast.com\/product\/yoast-seo-wordpress\/ -->\n<title>Pantalon Papyrus Oversize en Lin pour Homme<\/title>\n<meta name=\"description\" content=\"Pantalon Papyrus Oversize en Lin pour Homme\" \/>\n<meta name=\"robots\" content=\"noindex, follow, max-snippet:-1, max-image-preview:large, max-video-preview:-1\" \/>\n<meta property=\"og:locale\" content=\"fr_FR\" \/>\n<meta property=\"og:type\" content=\"article\" \/>\n<meta property=\"og:title\" content=\"Pantalon Papyrus Oversize en Lin pour Homme\" \/>\n<meta property=\"og:description\" content=\"Pantalon Papyrus Oversize en Lin pour Homme\" \/>\n<meta property=\"og:url\" content=\"https:\/\/dev.triangle-des-bermudes.com\/fr\/produit\/pantalon-papyrus-oversize-en-lin\/\" \/>\n<meta property=\"og:site_name\" content=\"Triangle des Bermudas\" \/>\n<meta property=\"article:publisher\" content=\"https:\\\/\\\/dev.triangle-des-bermudes.com\/\/dev.triangle-des-bermudes.com\/\/www.facebook.com\/triangledesbermudasofficial\/\" \/>\n<meta property=\"article:modified_time\" content=\"2026-05-08T17:01:59+00:00\" \/>\n<meta property=\"og:image\" content=\"https:\/\/dev.triangle-des-bermudes.com\/wp-content\/uploads\/men-papyrus-classic-linen-pant-1-scaled.jpg\" \/>\n\t<meta property=\"og:image:width\" content=\"2180\" \/>\n\t<meta property=\"og:image:height\" content=\"2800\" \/>\n\t<meta property=\"og:image:type\" content=\"image\/jpeg\" \/>\n<meta name=\"twitter:card\" content=\"summary_large_image\" \/>\n<meta name=\"twitter:title\" content=\"Pantalon Papyrus Oversize en Lin pour Homme\" \/>\n<meta name=\"twitter:description\" content=\"Pantalon Papyrus Oversize en Lin pour Homme\" \/>\n<script type=\"application\/ld+json\" class=\"yoast-schema-graph\">{\"@context\":\"https:\/\/schema.org\",\"@graph\":[{\"@type\":[\"WebPage\",\"ItemPage\"],\"@id\":\"https:\/\/dev.triangle-des-bermudes.com\/fr\/produit\/pantalon-papyrus-oversize-en-lin\/\",\"url\":\"https:\/\/dev.triangle-des-bermudes.com\/fr\/produit\/pantalon-papyrus-oversize-en-lin\/\",\"name\":\"Pantalon Papyrus Oversize en Lin pour Homme\",\"isPartOf\":{\"@id\":\"https:\/\/dev.triangle-des-bermudes.com\/fr\/#website\"},\"primaryImageOfPage\":{\"@id\":\"https:\/\/dev.triangle-des-bermudes.com\/fr\/produit\/pantalon-papyrus-oversize-en-lin\/#primaryimage\"},\"image\":{\"@id\":\"https:\/\/dev.triangle-des-bermudes.com\/fr\/produit\/pantalon-papyrus-oversize-en-lin\/#primaryimage\"},\"thumbnailUrl\":\"https:\/\/dev.triangle-des-bermudes.com\/wp-content\/uploads\/men-papyrus-classic-linen-pant-1-scaled.jpg\",\"datePublished\":\"2026-03-25T18:13:09+00:00\",\"dateModified\":\"2026-05-08T17:01:59+00:00\",\"description\":\"Pantalon Papyrus Oversize en Lin pour Homme\",\"breadcrumb\":{\"@id\":\"https:\/\/dev.triangle-des-bermudes.com\/fr\/produit\/pantalon-papyrus-oversize-en-lin\/#breadcrumb\"},\"inLanguage\":\"fr-FR\",\"potentialAction\":[{\"@type\":\"ReadAction\",\"target\":[\"https:\/\/dev.triangle-des-bermudes.com\/fr\/produit\/pantalon-papyrus-oversize-en-lin\/\"]}]},{\"@type\":\"ImageObject\",\"inLanguage\":\"fr-FR\",\"@id\":\"https:\/\/dev.triangle-des-bermudes.com\/fr\/produit\/pantalon-papyrus-oversize-en-lin\/#primaryimage\",\"url\":\"https:\/\/dev.triangle-des-bermudes.com\/wp-content\/uploads\/men-papyrus-classic-linen-pant-1-scaled.jpg\",\"contentUrl\":\"https:\/\/dev.triangle-des-bermudes.com\/wp-content\/uploads\/men-papyrus-classic-linen-pant-1-scaled.jpg\",\"width\":2180,\"height\":2800},{\"@type\":\"BreadcrumbList\",\"@id\":\"https:\/\/dev.triangle-des-bermudes.com\/fr\/produit\/pantalon-papyrus-oversize-en-lin\/#breadcrumb\",\"itemListElement\":[{\"@type\":\"ListItem\",\"position\":1,\"name\":\"Boutique\",\"item\":\"https:\/\/dev.triangle-des-bermudes.com\/fr\/boutique\/\"},{\"@type\":\"ListItem\",\"position\":2,\"name\":\"La Collection Lin\",\"item\":\"https:\/\/dev.triangle-des-bermudes.com\/fr\/catalogue\/la-collection-lin\/\"},{\"@type\":\"ListItem\",\"position\":3,\"name\":\"Pantalons Oversize\",\"item\":\"https:\/\/dev.triangle-des-bermudes.com\/fr\/catalogue\/la-collection-lin\/pantalons-oversize-lin\/\"},{\"@type\":\"ListItem\",\"position\":4,\"name\":\"Pantalon Papyrus Oversize en Lin\"}]},{\"@type\":\"WebSite\",\"@id\":\"https:\/\/dev.triangle-des-bermudes.com\/fr\/#website\",\"url\":\"https:\/\/dev.triangle-des-bermudes.com\/fr\/\",\"name\":\"Triangle des Bermudas\",\"description\":\"Quality clothing &amp; accessories for Men &amp; Women\",\"publisher\":{\"@id\":\"https:\/\/dev.triangle-des-bermudes.com\/fr\/#organization\"},\"potentialAction\":[{\"@type\":\"SearchAction\",\"target\":{\"@type\":\"EntryPoint\",\"urlTemplate\":\"https:\/\/dev.triangle-des-bermudes.com\/fr\/?s={search_term_string}\"},\"query-input\":{\"@type\":\"PropertyValueSpecification\",\"valueRequired\":true,\"valueName\":\"search_term_string\"}}],\"inLanguage\":\"fr-FR\"},{\"@type\":\"Organization\",\"@id\":\"https:\/\/dev.triangle-des-bermudes.com\/fr\/#organization\",\"name\":\"Triangle des Bermudas\",\"url\":\"https:\/\/dev.triangle-des-bermudes.com\/fr\/\",\"logo\":{\"@type\":\"ImageObject\",\"inLanguage\":\"fr-FR\",\"@id\":\"https:\/\/dev.triangle-des-bermudes.com\/fr\/#\/schema\/logo\/image\/\",\"url\":\"https:\/\/dev.triangle-des-bermudes.com\/wp-content\/uploads\/tdblogo01.svg\",\"contentUrl\":\"https:\/\/dev.triangle-des-bermudes.com\/wp-content\/uploads\/tdblogo01.svg\",\"caption\":\"Triangle des Bermudas\"},\"image\":{\"@id\":\"https:\/\/dev.triangle-des-bermudes.com\/fr\/#\/schema\/logo\/image\/\"},\"sameAs\":[\"https:\\\\\/\\\\\/dev.triangle-des-bermudes.com\/\/dev.triangle-des-bermudes.com\/\/www.facebook.com\/triangledesbermudasofficial\/\",\"https:\\\\\/\\\\\/dev.triangle-des-bermudes.com\/\/dev.triangle-des-bermudes.com\/\/www.instagram.com\/triangledesbermudas_\/\"]}]}<\/script>\n<!-- \/ Yoast SEO plugin. -->","yoast_head_json":{"title":"Pantalon Papyrus Oversize en Lin pour Homme","description":"Pantalon Papyrus Oversize en Lin pour Homme","robots":{"index":"noindex","follow":"follow","max-snippet":"max-snippet:-1","max-image-preview":"max-image-preview:large","max-video-preview":"max-video-preview:-1"},"og_locale":"fr_FR","og_type":"article","og_title":"Pantalon Papyrus Oversize en Lin pour Homme","og_description":"Pantalon Papyrus Oversize en Lin pour Homme","og_url":"https:\/\/dev.triangle-des-bermudes.com\/fr\/produit\/pantalon-papyrus-oversize-en-lin\/","og_site_name":"Triangle des Bermudas","article_publisher":"https:\\\/\\\/dev.triangle-des-bermudes.com\/\/dev.triangle-des-bermudes.com\/\/www.facebook.com\/triangledesbermudasofficial\/","article_modified_time":"2026-05-08T17:01:59+00:00","og_image":[{"width":2180,"height":2800,"url":"https:\/\/dev.triangle-des-bermudes.com\/wp-content\/uploads\/men-papyrus-classic-linen-pant-1-scaled.jpg","type":"image\/jpeg"}],"twitter_card":"summary_large_image","twitter_title":"Pantalon Papyrus Oversize en Lin pour Homme","twitter_description":"Pantalon Papyrus Oversize en Lin pour Homme","schema":{"@context":"https:\/\/schema.org","@graph":[{"@type":["WebPage","ItemPage"],"@id":"https:\/\/dev.triangle-des-bermudes.com\/fr\/produit\/pantalon-papyrus-oversize-en-lin\/","url":"https:\/\/dev.triangle-des-bermudes.com\/fr\/produit\/pantalon-papyrus-oversize-en-lin\/","name":"Pantalon Papyrus Oversize en Lin pour Homme","isPartOf":{"@id":"https:\/\/dev.triangle-des-bermudes.com\/fr\/#website"},"primaryImageOfPage":{"@id":"https:\/\/dev.triangle-des-bermudes.com\/fr\/produit\/pantalon-papyrus-oversize-en-lin\/#primaryimage"},"image":{"@id":"https:\/\/dev.triangle-des-bermudes.com\/fr\/produit\/pantalon-papyrus-oversize-en-lin\/#primaryimage"},"thumbnailUrl":"https:\/\/dev.triangle-des-bermudes.com\/wp-content\/uploads\/men-papyrus-classic-linen-pant-1-scaled.jpg","datePublished":"2026-03-25T18:13:09+00:00","dateModified":"2026-05-08T17:01:59+00:00","description":"Pantalon Papyrus Oversize en Lin pour Homme","breadcrumb":{"@id":"https:\/\/dev.triangle-des-bermudes.com\/fr\/produit\/pantalon-papyrus-oversize-en-lin\/#breadcrumb"},"inLanguage":"fr-FR","potentialAction":[{"@type":"ReadAction","target":["https:\/\/dev.triangle-des-bermudes.com\/fr\/produit\/pantalon-papyrus-oversize-en-lin\/"]}]},{"@type":"ImageObject","inLanguage":"fr-FR","@id":"https:\/\/dev.triangle-des-bermudes.com\/fr\/produit\/pantalon-papyrus-oversize-en-lin\/#primaryimage","url":"https:\/\/dev.triangle-des-bermudes.com\/wp-content\/uploads\/men-papyrus-classic-linen-pant-1-scaled.jpg","contentUrl":"https:\/\/dev.triangle-des-bermudes.com\/wp-content\/uploads\/men-papyrus-classic-linen-pant-1-scaled.jpg","width":2180,"height":2800},{"@type":"BreadcrumbList","@id":"https:\/\/dev.triangle-des-bermudes.com\/fr\/produit\/pantalon-papyrus-oversize-en-lin\/#breadcrumb","itemListElement":[{"@type":"ListItem","position":1,"name":"Boutique","item":"https:\/\/dev.triangle-des-bermudes.com\/fr\/boutique\/"},{"@type":"ListItem","position":2,"name":"La Collection Lin","item":"https:\/\/dev.triangle-des-bermudes.com\/fr\/catalogue\/la-collection-lin\/"},{"@type":"ListItem","position":3,"name":"Pantalons Oversize","item":"https:\/\/dev.triangle-des-bermudes.com\/fr\/catalogue\/la-collection-lin\/pantalons-oversize-lin\/"},{"@type":"ListItem","position":4,"name":"Pantalon Papyrus Oversize en Lin"}]},{"@type":"WebSite","@id":"https:\/\/dev.triangle-des-bermudes.com\/fr\/#website","url":"https:\/\/dev.triangle-des-bermudes.com\/fr\/","name":"Triangle des Bermudas","description":"Quality clothing &amp; accessories for Men &amp; Women","publisher":{"@id":"https:\/\/dev.triangle-des-bermudes.com\/fr\/#organization"},"potentialAction":[{"@type":"SearchAction","target":{"@type":"EntryPoint","urlTemplate":"https:\/\/dev.triangle-des-bermudes.com\/fr\/?s={search_term_string}"},"query-input":{"@type":"PropertyValueSpecification","valueRequired":true,"valueName":"search_term_string"}}],"inLanguage":"fr-FR"},{"@type":"Organization","@id":"https:\/\/dev.triangle-des-bermudes.com\/fr\/#organization","name":"Triangle des Bermudas","url":"https:\/\/dev.triangle-des-bermudes.com\/fr\/","logo":{"@type":"ImageObject","inLanguage":"fr-FR","@id":"https:\/\/dev.triangle-des-bermudes.com\/fr\/#\/schema\/logo\/image\/","url":"https:\/\/dev.triangle-des-bermudes.com\/wp-content\/uploads\/tdblogo01.svg","contentUrl":"https:\/\/dev.triangle-des-bermudes.com\/wp-content\/uploads\/tdblogo01.svg","caption":"Triangle des Bermudas"},"image":{"@id":"https:\/\/dev.triangle-des-bermudes.com\/fr\/#\/schema\/logo\/image\/"},"sameAs":["https:\\\/\\\/dev.triangle-des-bermudes.com\/\/dev.triangle-des-bermudes.com\/\/www.facebook.com\/triangledesbermudasofficial\/","https:\\\/\\\/dev.triangle-des-bermudes.com\/\/dev.triangle-des-bermudes.com\/\/www.instagram.com\/triangledesbermudas_\/"]}]}},"_links":{"self":[{"href":"https:\/\/dev.triangle-des-bermudes.com\/fr\/wp-json\/wp\/v2\/product\/23917","targetHints":{"allow":["GET"]}}],"collection":[{"href":"https:\/\/dev.triangle-des-bermudes.com\/fr\/wp-json\/wp\/v2\/product"}],"about":[{"href":"https:\/\/dev.triangle-des-bermudes.com\/fr\/wp-json\/wp\/v2\/types\/product"}],"version-history":[{"count":0,"href":"https:\/\/dev.triangle-des-bermudes.com\/fr\/wp-json\/wp\/v2\/product\/23917\/revisions"}],"wp:featuredmedia":[{"embeddable":true,"href":"https:\/\/dev.triangle-des-bermudes.com\/fr\/wp-json\/wp\/v2\/media\/23912"}],"wp:attachment":[{"href":"https:\/\/dev.triangle-des-bermudes.com\/fr\/wp-json\/wp\/v2\/media?parent=23917"}],"wp:term":[{"taxonomy":"product_brand","embeddable":true,"href":"https:\/\/dev.triangle-des-bermudes.com\/fr\/wp-json\/wp\/v2\/product_brand?post=23917"},{"taxonomy":"product_cat","embeddable":true,"href":"https:\/\/dev.triangle-des-bermudes.com\/fr\/wp-json\/wp\/v2\/product_cat?post=23917"},{"taxonomy":"product_tag","embeddable":true,"href":"https:\/\/dev.triangle-des-bermudes.com\/fr\/wp-json\/wp\/v2\/product_tag?post=23917"}],"curies":[{"name":"wp","href":"https:\/\/api.w.org\/{rel}","templated":true}]}}