{"id":18617,"date":"2025-02-27T11:01:35","date_gmt":"2025-02-27T10:01:35","guid":{"rendered":"https:\/\/triangle-des-bermudes.com\/?post_type=product&#038;p=18617"},"modified":"2026-05-08T19:05:32","modified_gmt":"2026-05-08T17:05:32","slug":"bermuda-en-lin-homme-abricot","status":"publish","type":"product","link":"https:\/\/dev.triangle-des-bermudes.com\/fr\/produit\/bermuda-en-lin-homme-abricot\/","title":{"rendered":"Bermuda en lin Abricot"},"content":{"rendered":"<p>D\u00e9couvrez notre bermuda en lin \u00e9l\u00e9gant pour homme, o\u00f9 se rencontrent l\u00e9g\u00e8ret\u00e9 et style raffin\u00e9. Ce short a \u00e9t\u00e9 con\u00e7u pour offrir une sensation de fra\u00eecheur et de confort, id\u00e9ale pour les journ\u00e9es chaudes. Le tissu en lin respirant assure une allure \u00e9l\u00e9gante et d\u00e9contract\u00e9e.<\/p>\n<p>Sa mati\u00e8re est tr\u00e8s confortable et peut \u00eatre port\u00e9e dans de nombreuses circonstances : \u00c9v\u00e9nements estivaux \u2013 Voyages \u2013 Sorties en ville \u2013 D\u00eeners d\u00e9contract\u00e9s et plus encore.<\/p>\n<p>Portez ce bermuda en lin avec une chemise ou un polo pour un look \u00e9l\u00e9gant et d\u00e9contract\u00e9. Vous pouvez \u00e9galement ajuster la longueur selon vos pr\u00e9f\u00e9rences.<\/p>\n<p><\/p>\n<h3>Confort et \u00c9l\u00e9gance<\/h3>\n<p><\/p>\n<p>Le tissu extensible assure \u00e9galement une coupe confortable et flatteuse pour diff\u00e9rents types de corps. De plus, ces bermudas sont durables et faciles \u00e0 entretenir, ce qui en fait un investissement durable dans votre garde-robe. Leur m\u00e9lange de style, de confort et d\u2019\u00e9l\u00e9gance en fait un choix incontournable pour une tenue d\u2019\u00e9t\u00e9 raffin\u00e9e et d\u00e9contract\u00e9e.<\/p>\n","protected":false},"excerpt":{"rendered":"<p>Bermuda en lin Abricot Homme<\/p>\n","protected":false},"featured_media":18568,"template":"","meta":{"_acf_changed":false},"product_brand":[],"product_cat":[637,384],"product_tag":[197],"class_list":{"0":"post-18617","1":"product","2":"type-product","3":"status-publish","4":"has-post-thumbnail","6":"product_cat-la-collection-lin","7":"product_cat-bermudas-lin","8":"product_tag-shorts-haut-de-gamme-fr","9":"pa_color-linen-abricot-linen","10":"pa_global-colors-orange-fr","11":"pa_size-number-44-fr","12":"pa_size-number-30-fr","13":"pa_size-number-32-fr","14":"pa_size-number-34-fr","15":"pa_size-number-36-fr","16":"pa_size-number-38-fr","17":"pa_size-number-40-fr","18":"pa_size-number-42-fr","20":"first","21":"instock","22":"shipping-taxable","23":"purchasable","24":"product-type-variable","25":"has-default-attributes"},"acf":[],"yoast_head":"<!-- This site is optimized with the Yoast SEO plugin v26.8 - https:\/\/yoast.com\/product\/yoast-seo-wordpress\/ -->\n<title>Bermuda en lin Abricot Homme<\/title>\n<meta name=\"description\" content=\"Bermuda en lin Abricot Homme\" \/>\n<meta name=\"robots\" content=\"noindex, follow, max-snippet:-1, max-image-preview:large, max-video-preview:-1\" \/>\n<meta property=\"og:locale\" content=\"fr_FR\" \/>\n<meta property=\"og:type\" content=\"article\" \/>\n<meta property=\"og:title\" content=\"Bermuda en lin Abricot Homme\" \/>\n<meta property=\"og:description\" content=\"Bermuda en lin Abricot Homme\" \/>\n<meta property=\"og:url\" content=\"https:\/\/dev.triangle-des-bermudes.com\/fr\/produit\/bermuda-en-lin-homme-abricot\/\" \/>\n<meta property=\"og:site_name\" content=\"Triangle des Bermudas\" \/>\n<meta property=\"article:publisher\" content=\"https:\\\/\\\/dev.triangle-des-bermudes.com\/\/dev.triangle-des-bermudes.com\/\/www.facebook.com\/triangledesbermudasofficial\/\" \/>\n<meta property=\"article:modified_time\" content=\"2026-05-08T17:05:32+00:00\" \/>\n<meta property=\"og:image\" content=\"https:\/\/dev.triangle-des-bermudes.com\/wp-content\/uploads\/IMG_1395.jpg\" \/>\n\t<meta property=\"og:image:width\" content=\"1024\" \/>\n\t<meta property=\"og:image:height\" content=\"1536\" \/>\n\t<meta property=\"og:image:type\" content=\"image\/jpeg\" \/>\n<meta name=\"twitter:card\" content=\"summary_large_image\" \/>\n<meta name=\"twitter:title\" content=\"Bermuda en lin Abricot Homme\" \/>\n<meta name=\"twitter:description\" content=\"Bermuda en lin Abricot Homme\" \/>\n<script type=\"application\/ld+json\" class=\"yoast-schema-graph\">{\"@context\":\"https:\/\/schema.org\",\"@graph\":[{\"@type\":[\"WebPage\",\"ItemPage\"],\"@id\":\"https:\/\/dev.triangle-des-bermudes.com\/fr\/produit\/bermuda-en-lin-homme-abricot\/\",\"url\":\"https:\/\/dev.triangle-des-bermudes.com\/fr\/produit\/bermuda-en-lin-homme-abricot\/\",\"name\":\"Bermuda en lin Abricot Homme\",\"isPartOf\":{\"@id\":\"https:\/\/dev.triangle-des-bermudes.com\/fr\/#website\"},\"primaryImageOfPage\":{\"@id\":\"https:\/\/dev.triangle-des-bermudes.com\/fr\/produit\/bermuda-en-lin-homme-abricot\/#primaryimage\"},\"image\":{\"@id\":\"https:\/\/dev.triangle-des-bermudes.com\/fr\/produit\/bermuda-en-lin-homme-abricot\/#primaryimage\"},\"thumbnailUrl\":\"https:\/\/dev.triangle-des-bermudes.com\/wp-content\/uploads\/IMG_1395.jpg\",\"datePublished\":\"2025-02-27T10:01:35+00:00\",\"dateModified\":\"2026-05-08T17:05:32+00:00\",\"description\":\"Bermuda en lin Abricot Homme\",\"breadcrumb\":{\"@id\":\"https:\/\/dev.triangle-des-bermudes.com\/fr\/produit\/bermuda-en-lin-homme-abricot\/#breadcrumb\"},\"inLanguage\":\"fr-FR\",\"potentialAction\":[{\"@type\":\"ReadAction\",\"target\":[\"https:\/\/dev.triangle-des-bermudes.com\/fr\/produit\/bermuda-en-lin-homme-abricot\/\"]}]},{\"@type\":\"ImageObject\",\"inLanguage\":\"fr-FR\",\"@id\":\"https:\/\/dev.triangle-des-bermudes.com\/fr\/produit\/bermuda-en-lin-homme-abricot\/#primaryimage\",\"url\":\"https:\/\/dev.triangle-des-bermudes.com\/wp-content\/uploads\/IMG_1395.jpg\",\"contentUrl\":\"https:\/\/dev.triangle-des-bermudes.com\/wp-content\/uploads\/IMG_1395.jpg\",\"width\":1024,\"height\":1536},{\"@type\":\"BreadcrumbList\",\"@id\":\"https:\/\/dev.triangle-des-bermudes.com\/fr\/produit\/bermuda-en-lin-homme-abricot\/#breadcrumb\",\"itemListElement\":[{\"@type\":\"ListItem\",\"position\":1,\"name\":\"Boutique\",\"item\":\"https:\/\/dev.triangle-des-bermudes.com\/fr\/boutique\/\"},{\"@type\":\"ListItem\",\"position\":2,\"name\":\"La Collection Lin\",\"item\":\"https:\/\/dev.triangle-des-bermudes.com\/fr\/catalogue\/la-collection-lin\/\"},{\"@type\":\"ListItem\",\"position\":3,\"name\":\"Bermudas\",\"item\":\"https:\/\/dev.triangle-des-bermudes.com\/fr\/catalogue\/la-collection-lin\/bermudas-lin\/\"},{\"@type\":\"ListItem\",\"position\":4,\"name\":\"Bermuda en lin Abricot\"}]},{\"@type\":\"WebSite\",\"@id\":\"https:\/\/dev.triangle-des-bermudes.com\/fr\/#website\",\"url\":\"https:\/\/dev.triangle-des-bermudes.com\/fr\/\",\"name\":\"Triangle des Bermudas\",\"description\":\"Quality clothing &amp; accessories for Men &amp; Women\",\"publisher\":{\"@id\":\"https:\/\/dev.triangle-des-bermudes.com\/fr\/#organization\"},\"potentialAction\":[{\"@type\":\"SearchAction\",\"target\":{\"@type\":\"EntryPoint\",\"urlTemplate\":\"https:\/\/dev.triangle-des-bermudes.com\/fr\/?s={search_term_string}\"},\"query-input\":{\"@type\":\"PropertyValueSpecification\",\"valueRequired\":true,\"valueName\":\"search_term_string\"}}],\"inLanguage\":\"fr-FR\"},{\"@type\":\"Organization\",\"@id\":\"https:\/\/dev.triangle-des-bermudes.com\/fr\/#organization\",\"name\":\"Triangle des Bermudas\",\"url\":\"https:\/\/dev.triangle-des-bermudes.com\/fr\/\",\"logo\":{\"@type\":\"ImageObject\",\"inLanguage\":\"fr-FR\",\"@id\":\"https:\/\/dev.triangle-des-bermudes.com\/fr\/#\/schema\/logo\/image\/\",\"url\":\"https:\/\/dev.triangle-des-bermudes.com\/wp-content\/uploads\/tdblogo01.svg\",\"contentUrl\":\"https:\/\/dev.triangle-des-bermudes.com\/wp-content\/uploads\/tdblogo01.svg\",\"caption\":\"Triangle des Bermudas\"},\"image\":{\"@id\":\"https:\/\/dev.triangle-des-bermudes.com\/fr\/#\/schema\/logo\/image\/\"},\"sameAs\":[\"https:\\\\\/\\\\\/dev.triangle-des-bermudes.com\/\/dev.triangle-des-bermudes.com\/\/www.facebook.com\/triangledesbermudasofficial\/\",\"https:\\\\\/\\\\\/dev.triangle-des-bermudes.com\/\/dev.triangle-des-bermudes.com\/\/www.instagram.com\/triangledesbermudas_\/\"]}]}<\/script>\n<!-- \/ Yoast SEO plugin. -->","yoast_head_json":{"title":"Bermuda en lin Abricot Homme","description":"Bermuda en lin Abricot Homme","robots":{"index":"noindex","follow":"follow","max-snippet":"max-snippet:-1","max-image-preview":"max-image-preview:large","max-video-preview":"max-video-preview:-1"},"og_locale":"fr_FR","og_type":"article","og_title":"Bermuda en lin Abricot Homme","og_description":"Bermuda en lin Abricot Homme","og_url":"https:\/\/dev.triangle-des-bermudes.com\/fr\/produit\/bermuda-en-lin-homme-abricot\/","og_site_name":"Triangle des Bermudas","article_publisher":"https:\\\/\\\/dev.triangle-des-bermudes.com\/\/dev.triangle-des-bermudes.com\/\/www.facebook.com\/triangledesbermudasofficial\/","article_modified_time":"2026-05-08T17:05:32+00:00","og_image":[{"width":1024,"height":1536,"url":"https:\/\/dev.triangle-des-bermudes.com\/wp-content\/uploads\/IMG_1395.jpg","type":"image\/jpeg"}],"twitter_card":"summary_large_image","twitter_title":"Bermuda en lin Abricot Homme","twitter_description":"Bermuda en lin Abricot Homme","schema":{"@context":"https:\/\/schema.org","@graph":[{"@type":["WebPage","ItemPage"],"@id":"https:\/\/dev.triangle-des-bermudes.com\/fr\/produit\/bermuda-en-lin-homme-abricot\/","url":"https:\/\/dev.triangle-des-bermudes.com\/fr\/produit\/bermuda-en-lin-homme-abricot\/","name":"Bermuda en lin Abricot Homme","isPartOf":{"@id":"https:\/\/dev.triangle-des-bermudes.com\/fr\/#website"},"primaryImageOfPage":{"@id":"https:\/\/dev.triangle-des-bermudes.com\/fr\/produit\/bermuda-en-lin-homme-abricot\/#primaryimage"},"image":{"@id":"https:\/\/dev.triangle-des-bermudes.com\/fr\/produit\/bermuda-en-lin-homme-abricot\/#primaryimage"},"thumbnailUrl":"https:\/\/dev.triangle-des-bermudes.com\/wp-content\/uploads\/IMG_1395.jpg","datePublished":"2025-02-27T10:01:35+00:00","dateModified":"2026-05-08T17:05:32+00:00","description":"Bermuda en lin Abricot Homme","breadcrumb":{"@id":"https:\/\/dev.triangle-des-bermudes.com\/fr\/produit\/bermuda-en-lin-homme-abricot\/#breadcrumb"},"inLanguage":"fr-FR","potentialAction":[{"@type":"ReadAction","target":["https:\/\/dev.triangle-des-bermudes.com\/fr\/produit\/bermuda-en-lin-homme-abricot\/"]}]},{"@type":"ImageObject","inLanguage":"fr-FR","@id":"https:\/\/dev.triangle-des-bermudes.com\/fr\/produit\/bermuda-en-lin-homme-abricot\/#primaryimage","url":"https:\/\/dev.triangle-des-bermudes.com\/wp-content\/uploads\/IMG_1395.jpg","contentUrl":"https:\/\/dev.triangle-des-bermudes.com\/wp-content\/uploads\/IMG_1395.jpg","width":1024,"height":1536},{"@type":"BreadcrumbList","@id":"https:\/\/dev.triangle-des-bermudes.com\/fr\/produit\/bermuda-en-lin-homme-abricot\/#breadcrumb","itemListElement":[{"@type":"ListItem","position":1,"name":"Boutique","item":"https:\/\/dev.triangle-des-bermudes.com\/fr\/boutique\/"},{"@type":"ListItem","position":2,"name":"La Collection Lin","item":"https:\/\/dev.triangle-des-bermudes.com\/fr\/catalogue\/la-collection-lin\/"},{"@type":"ListItem","position":3,"name":"Bermudas","item":"https:\/\/dev.triangle-des-bermudes.com\/fr\/catalogue\/la-collection-lin\/bermudas-lin\/"},{"@type":"ListItem","position":4,"name":"Bermuda en lin Abricot"}]},{"@type":"WebSite","@id":"https:\/\/dev.triangle-des-bermudes.com\/fr\/#website","url":"https:\/\/dev.triangle-des-bermudes.com\/fr\/","name":"Triangle des Bermudas","description":"Quality clothing &amp; accessories for Men &amp; Women","publisher":{"@id":"https:\/\/dev.triangle-des-bermudes.com\/fr\/#organization"},"potentialAction":[{"@type":"SearchAction","target":{"@type":"EntryPoint","urlTemplate":"https:\/\/dev.triangle-des-bermudes.com\/fr\/?s={search_term_string}"},"query-input":{"@type":"PropertyValueSpecification","valueRequired":true,"valueName":"search_term_string"}}],"inLanguage":"fr-FR"},{"@type":"Organization","@id":"https:\/\/dev.triangle-des-bermudes.com\/fr\/#organization","name":"Triangle des Bermudas","url":"https:\/\/dev.triangle-des-bermudes.com\/fr\/","logo":{"@type":"ImageObject","inLanguage":"fr-FR","@id":"https:\/\/dev.triangle-des-bermudes.com\/fr\/#\/schema\/logo\/image\/","url":"https:\/\/dev.triangle-des-bermudes.com\/wp-content\/uploads\/tdblogo01.svg","contentUrl":"https:\/\/dev.triangle-des-bermudes.com\/wp-content\/uploads\/tdblogo01.svg","caption":"Triangle des Bermudas"},"image":{"@id":"https:\/\/dev.triangle-des-bermudes.com\/fr\/#\/schema\/logo\/image\/"},"sameAs":["https:\\\/\\\/dev.triangle-des-bermudes.com\/\/dev.triangle-des-bermudes.com\/\/www.facebook.com\/triangledesbermudasofficial\/","https:\\\/\\\/dev.triangle-des-bermudes.com\/\/dev.triangle-des-bermudes.com\/\/www.instagram.com\/triangledesbermudas_\/"]}]}},"_links":{"self":[{"href":"https:\/\/dev.triangle-des-bermudes.com\/fr\/wp-json\/wp\/v2\/product\/18617","targetHints":{"allow":["GET"]}}],"collection":[{"href":"https:\/\/dev.triangle-des-bermudes.com\/fr\/wp-json\/wp\/v2\/product"}],"about":[{"href":"https:\/\/dev.triangle-des-bermudes.com\/fr\/wp-json\/wp\/v2\/types\/product"}],"version-history":[{"count":0,"href":"https:\/\/dev.triangle-des-bermudes.com\/fr\/wp-json\/wp\/v2\/product\/18617\/revisions"}],"wp:featuredmedia":[{"embeddable":true,"href":"https:\/\/dev.triangle-des-bermudes.com\/fr\/wp-json\/wp\/v2\/media\/18568"}],"wp:attachment":[{"href":"https:\/\/dev.triangle-des-bermudes.com\/fr\/wp-json\/wp\/v2\/media?parent=18617"}],"wp:term":[{"taxonomy":"product_brand","embeddable":true,"href":"https:\/\/dev.triangle-des-bermudes.com\/fr\/wp-json\/wp\/v2\/product_brand?post=18617"},{"taxonomy":"product_cat","embeddable":true,"href":"https:\/\/dev.triangle-des-bermudes.com\/fr\/wp-json\/wp\/v2\/product_cat?post=18617"},{"taxonomy":"product_tag","embeddable":true,"href":"https:\/\/dev.triangle-des-bermudes.com\/fr\/wp-json\/wp\/v2\/product_tag?post=18617"}],"curies":[{"name":"wp","href":"https:\/\/api.w.org\/{rel}","templated":true}]}}