{"id":9254,"date":"2023-05-15T20:56:24","date_gmt":"2023-05-15T18:56:24","guid":{"rendered":"https:\/\/triangle-des-bermudes.com\/termes-et-conditions\/"},"modified":"2023-06-15T18:13:51","modified_gmt":"2023-06-15T16:13:51","slug":"termes-et-conditions","status":"publish","type":"page","link":"https:\/\/dev.triangle-des-bermudes.com\/fr\/termes-et-conditions\/","title":{"rendered":"Conditions g\u00e9n\u00e9rales de vente"},"content":{"rendered":"\t\t<div data-elementor-type=\"wp-page\" data-elementor-id=\"9254\" class=\"elementor elementor-9254 elementor-7591\" data-elementor-post-type=\"page\">\n\t\t\t\t<div class=\"elementor-element elementor-element-ccc703c e-flex e-con-boxed e-con e-parent\" data-id=\"ccc703c\" data-element_type=\"container\" data-e-type=\"container\" data-settings=\"{&quot;background_background&quot;:&quot;classic&quot;}\">\n\t\t\t\t\t<div class=\"e-con-inner\">\n\t\t\t\t<div class=\"elementor-element elementor-element-ced53c7 elementor-widget elementor-widget-heading\" data-id=\"ced53c7\" data-element_type=\"widget\" data-e-type=\"widget\" data-widget_type=\"heading.default\">\n\t\t\t\t<div class=\"elementor-widget-container\">\n\t\t\t\t\t<h2 class=\"elementor-heading-title elementor-size-default\">CONDITIONS G\u00c9N\u00c9RALES DE VENTE<\/h2>\t\t\t\t<\/div>\n\t\t\t\t<\/div>\n\t\t\t\t\t<\/div>\n\t\t\t\t<\/div>\n\t\t<div class=\"elementor-element elementor-element-c8e9ea5 e-flex e-con-boxed e-con e-parent\" data-id=\"c8e9ea5\" data-element_type=\"container\" data-e-type=\"container\">\n\t\t\t\t\t<div class=\"e-con-inner\">\n\t\t\t\t<div class=\"elementor-element elementor-element-69fa7da elementor-widget elementor-widget-text-editor\" data-id=\"69fa7da\" data-element_type=\"widget\" data-e-type=\"widget\" data-widget_type=\"text-editor.default\">\n\t\t\t\t<div class=\"elementor-widget-container\">\n\t\t\t\t\t\t\t\t\t<h6>1 | Prix<\/h6>\n<p>1.1 \u2013 Les prix de nos produits sont indiqu\u00e9s en dollars toutes taxes comprises hors participation aux frais de traitement et d\u2019exp\u00e9dition.<\/p>\n<p>1.2 \u2013 En cas de commande vers un pays autre que la France m\u00e9tropolitaine vous \u00eates l\u2019importateur du ou des produits concern\u00e9s. Pour tous les produits exp\u00e9di\u00e9s hors Union Europ\u00e9enne et DOM-TOM, des droits de douane, autres taxes locales, droits d\u2019importation ou taxes d\u2019\u00c9tat sont susceptibles d\u2019\u00eatre exigibles. Ces droits et sommes ne rel\u00e8vent pas du ressort de la soci\u00e9t\u00e9 Triangle des Bermudes. Ils seront \u00e0 votre charge et rel\u00e8vent de votre enti\u00e8re responsabilit\u00e9 tant en termes de d\u00e9clarations que de paiements aux autorit\u00e9s et organismes comp\u00e9tents de votre pays. Nous vous conseillons de vous renseigner sur ces aspects aupr\u00e8s de vos autorit\u00e9s locales.<\/p>\n<p>1.3 \u2013 Toutes les commandes quelle que soit leur origine sont payables en Dollars.<\/p>\n<p>1.4 \u2013 Triangle des Bermudes Store se r\u00e9serve le droit de modifier ses prix \u00e0 tout moment. Les produits seront factur\u00e9s sur la base des tarifs en vigueur au moment de l\u2019enregistrement des commandes sous r\u00e9serve de disponibilit\u00e9. Les produits demeurent la propri\u00e9t\u00e9 de Triangle des Bermudes jusqu\u2019au complet paiement du prix.<\/p>\n<p>1.5 \u2013 Vous pouvez demander l\u2019envoi d\u2019une facture mentionnant une adresse de livraison en validant l\u2019option pr\u00e9vue \u00e0 cet effet.<\/p>\n<h6>2 | Commande<\/h6>\n<p>Vous pouvez commander : Sur Internet : <a title=\"Triangle des bermudes\" href=\"http:\/\/triangle-des-bermudes.com\/\">www.triangle-des-bermudes.com<\/a>. Les informations contractuelles sont pr\u00e9sent\u00e9es en langue fran\u00e7aise et feront l\u2019objet d\u2019une confirmation reprenant ces informations contractuelles au plus tard au moment de la livraison.<\/p>\n<h6>3 | Validation<\/h6>\n<p>Quand vous cliquez sur le bouton Valider apr\u00e8s le processus de commande, vous d\u00e9clarez accepter celle-ci ainsi que l\u2019int\u00e9gralit\u00e9 des pr\u00e9sentes Conditions G\u00e9n\u00e9rales de Vente pleinement et sans r\u00e9serve. Les donn\u00e9es enregistr\u00e9es par Triangle des Bermudes constituent la preuve de l\u2019ensemble des transactions pass\u00e9es par Triangle des Bermudes et ses clients. Les donn\u00e9es enregistr\u00e9es par le syst\u00e8me de paiement constituent la preuve des transactions financi\u00e8res.<\/p>\n<h6>4 | Disponibilit\u00e9<\/h6>\n<p>Nos offres de produits sont propos\u00e9es dans la limite des stocks disponibles. Dans ce cadre, des indications sur la disponibilit\u00e9 des produits vous sont fournies au moment de la passation de votre commande. Si les articles s\u2019av\u00e9raient indisponibles apr\u00e8s votre commande, nous vous en informerions et vous inviterions \u00e0 annuler ou \u00e0 modifier votre commande.<\/p>\n<h6>5 | Livraison<\/h6>\n<p>Nos articles sont normalement livr\u00e9s par la poste en Colissimo Suivi. Les colis sont exp\u00e9di\u00e9s \u00e0 l\u2019adresse indiqu\u00e9e dans un d\u00e9lai de 2 \u00e0 3 jours ouvrables pour la France m\u00e9tropolitaine. Pour les livraisons internationales, la dur\u00e9e de livraison peut correspondre de 3 \u00e0 5 jours ouvrables. D\u00e8s l\u2019exp\u00e9dition de votre commande, un num\u00e9ro de suivi vous sera attribu\u00e9. Ce num\u00e9ro de suivi vous permettra de suivre l\u2019\u00e9volution de votre acheminement de votre commande sur le site <a href=\"http:\/\/www.colissimo.fr\/portail_colissimo\/suivre.do?language=en_GB\" target=\"_blank\" rel=\"noopener noreferrer\">www.coliposte.net<\/a>. L\u2019exp\u00e9diteur se r\u00e9serve le droit d\u2019utiliser tout autre moyen de livraison dans le respect des d\u00e9lais et frais pr\u00e9vus.<\/p>\n<p>5-1 Le service Colissimo Suivi pr\u00e9voit un d\u00e9lai de 48h pour la livraison, hors week-end et jours f\u00e9ri\u00e9s et vous offre la possibilit\u00e9 de r\u00e9cup\u00e9rer les produits command\u00e9s \u00e0 votre bureau de poste proche de l\u2019adresse de livraison en cas d\u2019absence lors de la pr\u00e9sentation du facteur. Si vous \u00eates absent le jour de la livraison, votre facteur vous laissera un avis de passage dans votre boite aux lettres. Cet avis de passage vous permettra de retirer votre colis \u00e0 votre bureau de poste pendant les heures d\u2019ouverture, dans un d\u00e9lai de 15 jours.<\/p>\n<p>5-2 Il appartient au destinataire de v\u00e9rifier les exp\u00e9ditions \u00e0 l\u2019arriv\u00e9e et de faire toutes r\u00e9serves et r\u00e9clamations qui appara\u00eetraient justifi\u00e9es, voire m\u00eame de refuser le colis, si celui-ci est susceptible d\u2019avoir \u00e9t\u00e9 ouvert ou s\u2019il porte des traces manifestes de d\u00e9t\u00e9rioration.<\/p>\n<p>5-3 Toutefois, il se peut, comme dans toute exp\u00e9dition, qu\u2019il puisse y avoir un retard de livraison ou que le colis s\u2019\u00e9gare. En cas de retard de livraison ou de colis \u00e9gar\u00e9, nous vous demandons de nous le signaler par email \u00e0 l\u2019adresse contact@triangle-des-bermudes.com. Nous contacterons la Poste pour faire d\u00e9marrer une enqu\u00eate. Une enqu\u00eate de la Poste peut durer jusqu\u2019\u00e0 21 jours \u00e0 compter de la date de d\u00e9but de l\u2019enqu\u00eate. Si pendant ce d\u00e9lai, le colis est retrouv\u00e9, il sera r\u00e9 achemin\u00e9 imm\u00e9diatement \u00e0 votre domicile. Si en revanche, le produit n\u2019est pas retrouv\u00e9 \u00e0 l\u2019issue du d\u00e9lai de 21 jours d\u2019enqu\u00eate, la Poste consid\u00e8re le colis comme perdu. Dans ce cas uniquement, nous pourrons vous renvoyer un produit de remplacement, \u00e0 nos frais. Si le ou les produits command\u00e9s ne sont plus disponibles, nous vous rembourserons votre commande.<\/p>\n<p>Nous d\u00e9clinons toute responsabilit\u00e9 quant \u00e0 l\u2019allongement des d\u00e9lais de livraison du fait du transporteur, notamment en cas de perte des produits ou de gr\u00e8ve.<\/p>\n<p>5-4 Dans le cas o\u00f9 le transporteur n\u2019a pas \u00e9t\u00e9 en mesure de livrer le client en raison d\u2019une mauvaise adresse ou d\u2019une non-acceptation du colis par le client, les produits sont retourn\u00e9s \u00e0 Triangle des Bermudes et un avoir sera d\u00e9pos\u00e9 sur votre espace client du montant des produits concern\u00e9s, d\u00e9duction faite des frais de port engag\u00e9s. Dans le cas o\u00f9 le colis ne serait pas r\u00e9clam\u00e9 \u00e0 la Poste, pass\u00e9 le d\u00e9lai de 15 jours de mise \u00e0 disposition, celui-ci sera retourn\u00e9 \u00e0 Triangle des Bermudes. Le service relation client\u00e8le de Triangle des Bermudes prendra alors contact avec le client pour une \u00e9ventuelle r\u00e9exp\u00e9dition ou, sans r\u00e9ponse du client un remboursement ou un avoir de la commande.<\/p>\n<h6>6 | Paiement<\/h6>\n<p>Le r\u00e8glement de vos achats peut s\u2019effectuer par : Carte Bancaire (Visa, MasterCard, Carte Bleue Nationale et internationale \u00e0 travers PAYPAL et STRIPE.<\/p>\n<h6>7 | S\u00e9curisation<\/h6>\n<p>Notre site fait l\u2019objet d\u2019un syst\u00e8me de s\u00e9curisation : Nous avons adopt\u00e9 le proc\u00e9d\u00e9 de cryptage SSL mais nous avons aussi renforc\u00e9 l\u2019ensemble des proc\u00e9d\u00e9s de brouillage et de cryptage pour prot\u00e9ger le plus efficacement possible toutes les donn\u00e9es sensibles li\u00e9es aux moyens de paiement.<\/p>\n<h6>8 | Politique de Retour et SAV<\/h6>\n<p>8. 1 \u2013 Conform\u00e9ment aux articles L 121-20 et suivants du code de la consommation, le client b\u00e9n\u00e9ficie d\u2019un d\u00e9lai de r\u00e9flexion de 14 jours \u00e0 compter de la livraison pour revenir sur sa d\u00e9cision et retourner l\u2019article \/ les articles command\u00e9(s) sans avoir \u00e0 justifier de modifications ni \u00e0 payer de p\u00e9nalit\u00e9s \u00e0 l\u2019exception des frais de retour qui resteront \u00e0 sa charge.<\/p>\n<p>Les articles devront \u00eatre retourn\u00e9s dans leur emballage d\u2019origine, complets, \u00e9tiquet\u00e9s, neufs, non port\u00e9s, non lav\u00e9s.<\/p>\n<p>Les articles retourn\u00e9s incomplets ou endommag\u00e9s, d\u00e9t\u00e9rior\u00e9s ou tach\u00e9s par le client ne seront pas rembours\u00e9s.<\/p>\n<p>Veuillez envoyer votre colis via une m\u00e9thode pr\u00e9pay\u00e9e, assur\u00e9e et tra\u00e7able pour assurer une livraison s\u00fbre et document\u00e9e. (recommand\u00e9 avec avis de r\u00e9ception, colissimo suivi, etc.).<\/p>\n<p>8.2 \u2013 Si le retour est d\u00fb \u00e0 une erreur de notre part, les frais de livraison de l\u2019aller et de retour qui ont \u00e9t\u00e9 pay\u00e9s par le client lui seront rembours\u00e9s. (Joindre au colis, le justificatif de vos frais de port).<\/p>\n<p>Une fois les marchandises re\u00e7ues, contr\u00f4l\u00e9es, et accept\u00e9es par nos services, le remboursement des articles retourn\u00e9s au prix factur\u00e9 s\u2019effectuera par cr\u00e9dit sur le compte bancaire du client correspondant \u00e0 la carte bancaire ayant servi au paiement au plus tard dans les 30 jours suivant la r\u00e9ception, des articles retourn\u00e9s.<\/p>\n<p>8.3 \u2013 Aucun bon d\u2019achat \u00e9mis pour un retour de marchandises acquises par voie \u00e9lectronique ne sera valable en boutique.<\/p>\n<h6>9 | SERVICE CLIENT<\/h6>\n<p>Un charg\u00e9 de client\u00e8le Triangle des Bermudes se fera un plaisir de r\u00e9pondre \u00e0 toutes vos questions et reste joignable par mail : <a title=\"Contacter-nous\" href=\"mailto:contact@triangle-des-bermudes.com\">contact@triangle-des-bermudes.com<\/a><\/p>\n<h6>10 | Propri\u00e9t\u00e9 Intellectuelle<\/h6>\n<p>Le droit d&rsquo;auteur sur le mat\u00e9riel contenu dans le site Web, ainsi que sur la conception, le texte et les graphiques du site Web appartient \u00e0 Triangle des Bermudes ou aux fournisseurs de ces informations. Tous les droits sont r\u00e9serv\u00e9s. Aucun de ces \u00e9l\u00e9ments ne peut \u00eatre reproduit ou redistribu\u00e9 sans notre autorisation \u00e9crite.<\/p>\n<p>L&rsquo;utilisation et l&rsquo;affichage du contenu de ce site Web peuvent \u00eatre utilis\u00e9s pour votre usage personnel et non commercial.<\/p>\n<h6>11 | Responsabilit\u00e9<\/h6>\n<p>Les produits propos\u00e9s sont conformes \u00e0 la l\u00e9gislation fran\u00e7aise en vigueur. La responsabilit\u00e9 de Triangle des Bermudes ne saurait \u00eatre engag\u00e9e en cas de non-respect de la l\u00e9gislation du pays ou les produits sont livr\u00e9s (interdiction d\u2019un titre ou d\u2019un type d\u2019article\u2026). Il vous appartient de v\u00e9rifier aupr\u00e8s des autorit\u00e9s locales les possibilit\u00e9s d\u2019importation ou d\u2019utilisation des produits ou services que vos envisagez de commander.<\/p>\n<p>Les photographies et les textes reproduits et illustrant les produits pr\u00e9sent\u00e9s ne sont pas contractuels. En cons\u00e9quence, la responsabilit\u00e9 de Triangle des Bermudes ne saurait \u00eatre engag\u00e9e en cas d\u2019erreur dans l\u2019une de ses photographies ou l\u2019un de ses textes.<\/p>\n<p>Triangle des Bermudes ne saurait \u00eatre tenu pour responsable de l\u2019inex\u00e9cution du contrat conclu en cas de rupture de stock ou indisponibilit\u00e9 du produit, de force majeure, de perturbation ou gr\u00e8ve totale ou partielle notamment des services postaux et moyens de transport et\/ou communication, inondation, incendie.<\/p>\n<p>Triangle des Bermudes n\u2019encourra aucune responsabilit\u00e9 pour tous dommages indirects du fait des pr\u00e9sentes, perte d\u2019exploitation, perte de profit, dommages ou frais.<\/p>\n<h6>12 | Droit Applicable \u2013 Litiges<\/h6>\n<p>Le pr\u00e9sent contrat est soumis \u00e0 la loi de Hong Kong. La langue du pr\u00e9sent contrat est la langue fran\u00e7aise. En cas de litige seul le tribunal de Hong Kong est comp\u00e9tent.<\/p>\n<h6>13 | Informations Nominatives<\/h6>\n<p>Les informations personnelles renseign\u00e9es sont n\u00e9cessaires \u00e0 l&rsquo;enregistrement, au traitement et \u00e0 la facturation de la livraison ainsi qu&rsquo;\u00e0 l&rsquo;envoi des newsletters et promotions. Ces informations sont strictement confidentielles. En cons\u00e9quence, conform\u00e9ment \u00e0 la loi informatique et libert\u00e9 du 6 janvier 1978, vous disposez d&rsquo;un droit d&rsquo;acc\u00e8s, de modification, de rectification et de modification des informations communiqu\u00e9es. Pour cela il suffit de nous en faire la demande en ligne ou par courrier en nous indiquant vos nom, pr\u00e9nom, adresse et si possible votre r\u00e9f\u00e9rence client par mail : contact@triangle-des-bermudes.com<\/p>\n<p>Notre site est \u00e9galement con\u00e7u pour \u00eatre particuli\u00e8rement attentif aux besoins de nos clients. C\u2019est entre autre pour cela que nous ne faisons pas usage de cookies. Aucun fichier n\u2019est envoy\u00e9 ou stock\u00e9 sur votre ordinateur, afin de vous garantir une enti\u00e8re confidentialit\u00e9.<\/p>\n<h6>14 | Modification des conditions g\u00e9n\u00e9rales de vente<\/h6>\n<p>Compte tenu des \u00e9volutions possibles du Site, Triangle des Bermudes se r\u00e9serve la possibilit\u00e9 d\u2019adapter ou de modifier \u00e0 tous moments les pr\u00e9sentes conditions g\u00e9n\u00e9rales de vente. Les nouvelles conditions g\u00e9n\u00e9rales de vente seront, le cas \u00e9ch\u00e9ant, port\u00e9es \u00e0 la connaissance du client par modification en ligne et seront applicables aux seules ventes r\u00e9alis\u00e9es post\u00e9rieurement \u00e0 la modification.<\/p>\n<h6>15 | Les clients<\/h6>\n<p>Il est important que vous nous donniez une adresse e-mail exacte et valide et que vous nous informiez de toute modification de celle-ci.<\/p>\n<p>Le nom d&rsquo;utilisateur et le mot de passe qui vous sont communiqu\u00e9s par Triangle des Bermudes avant de pouvoir nous commander des articles vous sont personnels et ne sont pas transf\u00e9rables. Toute violation pr\u00e9sum\u00e9e de la s\u00e9curit\u00e9 d&rsquo;un nom d&rsquo;utilisateur ou d&rsquo;un mot de passe doit nous \u00eatre imm\u00e9diatement signal\u00e9e. Vous serez responsable de tous les paiements dus pour les articles command\u00e9s via le site Web par toute personne utilisant votre nom d&rsquo;utilisateur et votre mot de passe. Triangle des Bermudes n&rsquo;est pas responsable de la perte de votre identifiant et de votre mot de passe.<\/p>\n<p>Nous autoriserons un acc\u00e8s ininterrompu au site Web, mais l&rsquo;acc\u00e8s pourra \u00eatre suspendu, restreint ou r\u00e9sili\u00e9 \u00e0 tout moment si le client utilise les \u00e9l\u00e9ments du site Web de mani\u00e8re frauduleuse.<\/p>\n\t\t\t\t\t\t\t\t<\/div>\n\t\t\t\t<\/div>\n\t\t\t\t\t<\/div>\n\t\t\t\t<\/div>\n\t\t\t\t<\/div>\n\t\t","protected":false},"excerpt":{"rendered":"<p>CONDITIONS G\u00c9N\u00c9RALES DE VENTE 1 | Prix 1.1 \u2013 Les prix de nos produits sont indiqu\u00e9s en dollars toutes taxes comprises hors participation aux frais de traitement et d\u2019exp\u00e9dition. 1.2 \u2013 En cas de commande vers un pays autre que la France m\u00e9tropolitaine vous \u00eates l\u2019importateur du ou des produits concern\u00e9s. Pour tous les produits [&hellip;]<\/p>\n","protected":false},"author":6,"featured_media":0,"parent":0,"menu_order":0,"comment_status":"closed","ping_status":"closed","template":"","meta":{"_acf_changed":false,"footnotes":""},"class_list":["post-9254","page","type-page","status-publish","hentry"],"acf":[],"yoast_head":"<!-- This site is optimized with the Yoast SEO plugin v26.8 - https:\/\/yoast.com\/product\/yoast-seo-wordpress\/ -->\n<title>Conditions g\u00e9n\u00e9rales de vente - Triangle des Bermudas<\/title>\n<meta name=\"robots\" content=\"noindex, follow, max-snippet:-1, max-image-preview:large, max-video-preview:-1\" \/>\n<meta property=\"og:locale\" content=\"fr_FR\" \/>\n<meta property=\"og:type\" content=\"article\" \/>\n<meta property=\"og:title\" content=\"Conditions g\u00e9n\u00e9rales de vente - Triangle des Bermudas\" \/>\n<meta property=\"og:description\" content=\"CONDITIONS G\u00c9N\u00c9RALES DE VENTE 1 | Prix 1.1 \u2013 Les prix de nos produits sont indiqu\u00e9s en dollars toutes taxes comprises hors participation aux frais de traitement et d\u2019exp\u00e9dition. 1.2 \u2013 En cas de commande vers un pays autre que la France m\u00e9tropolitaine vous \u00eates l\u2019importateur du ou des produits concern\u00e9s. Pour tous les produits [&hellip;]\" \/>\n<meta property=\"og:url\" content=\"https:\/\/dev.triangle-des-bermudes.com\/fr\/termes-et-conditions\/\" \/>\n<meta property=\"og:site_name\" content=\"Triangle des Bermudas\" \/>\n<meta property=\"article:publisher\" content=\"https:\\\/\\\/dev.triangle-des-bermudes.com\/\/dev.triangle-des-bermudes.com\/\/www.facebook.com\/triangledesbermudasofficial\/\" \/>\n<meta property=\"article:modified_time\" content=\"2023-06-15T16:13:51+00:00\" \/>\n<meta name=\"twitter:card\" content=\"summary_large_image\" \/>\n<script type=\"application\/ld+json\" class=\"yoast-schema-graph\">{\"@context\":\"https:\/\/schema.org\",\"@graph\":[{\"@type\":\"WebPage\",\"@id\":\"https:\/\/dev.triangle-des-bermudes.com\/fr\/termes-et-conditions\/\",\"url\":\"https:\/\/dev.triangle-des-bermudes.com\/fr\/termes-et-conditions\/\",\"name\":\"Conditions g\u00e9n\u00e9rales de vente - Triangle des Bermudas\",\"isPartOf\":{\"@id\":\"https:\/\/dev.triangle-des-bermudes.com\/fr\/#website\"},\"datePublished\":\"2023-05-15T18:56:24+00:00\",\"dateModified\":\"2023-06-15T16:13:51+00:00\",\"inLanguage\":\"fr-FR\",\"potentialAction\":[{\"@type\":\"ReadAction\",\"target\":[\"https:\/\/dev.triangle-des-bermudes.com\/fr\/termes-et-conditions\/\"]}]},{\"@type\":\"WebSite\",\"@id\":\"https:\/\/dev.triangle-des-bermudes.com\/fr\/#website\",\"url\":\"https:\/\/dev.triangle-des-bermudes.com\/fr\/\",\"name\":\"Triangle des Bermudas\",\"description\":\"Quality clothing &amp; accessories for Men &amp; Women\",\"publisher\":{\"@id\":\"https:\/\/dev.triangle-des-bermudes.com\/fr\/#organization\"},\"potentialAction\":[{\"@type\":\"SearchAction\",\"target\":{\"@type\":\"EntryPoint\",\"urlTemplate\":\"https:\/\/dev.triangle-des-bermudes.com\/fr\/?s={search_term_string}\"},\"query-input\":{\"@type\":\"PropertyValueSpecification\",\"valueRequired\":true,\"valueName\":\"search_term_string\"}}],\"inLanguage\":\"fr-FR\"},{\"@type\":\"Organization\",\"@id\":\"https:\/\/dev.triangle-des-bermudes.com\/fr\/#organization\",\"name\":\"Triangle des Bermudas\",\"url\":\"https:\/\/dev.triangle-des-bermudes.com\/fr\/\",\"logo\":{\"@type\":\"ImageObject\",\"inLanguage\":\"fr-FR\",\"@id\":\"https:\/\/dev.triangle-des-bermudes.com\/fr\/#\/schema\/logo\/image\/\",\"url\":\"https:\/\/dev.triangle-des-bermudes.com\/wp-content\/uploads\/tdblogo01.svg\",\"contentUrl\":\"https:\/\/dev.triangle-des-bermudes.com\/wp-content\/uploads\/tdblogo01.svg\",\"caption\":\"Triangle des Bermudas\"},\"image\":{\"@id\":\"https:\/\/dev.triangle-des-bermudes.com\/fr\/#\/schema\/logo\/image\/\"},\"sameAs\":[\"https:\\\\\/\\\\\/dev.triangle-des-bermudes.com\/\/dev.triangle-des-bermudes.com\/\/www.facebook.com\/triangledesbermudasofficial\/\",\"https:\\\\\/\\\\\/dev.triangle-des-bermudes.com\/\/dev.triangle-des-bermudes.com\/\/www.instagram.com\/triangledesbermudas_\/\"]}]}<\/script>\n<!-- \/ Yoast SEO plugin. -->","yoast_head_json":{"title":"Conditions g\u00e9n\u00e9rales de vente - Triangle des Bermudas","robots":{"index":"noindex","follow":"follow","max-snippet":"max-snippet:-1","max-image-preview":"max-image-preview:large","max-video-preview":"max-video-preview:-1"},"og_locale":"fr_FR","og_type":"article","og_title":"Conditions g\u00e9n\u00e9rales de vente - Triangle des Bermudas","og_description":"CONDITIONS G\u00c9N\u00c9RALES DE VENTE 1 | Prix 1.1 \u2013 Les prix de nos produits sont indiqu\u00e9s en dollars toutes taxes comprises hors participation aux frais de traitement et d\u2019exp\u00e9dition. 1.2 \u2013 En cas de commande vers un pays autre que la France m\u00e9tropolitaine vous \u00eates l\u2019importateur du ou des produits concern\u00e9s. Pour tous les produits [&hellip;]","og_url":"https:\/\/dev.triangle-des-bermudes.com\/fr\/termes-et-conditions\/","og_site_name":"Triangle des Bermudas","article_publisher":"https:\\\/\\\/dev.triangle-des-bermudes.com\/\/dev.triangle-des-bermudes.com\/\/www.facebook.com\/triangledesbermudasofficial\/","article_modified_time":"2023-06-15T16:13:51+00:00","twitter_card":"summary_large_image","schema":{"@context":"https:\/\/schema.org","@graph":[{"@type":"WebPage","@id":"https:\/\/dev.triangle-des-bermudes.com\/fr\/termes-et-conditions\/","url":"https:\/\/dev.triangle-des-bermudes.com\/fr\/termes-et-conditions\/","name":"Conditions g\u00e9n\u00e9rales de vente - Triangle des Bermudas","isPartOf":{"@id":"https:\/\/dev.triangle-des-bermudes.com\/fr\/#website"},"datePublished":"2023-05-15T18:56:24+00:00","dateModified":"2023-06-15T16:13:51+00:00","inLanguage":"fr-FR","potentialAction":[{"@type":"ReadAction","target":["https:\/\/dev.triangle-des-bermudes.com\/fr\/termes-et-conditions\/"]}]},{"@type":"WebSite","@id":"https:\/\/dev.triangle-des-bermudes.com\/fr\/#website","url":"https:\/\/dev.triangle-des-bermudes.com\/fr\/","name":"Triangle des Bermudas","description":"Quality clothing &amp; accessories for Men &amp; Women","publisher":{"@id":"https:\/\/dev.triangle-des-bermudes.com\/fr\/#organization"},"potentialAction":[{"@type":"SearchAction","target":{"@type":"EntryPoint","urlTemplate":"https:\/\/dev.triangle-des-bermudes.com\/fr\/?s={search_term_string}"},"query-input":{"@type":"PropertyValueSpecification","valueRequired":true,"valueName":"search_term_string"}}],"inLanguage":"fr-FR"},{"@type":"Organization","@id":"https:\/\/dev.triangle-des-bermudes.com\/fr\/#organization","name":"Triangle des Bermudas","url":"https:\/\/dev.triangle-des-bermudes.com\/fr\/","logo":{"@type":"ImageObject","inLanguage":"fr-FR","@id":"https:\/\/dev.triangle-des-bermudes.com\/fr\/#\/schema\/logo\/image\/","url":"https:\/\/dev.triangle-des-bermudes.com\/wp-content\/uploads\/tdblogo01.svg","contentUrl":"https:\/\/dev.triangle-des-bermudes.com\/wp-content\/uploads\/tdblogo01.svg","caption":"Triangle des Bermudas"},"image":{"@id":"https:\/\/dev.triangle-des-bermudes.com\/fr\/#\/schema\/logo\/image\/"},"sameAs":["https:\\\/\\\/dev.triangle-des-bermudes.com\/\/dev.triangle-des-bermudes.com\/\/www.facebook.com\/triangledesbermudasofficial\/","https:\\\/\\\/dev.triangle-des-bermudes.com\/\/dev.triangle-des-bermudes.com\/\/www.instagram.com\/triangledesbermudas_\/"]}]}},"_links":{"self":[{"href":"https:\/\/dev.triangle-des-bermudes.com\/fr\/wp-json\/wp\/v2\/pages\/9254","targetHints":{"allow":["GET"]}}],"collection":[{"href":"https:\/\/dev.triangle-des-bermudes.com\/fr\/wp-json\/wp\/v2\/pages"}],"about":[{"href":"https:\/\/dev.triangle-des-bermudes.com\/fr\/wp-json\/wp\/v2\/types\/page"}],"author":[{"embeddable":true,"href":"https:\/\/dev.triangle-des-bermudes.com\/fr\/wp-json\/wp\/v2\/users\/6"}],"replies":[{"embeddable":true,"href":"https:\/\/dev.triangle-des-bermudes.com\/fr\/wp-json\/wp\/v2\/comments?post=9254"}],"version-history":[{"count":0,"href":"https:\/\/dev.triangle-des-bermudes.com\/fr\/wp-json\/wp\/v2\/pages\/9254\/revisions"}],"wp:attachment":[{"href":"https:\/\/dev.triangle-des-bermudes.com\/fr\/wp-json\/wp\/v2\/media?parent=9254"}],"curies":[{"name":"wp","href":"https:\/\/api.w.org\/{rel}","templated":true}]}}