{"id":9253,"date":"2023-05-15T21:00:48","date_gmt":"2023-05-15T14:00:48","guid":{"rendered":"https:\/\/triangle-des-bermudes.com\/tableaux-des-tailles\/"},"modified":"2023-06-08T00:22:08","modified_gmt":"2023-06-07T17:22:08","slug":"tableaux-des-tailles","status":"publish","type":"page","link":"https:\/\/dev.triangle-des-bermudes.com\/fr\/tableaux-des-tailles\/","title":{"rendered":"Tableaux des tailles"},"content":{"rendered":"\t\t<div data-elementor-type=\"wp-page\" data-elementor-id=\"9253\" class=\"elementor elementor-9253 elementor-7601\" data-elementor-post-type=\"page\">\n\t\t\t\t<div class=\"elementor-element elementor-element-cddfb9f e-flex e-con-boxed e-con e-parent\" data-id=\"cddfb9f\" data-element_type=\"container\" data-e-type=\"container\">\n\t\t\t\t\t<div class=\"e-con-inner\">\n\t\t\t\t<div class=\"elementor-element elementor-element-1629294 elementor-widget elementor-widget-heading\" data-id=\"1629294\" data-element_type=\"widget\" data-e-type=\"widget\" data-widget_type=\"heading.default\">\n\t\t\t\t<div class=\"elementor-widget-container\">\n\t\t\t\t\t<h2 class=\"elementor-heading-title elementor-size-default\">GUIDE DES TAILLES<\/h2>\t\t\t\t<\/div>\n\t\t\t\t<\/div>\n\t\t\t\t<div class=\"elementor-element elementor-element-6e6f47a elementor-widget elementor-widget-heading\" data-id=\"6e6f47a\" data-element_type=\"widget\" data-e-type=\"widget\" data-widget_type=\"heading.default\">\n\t\t\t\t<div class=\"elementor-widget-container\">\n\t\t\t\t\t<h3 class=\"elementor-heading-title elementor-size-default\">Bermudas et Pantalons<\/h3>\t\t\t\t<\/div>\n\t\t\t\t<\/div>\n\t\t\t\t\t<\/div>\n\t\t\t\t<\/div>\n\t\t<div class=\"elementor-element elementor-element-18ab329 e-flex e-con-boxed e-con e-parent\" data-id=\"18ab329\" data-element_type=\"container\" data-e-type=\"container\">\n\t\t\t\t\t<div class=\"e-con-inner\">\n\t\t<div class=\"elementor-element elementor-element-d06e4e8 e-con-full e-flex e-con e-parent\" data-id=\"d06e4e8\" data-element_type=\"container\" data-e-type=\"container\" data-settings=\"{&quot;background_background&quot;:&quot;classic&quot;}\">\n\t\t\t\t<\/div>\n\t\t<div class=\"elementor-element elementor-element-f28e97c e-flex e-con-boxed e-con e-parent\" data-id=\"f28e97c\" data-element_type=\"container\" data-e-type=\"container\">\n\t\t\t\t\t<div class=\"e-con-inner\">\n\t\t\t\t<div class=\"elementor-element elementor-element-c99dc88 premium-table-dir-ltr elementor-widget elementor-widget-premium-tables-addon\" data-id=\"c99dc88\" data-element_type=\"widget\" data-e-type=\"widget\" data-widget_type=\"premium-tables-addon.default\">\n\t\t\t\t<div class=\"elementor-widget-container\">\n\t\t\t\t\t\r\n\t\t<div class=\"premium-table-wrap\">\r\n\t\t\t\r\n\t\t\t<table class=\"premium-table\" data-settings=\"{&quot;sort&quot;:false,&quot;usNumbers&quot;:false,&quot;sortMob&quot;:false,&quot;search&quot;:false,&quot;records&quot;:false,&quot;dataType&quot;:&quot;custom&quot;,&quot;csvFile&quot;:null,&quot;firstRow&quot;:null,&quot;separator&quot;:null,&quot;pagination&quot;:&quot;&quot;,&quot;rows&quot;:0}\" >\r\n\r\n\t\t\t\r\n\t\t<thead class=\"premium-table-head\">\r\n\r\n\t\t\t<tr class=\"premium-table-row\">\r\n\r\n\t\t\t\t<th class=\"premium-table-cell elementor-repeater-item-e5c86f9\"><span class=\"premium-table-text\">TAILLES US<\/span><\/th><th class=\"premium-table-cell elementor-repeater-item-b808452\"><span class=\"premium-table-text\">TAILLES FR<\/span><\/th><th class=\"premium-table-cell elementor-repeater-item-b25429d\"><span class=\"premium-table-text\">TOUR DE TAILLE (CM<\/span><\/th>\r\n\t\t\t<\/tr>\r\n\r\n\t\t<\/thead>\r\n\r\n\t\t\t\t<tbody class=\"premium-table-body\">\r\n\t\t\t\t\t\t<tr class=\"premium-table-row elementor-repeater-item-0cb4480\"><td class=\"premium-table-cell elementor-repeater-item-7f01138\"><span class=\"premium-table-text\">26<\/span><\/td><td class=\"premium-table-cell elementor-repeater-item-6630bc5\"><span class=\"premium-table-text\">35\/36<\/span><\/td><td class=\"premium-table-cell elementor-repeater-item-9b19231\"><span class=\"premium-table-text\">72<\/span><\/td><\/tr><tr class=\"premium-table-row elementor-repeater-item-aee2fcb\"><td class=\"premium-table-cell elementor-repeater-item-74661a8\"><span class=\"premium-table-text\">28<\/span><\/td><td class=\"premium-table-cell elementor-repeater-item-d757761\"><span class=\"premium-table-text\">37\/38<\/span><\/td><td class=\"premium-table-cell elementor-repeater-item-a0eabc0\"><span class=\"premium-table-text\">76<\/span><\/td><\/tr><tr class=\"premium-table-row elementor-repeater-item-ba451bd\"><td class=\"premium-table-cell elementor-repeater-item-f599c05\"><span class=\"premium-table-text\">30<\/span><\/td><td class=\"premium-table-cell elementor-repeater-item-6f22de3\"><span class=\"premium-table-text\">39\/40<\/span><\/td><td class=\"premium-table-cell elementor-repeater-item-f8102ed\"><span class=\"premium-table-text\">80<\/span><\/td><\/tr><tr class=\"premium-table-row elementor-repeater-item-78b54e9\"><td class=\"premium-table-cell elementor-repeater-item-fa6c9a0\"><span class=\"premium-table-text\">32<\/span><\/td><td class=\"premium-table-cell elementor-repeater-item-897c141\"><span class=\"premium-table-text\">41\/42<\/span><\/td><td class=\"premium-table-cell elementor-repeater-item-9f0bafd\"><span class=\"premium-table-text\">84<\/span><\/td><\/tr><tr class=\"premium-table-row elementor-repeater-item-e8836e6\"><td class=\"premium-table-cell elementor-repeater-item-93bdf07\"><span class=\"premium-table-text\">34<\/span><\/td><td class=\"premium-table-cell elementor-repeater-item-4d50f86\"><span class=\"premium-table-text\">43\/44<\/span><\/td><td class=\"premium-table-cell elementor-repeater-item-7379eb5\"><span class=\"premium-table-text\">88<\/span><\/td><\/tr><tr class=\"premium-table-row elementor-repeater-item-671068a\"><td class=\"premium-table-cell elementor-repeater-item-813b521\"><span class=\"premium-table-text\">36<\/span><\/td><td class=\"premium-table-cell elementor-repeater-item-4169cb4\"><span class=\"premium-table-text\">45\/46<\/span><\/td><td class=\"premium-table-cell elementor-repeater-item-6609914\"><span class=\"premium-table-text\">92<\/span><\/td><\/tr><tr class=\"premium-table-row elementor-repeater-item-cf492ac\"><td class=\"premium-table-cell elementor-repeater-item-1e74c07\"><span class=\"premium-table-text\">38<\/span><\/td><td class=\"premium-table-cell elementor-repeater-item-014d95a\"><span class=\"premium-table-text\">47\/48<\/span><\/td><td class=\"premium-table-cell elementor-repeater-item-547f889\"><span class=\"premium-table-text\">96<\/span><\/td><\/tr><tr class=\"premium-table-row elementor-repeater-item-05b4aa2\"><td class=\"premium-table-cell elementor-repeater-item-8b79a8a\"><span class=\"premium-table-text\">40<\/span><\/td><td class=\"premium-table-cell elementor-repeater-item-a839c24\"><span class=\"premium-table-text\">49\/50<\/span><\/td><td class=\"premium-table-cell elementor-repeater-item-0ba14c5\"><span class=\"premium-table-text\">100<\/span><\/td>\t\t\t<\/tr>\r\n\t\t<\/tbody>\r\n\r\n\t\t\r\n\t\t\t<\/table>\r\n\t\t<\/div>\r\n\t\t\t\t\t\t<\/div>\n\t\t\t\t<\/div>\n\t\t\t\t\t<\/div>\n\t\t\t\t<\/div>\n\t\t\t\t\t<\/div>\n\t\t\t\t<\/div>\n\t\t<div class=\"elementor-element elementor-element-16e5fe7 e-con-full e-flex e-con e-parent\" data-id=\"16e5fe7\" data-element_type=\"container\" data-e-type=\"container\">\n\t\t\t\t<div class=\"elementor-element elementor-element-b7b61e0 elementor-widget elementor-widget-heading\" data-id=\"b7b61e0\" data-element_type=\"widget\" data-e-type=\"widget\" data-widget_type=\"heading.default\">\n\t\t\t\t<div class=\"elementor-widget-container\">\n\t\t\t\t\t<h2 class=\"elementor-heading-title elementor-size-default\">DES QUESTION \u00c0 PROPOS DES TAILLES?<\/h2>\t\t\t\t<\/div>\n\t\t\t\t<\/div>\n\t\t\t\t<div class=\"elementor-element elementor-element-4ea24e0 elementor-widget elementor-widget-text-editor\" data-id=\"4ea24e0\" data-element_type=\"widget\" data-e-type=\"widget\" data-widget_type=\"text-editor.default\">\n\t\t\t\t<div class=\"elementor-widget-container\">\n\t\t\t\t\t\t\t\t\t<p>Nous sommes l\u00e0 pour vous aider \u00e0 trouver votre taille parfaite!<\/p>\n\t\t\t\t\t\t\t\t<\/div>\n\t\t\t\t<\/div>\n\t\t\t\t<div class=\"elementor-element elementor-element-a4dc33e elementor-widget__width-initial elementor-widget elementor-widget-text-editor\" data-id=\"a4dc33e\" data-element_type=\"widget\" data-e-type=\"widget\" data-widget_type=\"text-editor.default\">\n\t\t\t\t<div class=\"elementor-widget-container\">\n\t\t\t\t\t\t\t\t\t<p><span style=\"text-decoration: underline;\"><a style=\"color: #aeb8c4; text-decoration: underline;\" href=\"https:\/\/dev.triangle-des-bermudes.com\/\/dev.triangle-des-bermudes.com\/\/dev.triangle-des-bermudes.com\/fr\/contactez-nous\/\">Notre service client est l\u00e0 pour vous aider. Envoyez-nous un mail d\u00e8s maintenant!<\/a><\/span><\/p>\n\t\t\t\t\t\t\t\t<\/div>\n\t\t\t\t<\/div>\n\t\t\t\t<\/div>\n\t\t\t\t<\/div>\n\t\t","protected":false},"excerpt":{"rendered":"<p>GUIDE DES TAILLES Bermudas et Pantalons TAILLES US TAILLES FR TOUR DE TAILLE (CM 26 35\/36 72 28 37\/38 76 30 39\/40 80 32 41\/42 84 34 43\/44 88 36 45\/46 92 38 47\/48 96 40 49\/50 100 DES QUESTION \u00c0 PROPOS DES TAILLES? Nous sommes l\u00e0 pour vous aider \u00e0 trouver votre taille parfaite! [&hellip;]<\/p>\n","protected":false},"author":6,"featured_media":0,"parent":0,"menu_order":0,"comment_status":"closed","ping_status":"closed","template":"","meta":{"_acf_changed":false,"footnotes":""},"class_list":["post-9253","page","type-page","status-publish","hentry"],"acf":[],"yoast_head":"<!-- This site is optimized with the Yoast SEO plugin v26.8 - https:\/\/yoast.com\/product\/yoast-seo-wordpress\/ -->\n<title>Tableaux des tailles - Triangle des Bermudas<\/title>\n<meta name=\"robots\" content=\"noindex, follow, max-snippet:-1, max-image-preview:large, max-video-preview:-1\" \/>\n<meta property=\"og:locale\" content=\"fr_FR\" \/>\n<meta property=\"og:type\" content=\"article\" \/>\n<meta property=\"og:title\" content=\"Tableaux des tailles - Triangle des Bermudas\" \/>\n<meta property=\"og:description\" content=\"GUIDE DES TAILLES Bermudas et Pantalons TAILLES US TAILLES FR TOUR DE TAILLE (CM 26 35\/36 72 28 37\/38 76 30 39\/40 80 32 41\/42 84 34 43\/44 88 36 45\/46 92 38 47\/48 96 40 49\/50 100 DES QUESTION \u00c0 PROPOS DES TAILLES? Nous sommes l\u00e0 pour vous aider \u00e0 trouver votre taille parfaite! [&hellip;]\" \/>\n<meta property=\"og:url\" content=\"https:\/\/dev.triangle-des-bermudes.com\/fr\/tableaux-des-tailles\/\" \/>\n<meta property=\"og:site_name\" content=\"Triangle des Bermudas\" \/>\n<meta property=\"article:publisher\" content=\"https:\\\/\\\/dev.triangle-des-bermudes.com\/\/dev.triangle-des-bermudes.com\/\/www.facebook.com\/triangledesbermudasofficial\/\" \/>\n<meta property=\"article:modified_time\" content=\"2023-06-07T17:22:08+00:00\" \/>\n<meta name=\"twitter:card\" content=\"summary_large_image\" \/>\n<script type=\"application\/ld+json\" class=\"yoast-schema-graph\">{\"@context\":\"https:\/\/schema.org\",\"@graph\":[{\"@type\":\"WebPage\",\"@id\":\"https:\/\/dev.triangle-des-bermudes.com\/fr\/tableaux-des-tailles\/\",\"url\":\"https:\/\/dev.triangle-des-bermudes.com\/fr\/tableaux-des-tailles\/\",\"name\":\"Tableaux des tailles - Triangle des Bermudas\",\"isPartOf\":{\"@id\":\"https:\/\/dev.triangle-des-bermudes.com\/fr\/#website\"},\"datePublished\":\"2023-05-15T14:00:48+00:00\",\"dateModified\":\"2023-06-07T17:22:08+00:00\",\"inLanguage\":\"fr-FR\",\"potentialAction\":[{\"@type\":\"ReadAction\",\"target\":[\"https:\/\/dev.triangle-des-bermudes.com\/fr\/tableaux-des-tailles\/\"]}]},{\"@type\":\"WebSite\",\"@id\":\"https:\/\/dev.triangle-des-bermudes.com\/fr\/#website\",\"url\":\"https:\/\/dev.triangle-des-bermudes.com\/fr\/\",\"name\":\"Triangle des Bermudas\",\"description\":\"Quality clothing &amp; accessories for Men &amp; Women\",\"publisher\":{\"@id\":\"https:\/\/dev.triangle-des-bermudes.com\/fr\/#organization\"},\"potentialAction\":[{\"@type\":\"SearchAction\",\"target\":{\"@type\":\"EntryPoint\",\"urlTemplate\":\"https:\/\/dev.triangle-des-bermudes.com\/fr\/?s={search_term_string}\"},\"query-input\":{\"@type\":\"PropertyValueSpecification\",\"valueRequired\":true,\"valueName\":\"search_term_string\"}}],\"inLanguage\":\"fr-FR\"},{\"@type\":\"Organization\",\"@id\":\"https:\/\/dev.triangle-des-bermudes.com\/fr\/#organization\",\"name\":\"Triangle des Bermudas\",\"url\":\"https:\/\/dev.triangle-des-bermudes.com\/fr\/\",\"logo\":{\"@type\":\"ImageObject\",\"inLanguage\":\"fr-FR\",\"@id\":\"https:\/\/dev.triangle-des-bermudes.com\/fr\/#\/schema\/logo\/image\/\",\"url\":\"https:\/\/dev.triangle-des-bermudes.com\/wp-content\/uploads\/tdblogo01.svg\",\"contentUrl\":\"https:\/\/dev.triangle-des-bermudes.com\/wp-content\/uploads\/tdblogo01.svg\",\"caption\":\"Triangle des Bermudas\"},\"image\":{\"@id\":\"https:\/\/dev.triangle-des-bermudes.com\/fr\/#\/schema\/logo\/image\/\"},\"sameAs\":[\"https:\\\\\/\\\\\/dev.triangle-des-bermudes.com\/\/dev.triangle-des-bermudes.com\/\/www.facebook.com\/triangledesbermudasofficial\/\",\"https:\\\\\/\\\\\/dev.triangle-des-bermudes.com\/\/dev.triangle-des-bermudes.com\/\/www.instagram.com\/triangledesbermudas_\/\"]}]}<\/script>\n<!-- \/ Yoast SEO plugin. -->","yoast_head_json":{"title":"Tableaux des tailles - Triangle des Bermudas","robots":{"index":"noindex","follow":"follow","max-snippet":"max-snippet:-1","max-image-preview":"max-image-preview:large","max-video-preview":"max-video-preview:-1"},"og_locale":"fr_FR","og_type":"article","og_title":"Tableaux des tailles - Triangle des Bermudas","og_description":"GUIDE DES TAILLES Bermudas et Pantalons TAILLES US TAILLES FR TOUR DE TAILLE (CM 26 35\/36 72 28 37\/38 76 30 39\/40 80 32 41\/42 84 34 43\/44 88 36 45\/46 92 38 47\/48 96 40 49\/50 100 DES QUESTION \u00c0 PROPOS DES TAILLES? Nous sommes l\u00e0 pour vous aider \u00e0 trouver votre taille parfaite! [&hellip;]","og_url":"https:\/\/dev.triangle-des-bermudes.com\/fr\/tableaux-des-tailles\/","og_site_name":"Triangle des Bermudas","article_publisher":"https:\\\/\\\/dev.triangle-des-bermudes.com\/\/dev.triangle-des-bermudes.com\/\/www.facebook.com\/triangledesbermudasofficial\/","article_modified_time":"2023-06-07T17:22:08+00:00","twitter_card":"summary_large_image","schema":{"@context":"https:\/\/schema.org","@graph":[{"@type":"WebPage","@id":"https:\/\/dev.triangle-des-bermudes.com\/fr\/tableaux-des-tailles\/","url":"https:\/\/dev.triangle-des-bermudes.com\/fr\/tableaux-des-tailles\/","name":"Tableaux des tailles - Triangle des Bermudas","isPartOf":{"@id":"https:\/\/dev.triangle-des-bermudes.com\/fr\/#website"},"datePublished":"2023-05-15T14:00:48+00:00","dateModified":"2023-06-07T17:22:08+00:00","inLanguage":"fr-FR","potentialAction":[{"@type":"ReadAction","target":["https:\/\/dev.triangle-des-bermudes.com\/fr\/tableaux-des-tailles\/"]}]},{"@type":"WebSite","@id":"https:\/\/dev.triangle-des-bermudes.com\/fr\/#website","url":"https:\/\/dev.triangle-des-bermudes.com\/fr\/","name":"Triangle des Bermudas","description":"Quality clothing &amp; accessories for Men &amp; Women","publisher":{"@id":"https:\/\/dev.triangle-des-bermudes.com\/fr\/#organization"},"potentialAction":[{"@type":"SearchAction","target":{"@type":"EntryPoint","urlTemplate":"https:\/\/dev.triangle-des-bermudes.com\/fr\/?s={search_term_string}"},"query-input":{"@type":"PropertyValueSpecification","valueRequired":true,"valueName":"search_term_string"}}],"inLanguage":"fr-FR"},{"@type":"Organization","@id":"https:\/\/dev.triangle-des-bermudes.com\/fr\/#organization","name":"Triangle des Bermudas","url":"https:\/\/dev.triangle-des-bermudes.com\/fr\/","logo":{"@type":"ImageObject","inLanguage":"fr-FR","@id":"https:\/\/dev.triangle-des-bermudes.com\/fr\/#\/schema\/logo\/image\/","url":"https:\/\/dev.triangle-des-bermudes.com\/wp-content\/uploads\/tdblogo01.svg","contentUrl":"https:\/\/dev.triangle-des-bermudes.com\/wp-content\/uploads\/tdblogo01.svg","caption":"Triangle des Bermudas"},"image":{"@id":"https:\/\/dev.triangle-des-bermudes.com\/fr\/#\/schema\/logo\/image\/"},"sameAs":["https:\\\/\\\/dev.triangle-des-bermudes.com\/\/dev.triangle-des-bermudes.com\/\/www.facebook.com\/triangledesbermudasofficial\/","https:\\\/\\\/dev.triangle-des-bermudes.com\/\/dev.triangle-des-bermudes.com\/\/www.instagram.com\/triangledesbermudas_\/"]}]}},"_links":{"self":[{"href":"https:\/\/dev.triangle-des-bermudes.com\/fr\/wp-json\/wp\/v2\/pages\/9253","targetHints":{"allow":["GET"]}}],"collection":[{"href":"https:\/\/dev.triangle-des-bermudes.com\/fr\/wp-json\/wp\/v2\/pages"}],"about":[{"href":"https:\/\/dev.triangle-des-bermudes.com\/fr\/wp-json\/wp\/v2\/types\/page"}],"author":[{"embeddable":true,"href":"https:\/\/dev.triangle-des-bermudes.com\/fr\/wp-json\/wp\/v2\/users\/6"}],"replies":[{"embeddable":true,"href":"https:\/\/dev.triangle-des-bermudes.com\/fr\/wp-json\/wp\/v2\/comments?post=9253"}],"version-history":[{"count":0,"href":"https:\/\/dev.triangle-des-bermudes.com\/fr\/wp-json\/wp\/v2\/pages\/9253\/revisions"}],"wp:attachment":[{"href":"https:\/\/dev.triangle-des-bermudes.com\/fr\/wp-json\/wp\/v2\/media?parent=9253"}],"curies":[{"name":"wp","href":"https:\/\/api.w.org\/{rel}","templated":true}]}}