{"id":9249,"date":"2023-05-15T20:54:09","date_gmt":"2023-05-15T18:54:09","guid":{"rendered":"https:\/\/triangle-des-bermudes.com\/mention-legale\/"},"modified":"2025-08-16T19:24:03","modified_gmt":"2025-08-16T17:24:03","slug":"mentions-legales","status":"publish","type":"page","link":"https:\/\/dev.triangle-des-bermudes.com\/fr\/mentions-legales\/","title":{"rendered":"Mentions l\u00e9gales"},"content":{"rendered":"\t\t<div data-elementor-type=\"wp-page\" data-elementor-id=\"9249\" class=\"elementor elementor-9249 elementor-7589\" data-elementor-post-type=\"page\">\n\t\t\t\t<div class=\"elementor-element elementor-element-77a69ae e-flex e-con-boxed e-con e-parent\" data-id=\"77a69ae\" data-element_type=\"container\" data-e-type=\"container\" data-settings=\"{&quot;background_background&quot;:&quot;classic&quot;}\">\n\t\t\t\t\t<div class=\"e-con-inner\">\n\t\t\t\t<div class=\"elementor-element elementor-element-66310f5 elementor-widget elementor-widget-heading\" data-id=\"66310f5\" data-element_type=\"widget\" data-e-type=\"widget\" data-widget_type=\"heading.default\">\n\t\t\t\t<div class=\"elementor-widget-container\">\n\t\t\t\t\t<h2 class=\"elementor-heading-title elementor-size-default\">MENTIONS L\u00c9GALES<\/h2>\t\t\t\t<\/div>\n\t\t\t\t<\/div>\n\t\t\t\t\t<\/div>\n\t\t\t\t<\/div>\n\t\t<div class=\"elementor-element elementor-element-2344b18 e-flex e-con-boxed e-con e-parent\" data-id=\"2344b18\" data-element_type=\"container\" data-e-type=\"container\">\n\t\t\t\t\t<div class=\"e-con-inner\">\n\t\t<div class=\"elementor-element elementor-element-e54adbf e-con-full e-flex e-con e-child\" data-id=\"e54adbf\" data-element_type=\"container\" data-e-type=\"container\">\n\t\t\t\t<div class=\"elementor-element elementor-element-78a8655 elementor-widget elementor-widget-heading\" data-id=\"78a8655\" data-element_type=\"widget\" data-e-type=\"widget\" data-widget_type=\"heading.default\">\n\t\t\t\t<div class=\"elementor-widget-container\">\n\t\t\t\t\t<h2 class=\"elementor-heading-title elementor-size-default\">D\u00e9nomination sociale<\/h2>\t\t\t\t<\/div>\n\t\t\t\t<\/div>\n\t\t\t\t<div class=\"elementor-element elementor-element-783709b elementor-widget elementor-widget-text-editor\" data-id=\"783709b\" data-element_type=\"widget\" data-e-type=\"widget\" data-widget_type=\"text-editor.default\">\n\t\t\t\t<div class=\"elementor-widget-container\">\n\t\t\t\t\t\t\t\t\t<p>Directeur: Hugo Dumas<br \/>Num\u00e9ro d&rsquo;immatriculation RCS: Frejus B 849 734 785<br \/>Site internet : <span style=\"text-decoration: underline;\"><strong><a title=\"Triangle des bermudes\" href=\"https:\/\/dev.triangle-des-bermudes.com\/\/dev.triangle-des-bermudes.com\/\/dev.triangle-des-bermudes.com\/fr\/\">triangle-des-bermudes.com<\/a><\/strong><\/span><br \/>Email: <span style=\"text-decoration: underline;\"><strong><a title=\"Contacter-nous\" href=\"mailto:contact@triangle-des-bermudes.com\">contact@triangle-des-bermudes.com<\/a><\/strong><\/span><br \/>Agence Web &amp; H\u00e9bergement: <span style=\"text-decoration: underline;\"><strong><a title=\"Agence Web &amp; H\u00e9bergement:\" href=\"https:\/\/dev.triangle-des-bermudes.com\/\/dev.triangle-des-bermudes.com\/\/www.creativeapps.fr\/\" target=\"_blank\" rel=\"noopener noreferrer\">Creative Apps<\/a><\/strong><\/span><\/p>\t\t\t\t\t\t\t\t<\/div>\n\t\t\t\t<\/div>\n\t\t\t\t<\/div>\n\t\t<div class=\"elementor-element elementor-element-d649c56 e-con-full e-flex e-con e-child\" data-id=\"d649c56\" data-element_type=\"container\" data-e-type=\"container\">\n\t\t\t\t<div class=\"elementor-element elementor-element-a67e178 elementor-widget elementor-widget-heading\" data-id=\"a67e178\" data-element_type=\"widget\" data-e-type=\"widget\" data-widget_type=\"heading.default\">\n\t\t\t\t<div class=\"elementor-widget-container\">\n\t\t\t\t\t<h2 class=\"elementor-heading-title elementor-size-default\">Si\u00e8ge social<\/h2>\t\t\t\t<\/div>\n\t\t\t\t<\/div>\n\t\t\t\t<div class=\"elementor-element elementor-element-be3df79 elementor-widget elementor-widget-text-editor\" data-id=\"be3df79\" data-element_type=\"widget\" data-e-type=\"widget\" data-widget_type=\"text-editor.default\">\n\t\t\t\t<div class=\"elementor-widget-container\">\n\t\t\t\t\t\t\t\t\tTriangle des Bermudes<br>HUGOMAX SASU<br>36 R\u00e9sidence du Port<br>83990 Saint-Tropez\t\t\t\t\t\t\t\t<\/div>\n\t\t\t\t<\/div>\n\t\t\t\t<\/div>\n\t\t<div class=\"elementor-element elementor-element-d5149ef e-con-full e-flex e-con e-child\" data-id=\"d5149ef\" data-element_type=\"container\" data-e-type=\"container\">\n\t\t\t\t<div class=\"elementor-element elementor-element-4c2a75b elementor-widget elementor-widget-image\" data-id=\"4c2a75b\" data-element_type=\"widget\" data-e-type=\"widget\" data-widget_type=\"image.default\">\n\t\t\t\t<div class=\"elementor-widget-container\">\n\t\t\t\t\t\t\t\t\t\t\t\t\t\t\t<img decoding=\"async\" src=\"https:\/\/dev.triangle-des-bermudes.com\/wp-content\/uploads\/tdblogo01.svg\" class=\"attachment-full size-full wp-image-1024\" alt=\"\" \/>\t\t\t\t\t\t\t\t\t\t\t\t\t\t\t<\/div>\n\t\t\t\t<\/div>\n\t\t\t\t<\/div>\n\t\t\t\t\t<\/div>\n\t\t\t\t<\/div>\n\t\t<div class=\"elementor-element elementor-element-4a52146 e-flex e-con-boxed e-con e-parent\" data-id=\"4a52146\" data-element_type=\"container\" data-e-type=\"container\">\n\t\t\t\t\t<div class=\"e-con-inner\">\n\t\t<div class=\"elementor-element elementor-element-8ba87d8 e-con-full e-flex e-con e-child\" data-id=\"8ba87d8\" data-element_type=\"container\" data-e-type=\"container\">\n\t\t\t\t<div class=\"elementor-element elementor-element-231a32d elementor-widget elementor-widget-heading\" data-id=\"231a32d\" data-element_type=\"widget\" data-e-type=\"widget\" data-widget_type=\"heading.default\">\n\t\t\t\t<div class=\"elementor-widget-container\">\n\t\t\t\t\t<h2 class=\"elementor-heading-title elementor-size-default\">Propri\u00e9t\u00e9 intellectuelle<\/h2>\t\t\t\t<\/div>\n\t\t\t\t<\/div>\n\t\t\t\t<div class=\"elementor-element elementor-element-5873f6a elementor-widget elementor-widget-text-editor\" data-id=\"5873f6a\" data-element_type=\"widget\" data-e-type=\"widget\" data-widget_type=\"text-editor.default\">\n\t\t\t\t<div class=\"elementor-widget-container\">\n\t\t\t\t\t\t\t\t\t<p>Tous les \u00e9l\u00e9ments du site <a href=\"https:\/\/dev.triangle-des-bermudes.com\/\/dev.triangle-des-bermudes.com\/\/www.triangle-des-bermudes.com\/\">triangle-des-bermudes.com,<\/a> sa structure et ses contenus, ainsi que les bases de donn\u00e9es et la technologie (logiciels) le composant ou permettant son fonctionnement et\/ou son utilisation, sont la propri\u00e9t\u00e9 exclusive de TRIANGLE DES BERMUDES et b\u00e9n\u00e9ficient de la protection du Code de la propri\u00e9t\u00e9 intellectuelle.<\/p><p>Toute reproduction totale ou partielle du site \u00e0 des fins autres est express\u00e9ment prohib\u00e9e par les articles L. 342-1 et L. 342-2 du Code de la propri\u00e9t\u00e9 intellectuelle. Est \u00e9galement interdite la communication au public de tout ou partie du contenu du site, sous quelque forme et \u00e0 destination de quelque public que ce soit. En particulier, l\u2019utilisation \u00e0 des fins commerciales du contenu de ce site est express\u00e9ment interdite.<\/p>\t\t\t\t\t\t\t\t<\/div>\n\t\t\t\t<\/div>\n\t\t\t\t<\/div>\n\t\t\t\t\t<\/div>\n\t\t\t\t<\/div>\n\t\t\t\t<\/div>\n\t\t","protected":false},"excerpt":{"rendered":"<p>MENTIONS L\u00c9GALES D\u00e9nomination sociale Directeur: Hugo DumasNum\u00e9ro d&rsquo;immatriculation RCS: Frejus B 849 734 785Site internet : triangle-des-bermudes.comEmail: contact@triangle-des-bermudes.comAgence Web &amp; H\u00e9bergement: Creative Apps Si\u00e8ge social Triangle des BermudesHUGOMAX SASU36 R\u00e9sidence du Port83990 Saint-Tropez Propri\u00e9t\u00e9 intellectuelle Tous les \u00e9l\u00e9ments du site triangle-des-bermudes.com, sa structure et ses contenus, ainsi que les bases de donn\u00e9es et la technologie [&hellip;]<\/p>\n","protected":false},"author":6,"featured_media":0,"parent":0,"menu_order":0,"comment_status":"closed","ping_status":"closed","template":"","meta":{"_acf_changed":false,"footnotes":""},"class_list":["post-9249","page","type-page","status-publish","hentry"],"acf":[],"yoast_head":"<!-- This site is optimized with the Yoast SEO plugin v26.8 - https:\/\/yoast.com\/product\/yoast-seo-wordpress\/ -->\n<title>Mentions l\u00e9gales - Triangle des Bermudas<\/title>\n<meta name=\"robots\" content=\"noindex, follow, max-snippet:-1, max-image-preview:large, max-video-preview:-1\" \/>\n<meta property=\"og:locale\" content=\"fr_FR\" \/>\n<meta property=\"og:type\" content=\"article\" \/>\n<meta property=\"og:title\" content=\"Mentions l\u00e9gales - Triangle des Bermudas\" \/>\n<meta property=\"og:description\" content=\"MENTIONS L\u00c9GALES D\u00e9nomination sociale Directeur: Hugo DumasNum\u00e9ro d&rsquo;immatriculation RCS: Frejus B 849 734 785Site internet : triangle-des-bermudes.comEmail: contact@triangle-des-bermudes.comAgence Web &amp; H\u00e9bergement: Creative Apps Si\u00e8ge social Triangle des BermudesHUGOMAX SASU36 R\u00e9sidence du Port83990 Saint-Tropez Propri\u00e9t\u00e9 intellectuelle Tous les \u00e9l\u00e9ments du site triangle-des-bermudes.com, sa structure et ses contenus, ainsi que les bases de donn\u00e9es et la technologie [&hellip;]\" \/>\n<meta property=\"og:url\" content=\"https:\/\/dev.triangle-des-bermudes.com\/fr\/mentions-legales\/\" \/>\n<meta property=\"og:site_name\" content=\"Triangle des Bermudas\" \/>\n<meta property=\"article:publisher\" content=\"https:\\\/\\\/dev.triangle-des-bermudes.com\/\/dev.triangle-des-bermudes.com\/\/www.facebook.com\/triangledesbermudasofficial\/\" \/>\n<meta property=\"article:modified_time\" content=\"2025-08-16T17:24:03+00:00\" \/>\n<meta name=\"twitter:card\" content=\"summary_large_image\" \/>\n<script type=\"application\/ld+json\" class=\"yoast-schema-graph\">{\"@context\":\"https:\/\/schema.org\",\"@graph\":[{\"@type\":\"WebPage\",\"@id\":\"https:\/\/dev.triangle-des-bermudes.com\/fr\/mentions-legales\/\",\"url\":\"https:\/\/dev.triangle-des-bermudes.com\/fr\/mentions-legales\/\",\"name\":\"Mentions l\u00e9gales - Triangle des Bermudas\",\"isPartOf\":{\"@id\":\"https:\/\/dev.triangle-des-bermudes.com\/fr\/#website\"},\"datePublished\":\"2023-05-15T18:54:09+00:00\",\"dateModified\":\"2025-08-16T17:24:03+00:00\",\"inLanguage\":\"fr-FR\",\"potentialAction\":[{\"@type\":\"ReadAction\",\"target\":[\"https:\/\/dev.triangle-des-bermudes.com\/fr\/mentions-legales\/\"]}]},{\"@type\":\"WebSite\",\"@id\":\"https:\/\/dev.triangle-des-bermudes.com\/fr\/#website\",\"url\":\"https:\/\/dev.triangle-des-bermudes.com\/fr\/\",\"name\":\"Triangle des Bermudas\",\"description\":\"Quality clothing &amp; accessories for Men &amp; Women\",\"publisher\":{\"@id\":\"https:\/\/dev.triangle-des-bermudes.com\/fr\/#organization\"},\"potentialAction\":[{\"@type\":\"SearchAction\",\"target\":{\"@type\":\"EntryPoint\",\"urlTemplate\":\"https:\/\/dev.triangle-des-bermudes.com\/fr\/?s={search_term_string}\"},\"query-input\":{\"@type\":\"PropertyValueSpecification\",\"valueRequired\":true,\"valueName\":\"search_term_string\"}}],\"inLanguage\":\"fr-FR\"},{\"@type\":\"Organization\",\"@id\":\"https:\/\/dev.triangle-des-bermudes.com\/fr\/#organization\",\"name\":\"Triangle des Bermudas\",\"url\":\"https:\/\/dev.triangle-des-bermudes.com\/fr\/\",\"logo\":{\"@type\":\"ImageObject\",\"inLanguage\":\"fr-FR\",\"@id\":\"https:\/\/dev.triangle-des-bermudes.com\/fr\/#\/schema\/logo\/image\/\",\"url\":\"https:\/\/dev.triangle-des-bermudes.com\/wp-content\/uploads\/tdblogo01.svg\",\"contentUrl\":\"https:\/\/dev.triangle-des-bermudes.com\/wp-content\/uploads\/tdblogo01.svg\",\"caption\":\"Triangle des Bermudas\"},\"image\":{\"@id\":\"https:\/\/dev.triangle-des-bermudes.com\/fr\/#\/schema\/logo\/image\/\"},\"sameAs\":[\"https:\\\\\/\\\\\/dev.triangle-des-bermudes.com\/\/dev.triangle-des-bermudes.com\/\/www.facebook.com\/triangledesbermudasofficial\/\",\"https:\\\\\/\\\\\/dev.triangle-des-bermudes.com\/\/dev.triangle-des-bermudes.com\/\/www.instagram.com\/triangledesbermudas_\/\"]}]}<\/script>\n<!-- \/ Yoast SEO plugin. -->","yoast_head_json":{"title":"Mentions l\u00e9gales - Triangle des Bermudas","robots":{"index":"noindex","follow":"follow","max-snippet":"max-snippet:-1","max-image-preview":"max-image-preview:large","max-video-preview":"max-video-preview:-1"},"og_locale":"fr_FR","og_type":"article","og_title":"Mentions l\u00e9gales - Triangle des Bermudas","og_description":"MENTIONS L\u00c9GALES D\u00e9nomination sociale Directeur: Hugo DumasNum\u00e9ro d&rsquo;immatriculation RCS: Frejus B 849 734 785Site internet : triangle-des-bermudes.comEmail: contact@triangle-des-bermudes.comAgence Web &amp; H\u00e9bergement: Creative Apps Si\u00e8ge social Triangle des BermudesHUGOMAX SASU36 R\u00e9sidence du Port83990 Saint-Tropez Propri\u00e9t\u00e9 intellectuelle Tous les \u00e9l\u00e9ments du site triangle-des-bermudes.com, sa structure et ses contenus, ainsi que les bases de donn\u00e9es et la technologie [&hellip;]","og_url":"https:\/\/dev.triangle-des-bermudes.com\/fr\/mentions-legales\/","og_site_name":"Triangle des Bermudas","article_publisher":"https:\\\/\\\/dev.triangle-des-bermudes.com\/\/dev.triangle-des-bermudes.com\/\/www.facebook.com\/triangledesbermudasofficial\/","article_modified_time":"2025-08-16T17:24:03+00:00","twitter_card":"summary_large_image","schema":{"@context":"https:\/\/schema.org","@graph":[{"@type":"WebPage","@id":"https:\/\/dev.triangle-des-bermudes.com\/fr\/mentions-legales\/","url":"https:\/\/dev.triangle-des-bermudes.com\/fr\/mentions-legales\/","name":"Mentions l\u00e9gales - Triangle des Bermudas","isPartOf":{"@id":"https:\/\/dev.triangle-des-bermudes.com\/fr\/#website"},"datePublished":"2023-05-15T18:54:09+00:00","dateModified":"2025-08-16T17:24:03+00:00","inLanguage":"fr-FR","potentialAction":[{"@type":"ReadAction","target":["https:\/\/dev.triangle-des-bermudes.com\/fr\/mentions-legales\/"]}]},{"@type":"WebSite","@id":"https:\/\/dev.triangle-des-bermudes.com\/fr\/#website","url":"https:\/\/dev.triangle-des-bermudes.com\/fr\/","name":"Triangle des Bermudas","description":"Quality clothing &amp; accessories for Men &amp; Women","publisher":{"@id":"https:\/\/dev.triangle-des-bermudes.com\/fr\/#organization"},"potentialAction":[{"@type":"SearchAction","target":{"@type":"EntryPoint","urlTemplate":"https:\/\/dev.triangle-des-bermudes.com\/fr\/?s={search_term_string}"},"query-input":{"@type":"PropertyValueSpecification","valueRequired":true,"valueName":"search_term_string"}}],"inLanguage":"fr-FR"},{"@type":"Organization","@id":"https:\/\/dev.triangle-des-bermudes.com\/fr\/#organization","name":"Triangle des Bermudas","url":"https:\/\/dev.triangle-des-bermudes.com\/fr\/","logo":{"@type":"ImageObject","inLanguage":"fr-FR","@id":"https:\/\/dev.triangle-des-bermudes.com\/fr\/#\/schema\/logo\/image\/","url":"https:\/\/dev.triangle-des-bermudes.com\/wp-content\/uploads\/tdblogo01.svg","contentUrl":"https:\/\/dev.triangle-des-bermudes.com\/wp-content\/uploads\/tdblogo01.svg","caption":"Triangle des Bermudas"},"image":{"@id":"https:\/\/dev.triangle-des-bermudes.com\/fr\/#\/schema\/logo\/image\/"},"sameAs":["https:\\\/\\\/dev.triangle-des-bermudes.com\/\/dev.triangle-des-bermudes.com\/\/www.facebook.com\/triangledesbermudasofficial\/","https:\\\/\\\/dev.triangle-des-bermudes.com\/\/dev.triangle-des-bermudes.com\/\/www.instagram.com\/triangledesbermudas_\/"]}]}},"_links":{"self":[{"href":"https:\/\/dev.triangle-des-bermudes.com\/fr\/wp-json\/wp\/v2\/pages\/9249","targetHints":{"allow":["GET"]}}],"collection":[{"href":"https:\/\/dev.triangle-des-bermudes.com\/fr\/wp-json\/wp\/v2\/pages"}],"about":[{"href":"https:\/\/dev.triangle-des-bermudes.com\/fr\/wp-json\/wp\/v2\/types\/page"}],"author":[{"embeddable":true,"href":"https:\/\/dev.triangle-des-bermudes.com\/fr\/wp-json\/wp\/v2\/users\/6"}],"replies":[{"embeddable":true,"href":"https:\/\/dev.triangle-des-bermudes.com\/fr\/wp-json\/wp\/v2\/comments?post=9249"}],"version-history":[{"count":0,"href":"https:\/\/dev.triangle-des-bermudes.com\/fr\/wp-json\/wp\/v2\/pages\/9249\/revisions"}],"wp:attachment":[{"href":"https:\/\/dev.triangle-des-bermudes.com\/fr\/wp-json\/wp\/v2\/media?parent=9249"}],"curies":[{"name":"wp","href":"https:\/\/api.w.org\/{rel}","templated":true}]}}