{"id":9246,"date":"2023-05-15T20:58:11","date_gmt":"2023-05-15T13:58:11","guid":{"rendered":"https:\/\/triangle-des-bermudes.com\/echanges-et-retours\/"},"modified":"2023-06-07T22:16:46","modified_gmt":"2023-06-07T15:16:46","slug":"echanges-et-retours","status":"publish","type":"page","link":"https:\/\/dev.triangle-des-bermudes.com\/fr\/echanges-et-retours\/","title":{"rendered":"\u00c9changes et retours"},"content":{"rendered":"\t\t<div data-elementor-type=\"wp-page\" data-elementor-id=\"9246\" class=\"elementor elementor-9246 elementor-7597\" data-elementor-post-type=\"page\">\n\t\t\t\t<div class=\"elementor-element elementor-element-a3118c1 e-grid e-con-boxed e-con e-parent\" data-id=\"a3118c1\" data-element_type=\"container\" data-e-type=\"container\">\n\t\t\t\t\t<div class=\"e-con-inner\">\n\t\t<div class=\"elementor-element elementor-element-26cd58d e-flex e-con-boxed e-con e-parent\" data-id=\"26cd58d\" data-element_type=\"container\" data-e-type=\"container\">\n\t\t\t\t\t<div class=\"e-con-inner\">\n\t\t\t\t<div class=\"elementor-element elementor-element-3c118f7 elementor-widget elementor-widget-heading\" data-id=\"3c118f7\" data-element_type=\"widget\" data-e-type=\"widget\" data-widget_type=\"heading.default\">\n\t\t\t\t<div class=\"elementor-widget-container\">\n\t\t\t\t\t<h2 class=\"elementor-heading-title elementor-size-default\">NOTRE CONSEIL\n<\/h2>\t\t\t\t<\/div>\n\t\t\t\t<\/div>\n\t\t\t\t<div class=\"elementor-element elementor-element-7cf5a8c elementor-widget elementor-widget-text-editor\" data-id=\"7cf5a8c\" data-element_type=\"widget\" data-e-type=\"widget\" data-widget_type=\"text-editor.default\">\n\t\t\t\t<div class=\"elementor-widget-container\">\n\t\t\t\t\t\t\t\t\t<p>Pour choisir la taille et la coupe de votre article, nous vous conseillons de consulter la description du produit. Pour chaque produit, nous d\u00e9taillons les caract\u00e9ristiques compl\u00e8tes pour vous permettre de choisir le mod\u00e8le souhait\u00e9.<\/p>\n<p>Nous vous invitons \u00e9galement \u00e0 consulter avec attention le guide des tailles disponible sur chaque fiche produit. Notre <span style=\"text-decoration: underline;\"><strong><a href=\"https:\/\/dev.triangle-des-bermudes.com\/\/dev.triangle-des-bermudes.com\/\/dev.triangle-des-bermudes.com\/fr\/contactez-nous\/\">service client<\/a><\/strong><\/span> est \u00e9galement disponible pour toute question \u00e0 ce sujet.<\/p>\n\t\t\t\t\t\t\t\t<\/div>\n\t\t\t\t<\/div>\n\t\t\t\t\t<\/div>\n\t\t\t\t<\/div>\n\t\t<div class=\"elementor-element elementor-element-d0182d2 e-con-full e-flex e-con e-parent\" data-id=\"d0182d2\" data-element_type=\"container\" data-e-type=\"container\" data-settings=\"{&quot;background_background&quot;:&quot;classic&quot;}\">\n\t\t\t\t<\/div>\n\t\t\t\t\t<\/div>\n\t\t\t\t<\/div>\n\t\t<div class=\"elementor-element elementor-element-99395c4 e-con-full e-flex e-con e-parent\" data-id=\"99395c4\" data-element_type=\"container\" data-e-type=\"container\" data-settings=\"{&quot;background_background&quot;:&quot;classic&quot;}\">\n\t\t<div class=\"elementor-element elementor-element-aaa6b06 e-con-full e-flex e-con e-parent\" data-id=\"aaa6b06\" data-element_type=\"container\" data-e-type=\"container\" data-settings=\"{&quot;background_background&quot;:&quot;classic&quot;}\">\n\t\t<div class=\"elementor-element elementor-element-390f681 e-flex e-con-boxed e-con e-parent\" data-id=\"390f681\" data-element_type=\"container\" data-e-type=\"container\">\n\t\t\t\t\t<div class=\"e-con-inner\">\n\t\t\t\t<div class=\"elementor-element elementor-element-1fc5191 elementor-widget elementor-widget-heading\" data-id=\"1fc5191\" data-element_type=\"widget\" data-e-type=\"widget\" data-widget_type=\"heading.default\">\n\t\t\t\t<div class=\"elementor-widget-container\">\n\t\t\t\t\t<h4 class=\"elementor-heading-title elementor-size-default\">UN ARTICLE NE VOUS CONVIENT PAS ? CHANGEZ LE!<\/h4>\t\t\t\t<\/div>\n\t\t\t\t<\/div>\n\t\t\t\t<div class=\"elementor-element elementor-element-7dccfcb elementor-widget elementor-widget-text-editor\" data-id=\"7dccfcb\" data-element_type=\"widget\" data-e-type=\"widget\" data-widget_type=\"text-editor.default\">\n\t\t\t\t<div class=\"elementor-widget-container\">\n\t\t\t\t\t\t\t\t\t<p>Tous les articles achet\u00e9s sur notre boutique en ligne peuvent \u00eatre retourn\u00e9s sous 30 jours apr\u00e8s livraison, sans justificatif<\/p>\n\t\t\t\t\t\t\t\t<\/div>\n\t\t\t\t<\/div>\n\t\t\t\t\t<\/div>\n\t\t\t\t<\/div>\n\t\t\t\t<\/div>\n\t\t\t\t<\/div>\n\t\t<div class=\"elementor-element elementor-element-9bef513 e-flex e-con-boxed e-con e-parent\" data-id=\"9bef513\" data-element_type=\"container\" data-e-type=\"container\">\n\t\t\t\t\t<div class=\"e-con-inner\">\n\t\t\t\t<div class=\"elementor-element elementor-element-5f4aaa9 elementor-widget elementor-widget-heading\" data-id=\"5f4aaa9\" data-element_type=\"widget\" data-e-type=\"widget\" data-widget_type=\"heading.default\">\n\t\t\t\t<div class=\"elementor-widget-container\">\n\t\t\t\t\t<h2 class=\"elementor-heading-title elementor-size-default\">POLITIQUE DE RETOURS &amp; \u00c9CHANGES<\/h2>\t\t\t\t<\/div>\n\t\t\t\t<\/div>\n\t\t\t\t<div class=\"elementor-element elementor-element-6f1ee5c elementor-widget elementor-widget-text-editor\" data-id=\"6f1ee5c\" data-element_type=\"widget\" data-e-type=\"widget\" data-widget_type=\"text-editor.default\">\n\t\t\t\t<div class=\"elementor-widget-container\">\n\t\t\t\t\t\t\t\t\t<p>Toutes les r\u00e9clamations (retours et remboursement ou \u00e9changes) doivent \u00eatre d\u00e9pos\u00e9es au pr\u00e9alable aupr\u00e8s de notre service client. Avant de proc\u00e9der au retour des marchandises, veuillez-nous contacter par e-mail sur <span style=\"text-decoration: underline;\"><strong><a title=\"Contacter-nous\" href=\"mailto:contact@triangle-des-bermudes.com\">contact@triangle-des-bermudes.com<\/a><\/strong><\/span><\/p>\n\t\t\t\t\t\t\t\t<\/div>\n\t\t\t\t<\/div>\n\t\t\t\t\t<\/div>\n\t\t\t\t<\/div>\n\t\t<div class=\"elementor-element elementor-element-1abf920 e-flex e-con-boxed e-con e-parent\" data-id=\"1abf920\" data-element_type=\"container\" data-e-type=\"container\">\n\t\t\t\t\t<div class=\"e-con-inner\">\n\t\t<div class=\"elementor-element elementor-element-c866917 e-flex e-con-boxed e-con e-parent\" data-id=\"c866917\" data-element_type=\"container\" data-e-type=\"container\">\n\t\t\t\t\t<div class=\"e-con-inner\">\n\t\t\t\t<div class=\"elementor-element elementor-element-0d82c8b elementor-widget elementor-widget-heading\" data-id=\"0d82c8b\" data-element_type=\"widget\" data-e-type=\"widget\" data-widget_type=\"heading.default\">\n\t\t\t\t<div class=\"elementor-widget-container\">\n\t\t\t\t\t<h4 class=\"elementor-heading-title elementor-size-default\">Retours sans justificatif*<\/h4>\t\t\t\t<\/div>\n\t\t\t\t<\/div>\n\t\t\t\t<div class=\"elementor-element elementor-element-f5c57a6 elementor-widget elementor-widget-text-editor\" data-id=\"f5c57a6\" data-element_type=\"widget\" data-e-type=\"widget\" data-widget_type=\"text-editor.default\">\n\t\t\t\t<div class=\"elementor-widget-container\">\n\t\t\t\t\t\t\t\t\t<p>Vous b\u00e9n\u00e9ficiez d\u2019un d\u00e9lai de r\u00e9flexion de 30 jours \u00e0 compter de la livraison pour revenir sur votre d\u00e9cision et retourner l\u2019article \/ les articles command\u00e9(s) sans justification. Nous pr\u00e9cisons que les frais de retour sont \u00e0 la charge du client.<\/p>\n<ul>\n<li>Les articles devront \u00eatre retourn\u00e9s dans leur emballage d\u2019origine, complets, \u00e9tiquet\u00e9s, neufs, non port\u00e9s et non lav\u00e9s.<\/li>\n<li>Les articles retourn\u00e9s incomplets ou endommag\u00e9s, d\u00e9t\u00e9rior\u00e9s ou tach\u00e9s par le client ne seront pas rembours\u00e9s.<\/li>\n<li>Une fois les marchandises re\u00e7ues, contr\u00f4l\u00e9es, et accept\u00e9es par nos services, le remboursement des articles retourn\u00e9s s\u2019effectuera sur votre compte Paypal au plus tard dans les 30 jours suivant la r\u00e9ception des articles.<\/li>\n<\/ul>\n\t\t\t\t\t\t\t\t<\/div>\n\t\t\t\t<\/div>\n\t\t\t\t\t<\/div>\n\t\t\t\t<\/div>\n\t\t<div class=\"elementor-element elementor-element-5faa20e e-flex e-con-boxed e-con e-parent\" data-id=\"5faa20e\" data-element_type=\"container\" data-e-type=\"container\">\n\t\t\t\t\t<div class=\"e-con-inner\">\n\t\t\t\t<div class=\"elementor-element elementor-element-87e9170 elementor-widget elementor-widget-heading\" data-id=\"87e9170\" data-element_type=\"widget\" data-e-type=\"widget\" data-widget_type=\"heading.default\">\n\t\t\t\t<div class=\"elementor-widget-container\">\n\t\t\t\t\t<h4 class=\"elementor-heading-title elementor-size-default\">Mauvais \u00e9tat de l\u2019emballage et\/ou du produit<\/h4>\t\t\t\t<\/div>\n\t\t\t\t<\/div>\n\t\t\t\t<div class=\"elementor-element elementor-element-a3cf998 elementor-widget elementor-widget-text-editor\" data-id=\"a3cf998\" data-element_type=\"widget\" data-e-type=\"widget\" data-widget_type=\"text-editor.default\">\n\t\t\t\t<div class=\"elementor-widget-container\">\n\t\t\t\t\t\t\t\t\t<p>Chaque commande exp\u00e9di\u00e9e est pr\u00e9par\u00e9e et inspect\u00e9e avec soin. Si le colis livr\u00e9 pr\u00e9sente des dommages, nous vous invitons \u00e0 accepter la livraison tout en posant des r\u00e9serves.<\/p>\n<p>Au moment de l\u2019ouverture, si le produit est endommag\u00e9, nous appliquons notre politique d\u2019\u00e9change.<br \/>Nous vous invitons \u00e0 contacter <a href=\"https:\/\/dev.triangle-des-bermudes.com\/\/dev.triangle-des-bermudes.com\/\/www.triangle-des-bermudes.com\/contact-us\/\">notre service client<\/a>.<\/p>\n<p>Le client sera automatiquement rembours\u00e9 par triangle-des-bermudes pour les frais de retour. Une fois les marchandises re\u00e7ues, <a href=\"https:\/\/dev.triangle-des-bermudes.com\/\/dev.triangle-des-bermudes.com\/\/www.triangle-des-bermudes.com\/\">triangle-des-bermudes.com<\/a> proc\u00e9dera \u00e0 un nouvel envoi.<\/p>\n\t\t\t\t\t\t\t\t<\/div>\n\t\t\t\t<\/div>\n\t\t\t\t\t<\/div>\n\t\t\t\t<\/div>\n\t\t\t\t\t<\/div>\n\t\t\t\t<\/div>\n\t\t<div class=\"elementor-element elementor-element-14c4b27 e-flex e-con-boxed e-con e-parent\" data-id=\"14c4b27\" data-element_type=\"container\" data-e-type=\"container\">\n\t\t\t\t\t<div class=\"e-con-inner\">\n\t\t<div class=\"elementor-element elementor-element-891b33a e-flex e-con-boxed e-con e-parent\" data-id=\"891b33a\" data-element_type=\"container\" data-e-type=\"container\">\n\t\t\t\t\t<div class=\"e-con-inner\">\n\t\t\t\t<div class=\"elementor-element elementor-element-52ad2d9 elementor-widget elementor-widget-heading\" data-id=\"52ad2d9\" data-element_type=\"widget\" data-e-type=\"widget\" data-widget_type=\"heading.default\">\n\t\t\t\t<div class=\"elementor-widget-container\">\n\t\t\t\t\t<h4 class=\"elementor-heading-title elementor-size-default\">Produit achet\u00e9 en boutique et non en ligne ?<\/h4>\t\t\t\t<\/div>\n\t\t\t\t<\/div>\n\t\t\t\t<div class=\"elementor-element elementor-element-9edf768 elementor-widget elementor-widget-text-editor\" data-id=\"9edf768\" data-element_type=\"widget\" data-e-type=\"widget\" data-widget_type=\"text-editor.default\">\n\t\t\t\t<div class=\"elementor-widget-container\">\n\t\t\t\t\t\t\t\t\t<p>Notre politique exclus les produits achet\u00e9s dans les boutiques ou dans l\u2019un des revendeurs Triangle des Bermudes. Seuls les produits achet\u00e9s sur <a href=\"https:\/\/dev.triangle-des-bermudes.com\/\/dev.triangle-des-bermudes.com\/\/www.triangle-des-bermudes.com\/\">triangle-des-bermudes.com<\/a> peuvent \u00eatre retourn\u00e9s et \u00e9chang\u00e9s.<\/p>\n<p>* Conform\u00e9ment aux articles L 121-20 et suivants du code de la consommation, le client b\u00e9n\u00e9ficie d\u2019un d\u00e9lai de r\u00e9flexion de 14 jours \u00e0 compter de la livraison pour revenir sur sa d\u00e9cision et retourner l\u2019article \/ les articles command\u00e9(s) sans avoir \u00e0 justifier de modifications ni \u00e0 payer de p\u00e9nalit\u00e9s \u00e0 l\u2019exception des frais de retour qui resteront \u00e0 sa charge.<\/p>\n\t\t\t\t\t\t\t\t<\/div>\n\t\t\t\t<\/div>\n\t\t\t\t\t<\/div>\n\t\t\t\t<\/div>\n\t\t<div class=\"elementor-element elementor-element-8882b68 e-flex e-con-boxed e-con e-parent\" data-id=\"8882b68\" data-element_type=\"container\" data-e-type=\"container\">\n\t\t\t\t\t<div class=\"e-con-inner\">\n\t\t\t\t<div class=\"elementor-element elementor-element-785d50d elementor-widget elementor-widget-heading\" data-id=\"785d50d\" data-element_type=\"widget\" data-e-type=\"widget\" data-widget_type=\"heading.default\">\n\t\t\t\t<div class=\"elementor-widget-container\">\n\t\t\t\t\t<h4 class=\"elementor-heading-title elementor-size-default\">Erreur de livraison<\/h4>\t\t\t\t<\/div>\n\t\t\t\t<\/div>\n\t\t\t\t<div class=\"elementor-element elementor-element-404b2d6 elementor-widget elementor-widget-text-editor\" data-id=\"404b2d6\" data-element_type=\"widget\" data-e-type=\"widget\" data-widget_type=\"text-editor.default\">\n\t\t\t\t<div class=\"elementor-widget-container\">\n\t\t\t\t\t\t\t\t\t<p>Si les produits que vous avez re\u00e7us ne correspondent pas \u00e0 ceux command\u00e9s (mod\u00e8les, couleurs, taille\u2026), nous appliquons notre politique d\u2019\u00e9change. Nous vous invitons \u00e0 contacter <a href=\"https:\/\/dev.triangle-des-bermudes.com\/\/dev.triangle-des-bermudes.com\/\/dev.triangle-des-bermudes.com\/fr\/contactez-nous\/\"><span style=\"text-decoration: underline;\"><strong>notre service client<\/strong><\/span><\/a>.<\/p>\n<p>L\u2019ensemble des frais de port aller\/retour pay\u00e9s par le client seront rembours\u00e9s par <span style=\"text-decoration: underline;\"><strong><a href=\"\/\">triangle-des-bermudes.com<\/a><\/strong><\/span>. Veuillez joindre au colis, le justificatif de vos frais de port. Une fois les marchandises re\u00e7ues, <a href=\"\/\"><span style=\"text-decoration: underline;\"><strong>triangle-des-bermudes.com<\/strong><\/span><\/a> proc\u00e9dera \u00e0 un nouvel envoi.<\/p>\n\t\t\t\t\t\t\t\t<\/div>\n\t\t\t\t<\/div>\n\t\t\t\t\t<\/div>\n\t\t\t\t<\/div>\n\t\t\t\t\t<\/div>\n\t\t\t\t<\/div>\n\t\t\t\t<\/div>\n\t\t","protected":false},"excerpt":{"rendered":"<p>NOTRE CONSEIL Pour choisir la taille et la coupe de votre article, nous vous conseillons de consulter la description du produit. Pour chaque produit, nous d\u00e9taillons les caract\u00e9ristiques compl\u00e8tes pour vous permettre de choisir le mod\u00e8le souhait\u00e9. Nous vous invitons \u00e9galement \u00e0 consulter avec attention le guide des tailles disponible sur chaque fiche produit. Notre [&hellip;]<\/p>\n","protected":false},"author":6,"featured_media":0,"parent":0,"menu_order":0,"comment_status":"closed","ping_status":"closed","template":"","meta":{"_acf_changed":false,"footnotes":""},"class_list":["post-9246","page","type-page","status-publish","hentry"],"acf":[],"yoast_head":"<!-- This site is optimized with the Yoast SEO plugin v26.8 - https:\/\/yoast.com\/product\/yoast-seo-wordpress\/ -->\n<title>\u00c9changes et retours - Triangle des Bermudas<\/title>\n<meta name=\"robots\" content=\"noindex, follow, max-snippet:-1, max-image-preview:large, max-video-preview:-1\" \/>\n<meta property=\"og:locale\" content=\"fr_FR\" \/>\n<meta property=\"og:type\" content=\"article\" \/>\n<meta property=\"og:title\" content=\"\u00c9changes et retours - Triangle des Bermudas\" \/>\n<meta property=\"og:description\" content=\"NOTRE CONSEIL Pour choisir la taille et la coupe de votre article, nous vous conseillons de consulter la description du produit. Pour chaque produit, nous d\u00e9taillons les caract\u00e9ristiques compl\u00e8tes pour vous permettre de choisir le mod\u00e8le souhait\u00e9. Nous vous invitons \u00e9galement \u00e0 consulter avec attention le guide des tailles disponible sur chaque fiche produit. Notre [&hellip;]\" \/>\n<meta property=\"og:url\" content=\"https:\/\/dev.triangle-des-bermudes.com\/fr\/echanges-et-retours\/\" \/>\n<meta property=\"og:site_name\" content=\"Triangle des Bermudas\" \/>\n<meta property=\"article:publisher\" content=\"https:\\\/\\\/dev.triangle-des-bermudes.com\/\/dev.triangle-des-bermudes.com\/\/www.facebook.com\/triangledesbermudasofficial\/\" \/>\n<meta property=\"article:modified_time\" content=\"2023-06-07T15:16:46+00:00\" \/>\n<meta name=\"twitter:card\" content=\"summary_large_image\" \/>\n<script type=\"application\/ld+json\" class=\"yoast-schema-graph\">{\"@context\":\"https:\/\/schema.org\",\"@graph\":[{\"@type\":\"WebPage\",\"@id\":\"https:\/\/dev.triangle-des-bermudes.com\/fr\/echanges-et-retours\/\",\"url\":\"https:\/\/dev.triangle-des-bermudes.com\/fr\/echanges-et-retours\/\",\"name\":\"\u00c9changes et retours - Triangle des Bermudas\",\"isPartOf\":{\"@id\":\"https:\/\/dev.triangle-des-bermudes.com\/fr\/#website\"},\"datePublished\":\"2023-05-15T13:58:11+00:00\",\"dateModified\":\"2023-06-07T15:16:46+00:00\",\"inLanguage\":\"fr-FR\",\"potentialAction\":[{\"@type\":\"ReadAction\",\"target\":[\"https:\/\/dev.triangle-des-bermudes.com\/fr\/echanges-et-retours\/\"]}]},{\"@type\":\"WebSite\",\"@id\":\"https:\/\/dev.triangle-des-bermudes.com\/fr\/#website\",\"url\":\"https:\/\/dev.triangle-des-bermudes.com\/fr\/\",\"name\":\"Triangle des Bermudas\",\"description\":\"Quality clothing &amp; accessories for Men &amp; Women\",\"publisher\":{\"@id\":\"https:\/\/dev.triangle-des-bermudes.com\/fr\/#organization\"},\"potentialAction\":[{\"@type\":\"SearchAction\",\"target\":{\"@type\":\"EntryPoint\",\"urlTemplate\":\"https:\/\/dev.triangle-des-bermudes.com\/fr\/?s={search_term_string}\"},\"query-input\":{\"@type\":\"PropertyValueSpecification\",\"valueRequired\":true,\"valueName\":\"search_term_string\"}}],\"inLanguage\":\"fr-FR\"},{\"@type\":\"Organization\",\"@id\":\"https:\/\/dev.triangle-des-bermudes.com\/fr\/#organization\",\"name\":\"Triangle des Bermudas\",\"url\":\"https:\/\/dev.triangle-des-bermudes.com\/fr\/\",\"logo\":{\"@type\":\"ImageObject\",\"inLanguage\":\"fr-FR\",\"@id\":\"https:\/\/dev.triangle-des-bermudes.com\/fr\/#\/schema\/logo\/image\/\",\"url\":\"https:\/\/dev.triangle-des-bermudes.com\/wp-content\/uploads\/tdblogo01.svg\",\"contentUrl\":\"https:\/\/dev.triangle-des-bermudes.com\/wp-content\/uploads\/tdblogo01.svg\",\"caption\":\"Triangle des Bermudas\"},\"image\":{\"@id\":\"https:\/\/dev.triangle-des-bermudes.com\/fr\/#\/schema\/logo\/image\/\"},\"sameAs\":[\"https:\\\\\/\\\\\/dev.triangle-des-bermudes.com\/\/dev.triangle-des-bermudes.com\/\/www.facebook.com\/triangledesbermudasofficial\/\",\"https:\\\\\/\\\\\/dev.triangle-des-bermudes.com\/\/dev.triangle-des-bermudes.com\/\/www.instagram.com\/triangledesbermudas_\/\"]}]}<\/script>\n<!-- \/ Yoast SEO plugin. -->","yoast_head_json":{"title":"\u00c9changes et retours - Triangle des Bermudas","robots":{"index":"noindex","follow":"follow","max-snippet":"max-snippet:-1","max-image-preview":"max-image-preview:large","max-video-preview":"max-video-preview:-1"},"og_locale":"fr_FR","og_type":"article","og_title":"\u00c9changes et retours - Triangle des Bermudas","og_description":"NOTRE CONSEIL Pour choisir la taille et la coupe de votre article, nous vous conseillons de consulter la description du produit. Pour chaque produit, nous d\u00e9taillons les caract\u00e9ristiques compl\u00e8tes pour vous permettre de choisir le mod\u00e8le souhait\u00e9. Nous vous invitons \u00e9galement \u00e0 consulter avec attention le guide des tailles disponible sur chaque fiche produit. Notre [&hellip;]","og_url":"https:\/\/dev.triangle-des-bermudes.com\/fr\/echanges-et-retours\/","og_site_name":"Triangle des Bermudas","article_publisher":"https:\\\/\\\/dev.triangle-des-bermudes.com\/\/dev.triangle-des-bermudes.com\/\/www.facebook.com\/triangledesbermudasofficial\/","article_modified_time":"2023-06-07T15:16:46+00:00","twitter_card":"summary_large_image","schema":{"@context":"https:\/\/schema.org","@graph":[{"@type":"WebPage","@id":"https:\/\/dev.triangle-des-bermudes.com\/fr\/echanges-et-retours\/","url":"https:\/\/dev.triangle-des-bermudes.com\/fr\/echanges-et-retours\/","name":"\u00c9changes et retours - Triangle des Bermudas","isPartOf":{"@id":"https:\/\/dev.triangle-des-bermudes.com\/fr\/#website"},"datePublished":"2023-05-15T13:58:11+00:00","dateModified":"2023-06-07T15:16:46+00:00","inLanguage":"fr-FR","potentialAction":[{"@type":"ReadAction","target":["https:\/\/dev.triangle-des-bermudes.com\/fr\/echanges-et-retours\/"]}]},{"@type":"WebSite","@id":"https:\/\/dev.triangle-des-bermudes.com\/fr\/#website","url":"https:\/\/dev.triangle-des-bermudes.com\/fr\/","name":"Triangle des Bermudas","description":"Quality clothing &amp; accessories for Men &amp; Women","publisher":{"@id":"https:\/\/dev.triangle-des-bermudes.com\/fr\/#organization"},"potentialAction":[{"@type":"SearchAction","target":{"@type":"EntryPoint","urlTemplate":"https:\/\/dev.triangle-des-bermudes.com\/fr\/?s={search_term_string}"},"query-input":{"@type":"PropertyValueSpecification","valueRequired":true,"valueName":"search_term_string"}}],"inLanguage":"fr-FR"},{"@type":"Organization","@id":"https:\/\/dev.triangle-des-bermudes.com\/fr\/#organization","name":"Triangle des Bermudas","url":"https:\/\/dev.triangle-des-bermudes.com\/fr\/","logo":{"@type":"ImageObject","inLanguage":"fr-FR","@id":"https:\/\/dev.triangle-des-bermudes.com\/fr\/#\/schema\/logo\/image\/","url":"https:\/\/dev.triangle-des-bermudes.com\/wp-content\/uploads\/tdblogo01.svg","contentUrl":"https:\/\/dev.triangle-des-bermudes.com\/wp-content\/uploads\/tdblogo01.svg","caption":"Triangle des Bermudas"},"image":{"@id":"https:\/\/dev.triangle-des-bermudes.com\/fr\/#\/schema\/logo\/image\/"},"sameAs":["https:\\\/\\\/dev.triangle-des-bermudes.com\/\/dev.triangle-des-bermudes.com\/\/www.facebook.com\/triangledesbermudasofficial\/","https:\\\/\\\/dev.triangle-des-bermudes.com\/\/dev.triangle-des-bermudes.com\/\/www.instagram.com\/triangledesbermudas_\/"]}]}},"_links":{"self":[{"href":"https:\/\/dev.triangle-des-bermudes.com\/fr\/wp-json\/wp\/v2\/pages\/9246","targetHints":{"allow":["GET"]}}],"collection":[{"href":"https:\/\/dev.triangle-des-bermudes.com\/fr\/wp-json\/wp\/v2\/pages"}],"about":[{"href":"https:\/\/dev.triangle-des-bermudes.com\/fr\/wp-json\/wp\/v2\/types\/page"}],"author":[{"embeddable":true,"href":"https:\/\/dev.triangle-des-bermudes.com\/fr\/wp-json\/wp\/v2\/users\/6"}],"replies":[{"embeddable":true,"href":"https:\/\/dev.triangle-des-bermudes.com\/fr\/wp-json\/wp\/v2\/comments?post=9246"}],"version-history":[{"count":0,"href":"https:\/\/dev.triangle-des-bermudes.com\/fr\/wp-json\/wp\/v2\/pages\/9246\/revisions"}],"wp:attachment":[{"href":"https:\/\/dev.triangle-des-bermudes.com\/fr\/wp-json\/wp\/v2\/media?parent=9246"}],"curies":[{"name":"wp","href":"https:\/\/api.w.org\/{rel}","templated":true}]}}